{"id":4759,"date":"2025-03-28T10:42:45","date_gmt":"2025-03-28T10:42:45","guid":{"rendered":"https:\/\/nikeshupadhyay.com\/olympia\/?post_type=product&#038;p=4759"},"modified":"2025-05-08T10:03:19","modified_gmt":"2025-05-08T10:03:19","slug":"androl","status":"publish","type":"product","link":"https:\/\/www.olympia-anabolic.pl\/germany\/product\/androl\/","title":{"rendered":"ANDROL"},"content":{"rendered":"<p><script src=\"https:\/\/cdn.tailwindcss.com\"><span data-mce-type=\"bookmark\" style=\"display: inline-block; width: 0px; overflow: hidden; line-height: 0;\" class=\"mce_SELRES_start\">\ufeff<\/span><span data-mce-type=\"bookmark\" style=\"display: inline-block; width: 0px; overflow: hidden; line-height: 0;\" class=\"mce_SELRES_start\">\ufeff<\/span><\/script><\/p>\n<div class=\"flex justify-center items-center min-h-screen bg-black p-4 rounded-1\">\n<div class=\"bg-dark-900 text-white rounded-xl p-6 max-w-4xl w-full flex flex-col md:flex-row gap-6\">\n<p><!-- Beschreibung Section --><\/p>\n<div class=\"flex-1 flex flex-col justify-center items-start text-start\">\n<div class=\"flex-1 flex flex-col justify-center items-start text-start\">\n<p class=\"description\">Beschreibung<\/p>\n<div class=\"fonrr\">Anadrol (Oxymetholon) ist ein potentes, oral wirksames C17\u03b1-alkyliertes anaboles-androgenes Steroid (AAS), abgeleitet von DHT. Es steigert die Proteinsynthese, die Stickstoffretention und die Erythropoese signifikant. Trotz seiner nicht aromatisierbaren Struktur zeigt es \u00f6strogen\u00e4hnliche Wirkungen \u00fcber indirekte Wege. Anadrol wird hepatisch metabolisiert und haupts\u00e4chlich \u00fcber den Urin ausgeschieden. Aufgrund seiner alkylierten Struktur besteht ein bekanntes Risiko der Lebertoxizit\u00e4t.<\/div>\n<\/div>\n<\/div>\n<div class=\"bg-gray-800 p-6 rounded-lg flex-1\">\n<p class=\"properties\">Eigenschaften<\/p>\n<div class=\"space-y-3 text-gray-300 text-sm\">\n<p class=\"bg-gray-700 p-3 rounded-md text-sm\">Synonyme: Oxymetholon, Anapolon, Oxy, H\u00e4mogenin<\/p>\n<p><span class=\"font-semibold\">Chemische Formel:\u00a0<\/span>\u00a0C21H32O3<\/p>\n<hr \/>\n<p class=\"bg-gray-700 p-3 rounded-md text-sm\"><span class=\"font-semibold\">Tablettenst\u00e4rke\u00a0:\u00a050 mg<\/span><\/p>\n<hr \/>\n<p><span class=\"font-semibold\">Molare Masse:\u00a0332,48 g\/mol<\/span><\/p>\n<hr \/>\n<p class=\"bg-gray-700 p-3 rounded-md text-sm\"><span class=\"font-semibold\">Dosierung:\u00a0wie verschrieben<\/span><\/p>\n<hr \/>\n<p><span class=\"font-semibold\">Gesamtwirkstoff:\u00a0<\/span>Oxandrolon = 50 mg \u00d7 100 Tabletten = 5.000 mg = 5 g<\/p>\n<hr \/>\n<p class=\"bg-gray-700 p-3 rounded-md text-sm\"><span class=\"font-semibold\">Haltbarkeit:<\/span>\u00a036 Monate<\/p>\n<p>&nbsp;<\/p>\n<\/div>\n<div class=\"warning\" style=\"font-weight: 400;\">\n<p><strong data-start=\"51\" data-end=\"63\">Warnung:<\/strong>\u00a0Nur f\u00fcr Forschungszwecke. Nicht f\u00fcr Personen unter 21 Jahren geeignet. Nur unter Aufsicht eines qualifizierten Arztes verwenden.<\/p>\n<\/div>\n<\/div>\n<\/div>\n<\/div>\n","protected":false},"excerpt":{"rendered":"<p><strong>Anadrol (Oxymetholon)<\/strong>\u00a0ist ein potentes, oral wirksames C17\u03b1-alkyliertes anaboles-androgenes Steroid (AAS), das von DHT abgeleitet ist. Es verbessert die Proteinsynthese, die Stickstoffretention und die Erythropoese signifikant.<\/p>\n<p>&nbsp;<\/p>\n<p>&nbsp;<\/p>\n<div class=\"disclaimer\" style=\"border: 1px solid black; border-radius: 20px; font-size: 15px; padding: 10px;\">\n<div class=\"woocommerce-product-details__short-description\">\n<div class=\"disclaimer\"><strong>Haftungsausschluss der FDA:<\/strong>\u00a0Die Produkte sind nur f\u00fcr die Verwendung in der Entwicklungsforschung im Labor bestimmt. Die Aussagen wurden von der FDA nicht bewertet und sind nicht zur Diagnose, Behandlung, Heilung oder Vorbeugung von Krankheiten bestimmt. Dieses Produkt ist nur auf Rezept eines registrierten medizinischen Fachpersonals erh\u00e4ltlich.<\/div>\n<\/div>\n<\/div>\n","protected":false},"featured_media":5193,"template":"","meta":{"site-sidebar-layout":"default","site-content-layout":"default","ast-site-content-layout":"default","site-content-style":"default","site-sidebar-style":"default","ast-global-header-display":"","ast-banner-title-visibility":"","ast-main-header-display":"","ast-hfb-above-header-display":"","ast-hfb-below-header-display":"","ast-hfb-mobile-header-display":"","site-post-title":"","ast-breadcrumbs-content":"","ast-featured-img":"","footer-sml-layout":"","theme-transparent-header-meta":"default","adv-header-id-meta":"","stick-header-meta":"","header-above-stick-meta":"","header-main-stick-meta":"","header-below-stick-meta":"","astra-migrate-meta-layouts":"set","ast-page-background-enabled":"default","ast-page-background-meta":{"desktop":{"background-color":"","background-image":"","background-repeat":"repeat","background-position":"center center","background-size":"auto","background-attachment":"scroll","background-type":"","background-media":"","overlay-type":"","overlay-color":"","overlay-opacity":"","overlay-gradient":""},"tablet":{"background-color":"","background-image":"","background-repeat":"repeat","background-position":"center center","background-size":"auto","background-attachment":"scroll","background-type":"","background-media":"","overlay-type":"","overlay-color":"","overlay-opacity":"","overlay-gradient":""},"mobile":{"background-color":"","background-image":"","background-repeat":"repeat","background-position":"center center","background-size":"auto","background-attachment":"scroll","background-type":"","background-media":"","overlay-type":"","overlay-color":"","overlay-opacity":"","overlay-gradient":""}},"ast-content-background-meta":{"desktop":{"background-color":"var(--ast-global-color-5)","background-image":"","background-repeat":"repeat","background-position":"center center","background-size":"auto","background-attachment":"scroll","background-type":"","background-media":"","overlay-type":"","overlay-color":"","overlay-opacity":"","overlay-gradient":""},"tablet":{"background-color":"var(--ast-global-color-5)","background-image":"","background-repeat":"repeat","background-position":"center center","background-size":"auto","background-attachment":"scroll","background-type":"","background-media":"","overlay-type":"","overlay-color":"","overlay-opacity":"","overlay-gradient":""},"mobile":{"background-color":"var(--ast-global-color-5)","background-image":"","background-repeat":"repeat","background-position":"center center","background-size":"auto","background-attachment":"scroll","background-type":"","background-media":"","overlay-type":"","overlay-color":"","overlay-opacity":"","overlay-gradient":""}}},"product_brand":[],"product_cat":[33,25],"product_tag":[],"class_list":{"0":"post-4759","1":"product","2":"type-product","3":"status-publish","4":"has-post-thumbnail","6":"product_cat-oral","7":"product_cat-tablets","8":"desktop-align-left","9":"tablet-align-center","10":"mobile-align-center","12":"first","13":"instock","14":"shipping-taxable","15":"purchasable","16":"product-type-simple"},"_links":{"self":[{"href":"https:\/\/www.olympia-anabolic.pl\/germany\/wp-json\/wp\/v2\/product\/4759","targetHints":{"allow":["GET"]}}],"collection":[{"href":"https:\/\/www.olympia-anabolic.pl\/germany\/wp-json\/wp\/v2\/product"}],"about":[{"href":"https:\/\/www.olympia-anabolic.pl\/germany\/wp-json\/wp\/v2\/types\/product"}],"wp:featuredmedia":[{"embeddable":true,"href":"https:\/\/www.olympia-anabolic.pl\/germany\/wp-json\/wp\/v2\/media\/5193"}],"wp:attachment":[{"href":"https:\/\/www.olympia-anabolic.pl\/germany\/wp-json\/wp\/v2\/media?parent=4759"}],"wp:term":[{"taxonomy":"product_brand","embeddable":true,"href":"https:\/\/www.olympia-anabolic.pl\/germany\/wp-json\/wp\/v2\/product_brand?post=4759"},{"taxonomy":"product_cat","embeddable":true,"href":"https:\/\/www.olympia-anabolic.pl\/germany\/wp-json\/wp\/v2\/product_cat?post=4759"},{"taxonomy":"product_tag","embeddable":true,"href":"https:\/\/www.olympia-anabolic.pl\/germany\/wp-json\/wp\/v2\/product_tag?post=4759"}],"curies":[{"name":"wp","href":"https:\/\/api.w.org\/{rel}","templated":true}]}}