{"id":5001,"date":"2025-04-04T14:13:01","date_gmt":"2025-04-04T14:13:01","guid":{"rendered":"https:\/\/nikeshupadhyay.com\/olympia\/?post_type=product&#038;p=5001"},"modified":"2025-05-08T07:59:47","modified_gmt":"2025-05-08T07:59:47","slug":"s-4","status":"publish","type":"product","link":"https:\/\/www.olympia-anabolic.pl\/germany\/product\/s-4\/","title":{"rendered":"s-4"},"content":{"rendered":"<p><script src=\"https:\/\/cdn.tailwindcss.com\"><span data-mce-type=\"bookmark\" style=\"display: inline-block; width: 0px; overflow: hidden; line-height: 0;\" class=\"mce_SELRES_start\">\ufeff<\/span><\/script><\/p>\n<div class=\"flex justify-center items-center min-h-screen bg-black p-4 rounded-1\">\n<div class=\"bg-dark-900 text-white rounded-xl p-6 max-w-4xl w-full flex flex-col md:flex-row gap-6\">\n<p><!-- Beschreibung Section --><\/p>\n<div class=\"flex-1 flex flex-col justify-center items-start text-start\">\n<div class=\"flex-1 flex flex-col justify-center items-start text-start\">\n<p class=\"description\">Beschreibung<\/p>\n<p class=\"text-gray-300 text-sm leading-relaxed\">S4 (Andarine) ist ein nichtsteroidaler selektiver Androgenrezeptor-Modulator (SARM) mit starker Affinit\u00e4t und Spezifit\u00e4t f\u00fcr Androgenrezeptoren (ARs). Es f\u00f6rdert die gewebeselektive anabole Aktivit\u00e4t, insbesondere in Muskeln und Knochen, und begrenzt gleichzeitig androgene Effekte in Nicht-Zielgeweben. Der Leberstoffwechsel erfolgt haupts\u00e4chlich \u00fcber oxidative und Glucuronidierungswege, die Ausscheidung erfolgt \u00fcber Nieren und Galle.<\/p>\n<\/div>\n<\/div>\n<p><!-- Eigenschaften Section --><\/p>\n<div class=\"bg-gray-800 p-6 rounded-lg flex-1\">\n<p class=\"properties\">Eigenschaften<\/p>\n<div class=\"space-y-3 text-gray-300 text-sm\">\n<p><span class=\"font-semibold\">Chemische\u00a0<\/span>Formel: C19H18F3N3O6<\/p>\n<hr \/>\n<p class=\"bg-gray-700 p-3 rounded-md text-sm\">Synonyme: (2S)-3-(4-Acetylphenoxy)-2-hydroxy-2-methyl-N-(4-nitro-3 trifluoromethylphenyl)propanamid, S4, Andarin<\/p>\n<hr \/>\n<p>Molare Masse: ~441,36 g\/mol<\/p>\n<hr \/>\n<p class=\"bg-gray-700 p-3 rounded-md text-sm\">Gesamtwirkstoff: Andarine = 10 mg \u00d7 60 Tabletten = 600 mg<\/p>\n<hr \/>\n<p>Dosierung: wie verschrieben<\/p>\n<hr \/>\n<p class=\"bg-gray-700 p-3 rounded-md text-sm\">Tablettenst\u00e4rke: 10 mg<\/p>\n<hr \/>\n<p><span class=\"font-semibold\">Haltbarkeit:<\/span>\u00a036 Monate<\/p>\n<p>&nbsp;<\/p>\n<\/div>\n<div class=\"warning\">\n<p><strong data-start=\"51\" data-end=\"63\">Warnung:<\/strong>\u00a0Nur f\u00fcr Forschungszwecke. Nicht f\u00fcr Personen unter 21 Jahren geeignet. Nur unter Aufsicht eines qualifizierten Arztes verwenden.<\/p>\n<\/div>\n<\/div>\n<\/div>\n<\/div>\n","protected":false},"excerpt":{"rendered":"<p><strong>S4 (Andarine)<\/strong>\u00a0ist ein nichtsteroidaler selektiver Androgenrezeptor-Modulator (SARM) mit starker Affinit\u00e4t und Spezifit\u00e4t f\u00fcr Androgenrezeptoren (ARs).<\/p>\n<p>&nbsp;<\/p>\n<p>&nbsp;<\/p>\n<div class=\"disclaimer\" style=\"border: 1px solid black; border-radius: 20px; font-size: 15px; padding: 10px;\">\n<div class=\"woocommerce-product-details__short-description\">\n<div class=\"disclaimer\"><strong>Haftungsausschluss der FDA:<\/strong>\u00a0Die Produkte sind nur f\u00fcr die Verwendung in der Entwicklungsforschung im Labor bestimmt. Die Aussagen wurden von der FDA nicht bewertet und sind nicht zur Diagnose, Behandlung, Heilung oder Vorbeugung von Krankheiten bestimmt. Dieses Produkt ist nur auf Rezept eines registrierten medizinischen Fachpersonals erh\u00e4ltlich.<\/div>\n<\/div>\n<\/div>\n","protected":false},"featured_media":5197,"template":"","meta":{"site-sidebar-layout":"default","site-content-layout":"default","ast-site-content-layout":"default","site-content-style":"default","site-sidebar-style":"default","ast-global-header-display":"","ast-banner-title-visibility":"","ast-main-header-display":"","ast-hfb-above-header-display":"","ast-hfb-below-header-display":"","ast-hfb-mobile-header-display":"","site-post-title":"","ast-breadcrumbs-content":"","ast-featured-img":"","footer-sml-layout":"","theme-transparent-header-meta":"default","adv-header-id-meta":"","stick-header-meta":"","header-above-stick-meta":"","header-main-stick-meta":"","header-below-stick-meta":"","astra-migrate-meta-layouts":"set","ast-page-background-enabled":"default","ast-page-background-meta":{"desktop":{"background-color":"","background-image":"","background-repeat":"repeat","background-position":"center center","background-size":"auto","background-attachment":"scroll","background-type":"","background-media":"","overlay-type":"","overlay-color":"","overlay-opacity":"","overlay-gradient":""},"tablet":{"background-color":"","background-image":"","background-repeat":"repeat","background-position":"center center","background-size":"auto","background-attachment":"scroll","background-type":"","background-media":"","overlay-type":"","overlay-color":"","overlay-opacity":"","overlay-gradient":""},"mobile":{"background-color":"","background-image":"","background-repeat":"repeat","background-position":"center center","background-size":"auto","background-attachment":"scroll","background-type":"","background-media":"","overlay-type":"","overlay-color":"","overlay-opacity":"","overlay-gradient":""}},"ast-content-background-meta":{"desktop":{"background-color":"var(--ast-global-color-5)","background-image":"","background-repeat":"repeat","background-position":"center center","background-size":"auto","background-attachment":"scroll","background-type":"","background-media":"","overlay-type":"","overlay-color":"","overlay-opacity":"","overlay-gradient":""},"tablet":{"background-color":"var(--ast-global-color-5)","background-image":"","background-repeat":"repeat","background-position":"center center","background-size":"auto","background-attachment":"scroll","background-type":"","background-media":"","overlay-type":"","overlay-color":"","overlay-opacity":"","overlay-gradient":""},"mobile":{"background-color":"var(--ast-global-color-5)","background-image":"","background-repeat":"repeat","background-position":"center center","background-size":"auto","background-attachment":"scroll","background-type":"","background-media":"","overlay-type":"","overlay-color":"","overlay-opacity":"","overlay-gradient":""}}},"product_brand":[],"product_cat":[28],"product_tag":[],"class_list":{"0":"post-5001","1":"product","2":"type-product","3":"status-publish","4":"has-post-thumbnail","6":"product_cat-sarms","7":"desktop-align-left","8":"tablet-align-center","9":"mobile-align-center","11":"first","12":"instock","13":"shipping-taxable","14":"purchasable","15":"product-type-simple"},"_links":{"self":[{"href":"https:\/\/www.olympia-anabolic.pl\/germany\/wp-json\/wp\/v2\/product\/5001","targetHints":{"allow":["GET"]}}],"collection":[{"href":"https:\/\/www.olympia-anabolic.pl\/germany\/wp-json\/wp\/v2\/product"}],"about":[{"href":"https:\/\/www.olympia-anabolic.pl\/germany\/wp-json\/wp\/v2\/types\/product"}],"wp:featuredmedia":[{"embeddable":true,"href":"https:\/\/www.olympia-anabolic.pl\/germany\/wp-json\/wp\/v2\/media\/5197"}],"wp:attachment":[{"href":"https:\/\/www.olympia-anabolic.pl\/germany\/wp-json\/wp\/v2\/media?parent=5001"}],"wp:term":[{"taxonomy":"product_brand","embeddable":true,"href":"https:\/\/www.olympia-anabolic.pl\/germany\/wp-json\/wp\/v2\/product_brand?post=5001"},{"taxonomy":"product_cat","embeddable":true,"href":"https:\/\/www.olympia-anabolic.pl\/germany\/wp-json\/wp\/v2\/product_cat?post=5001"},{"taxonomy":"product_tag","embeddable":true,"href":"https:\/\/www.olympia-anabolic.pl\/germany\/wp-json\/wp\/v2\/product_tag?post=5001"}],"curies":[{"name":"wp","href":"https:\/\/api.w.org\/{rel}","templated":true}]}}