{"id":5240,"date":"2025-04-15T09:49:52","date_gmt":"2025-04-15T09:49:52","guid":{"rendered":"https:\/\/nikeshupadhyay.com\/olympia\/?post_type=product&#038;p=5240"},"modified":"2025-05-08T10:11:27","modified_gmt":"2025-05-08T10:11:27","slug":"igf-1lr3","status":"publish","type":"product","link":"https:\/\/www.olympia-anabolic.pl\/germany\/product\/igf-1lr3\/","title":{"rendered":"IGF-1LR3"},"content":{"rendered":"<p><script src=\"https:\/\/cdn.tailwindcss.com\"><span data-mce-type=\"bookmark\" style=\"display: inline-block; width: 0px; overflow: hidden; line-height: 0;\" class=\"mce_SELRES_start\">\ufeff<\/span><\/script><\/p>\n<div class=\"flex justify-center items-center min-h-screen bg-black p-4 rounded-1\">\n<div class=\"bg-dark-900 text-white rounded-xl p-6 max-w-4xl w-full flex flex-col md:flex-row gap-6\">\n<p><!-- Beschreibung Section --><\/p>\n<div class=\"flex-1 flex flex-col justify-center items-start text-start\">\n<div class=\"flex-1 flex flex-col justify-center items-start text-start\">\n<p class=\"description\">Beschreibung<\/p>\n<div class=\"fonrr\">\n<p>IGF-1 LR3 ist ein rekombinantes, langwirksames Analogon von IGF-1 mit erh\u00f6hter metabolischer Stabilit\u00e4t und Rezeptoraffinit\u00e4t. Es spielt eine entscheidende Rolle bei der Zellproliferation, -differenzierung und dem Muskelgewebeaufbau und eignet sich daher ideal f\u00fcr Studien zur Leistungsphysiologie und regenerativen Biologie.<\/p>\n<\/div>\n<\/div>\n<\/div>\n<div class=\"bg-gray-800 p-6 rounded-lg flex-1\">\n<div class=\"space-y-3 text-gray-300 text-sm\">\n<p class=\"properties\">Eigenschaften<\/p>\n<p><span class=\"font-semibold\">Synonyme\u00a0:\u00a0<\/span>Langes R3 IGF-1, rekombinantes IGF-Analogon<\/p>\n<hr \/>\n<p class=\"bg-gray-700 p-3 rounded-md text-sm\"><span class=\"font-semibold\">Pr\u00e4sentation\u00a0:\u00a0<\/span>\u00a05 gefriergetrocknete Fl\u00e4schchen + 10 ml bakteriostatisches Wasser<\/p>\n<hr \/>\n<p><span class=\"font-semibold\">Empfohlene Dosis\u00a0:\u00a0Gem\u00e4\u00df experimentellen Bedingungen<\/span><\/p>\n<hr \/>\n<p class=\"bg-gray-700 p-3 rounded-md text-sm\"><span class=\"font-semibold\">Gesamtmenge der Wirkstoffe\u00a0:\u00a0<\/span>1 mg pro Durchstechflasche<\/p>\n<hr \/>\n<p><span class=\"font-semibold\">Haltbarkeit:<\/span>\u00a024 Monate<\/p>\n<p>&nbsp;<\/p>\n<\/div>\n<div class=\"warning\" style=\"font-weight: 400;\">\n<p><strong>Warnung:<\/strong> Nur f\u00fcr Forschungszwecke. Nicht f\u00fcr Personen unter 21 Jahren geeignet. Nur unter Aufsicht eines qualifizierten Arztes verwenden.<\/p>\n<\/div>\n<\/div>\n<\/div>\n<\/div>\n","protected":false},"excerpt":{"rendered":"<p><strong><span>IGF-1 LR3<\/span><\/strong><span>\u00a0ist ein rekombinantes, lang wirkendes Analogon von IGF-1 mit erh\u00f6hter metabolischer Stabilit\u00e4t und Rezeptoraffinit\u00e4t.<\/span><\/p>\n<p>&nbsp;<\/p>\n<p>&nbsp;<\/p>\n<div class=\"disclaimer\" style=\"border: 1px solid black; border-radius: 20px; font-size: 15px; padding: 10px;\">\n<div class=\"woocommerce-product-details__short-description\">\n<div class=\"disclaimer\"><strong><span>Haftungsausschluss der FDA:<\/span><\/strong><span>\u00a0Die Produkte sind nur f\u00fcr die Verwendung in der Entwicklungsforschung im Labor bestimmt. Die Aussagen wurden von der FDA nicht bewertet und sind nicht zur Diagnose, Behandlung, Heilung oder Vorbeugung von Krankheiten bestimmt. Dieses Produkt ist nur auf Rezept eines registrierten medizinischen Fachpersonals erh\u00e4ltlich.<\/span><\/div>\n<\/div>\n<\/div>\n","protected":false},"featured_media":5242,"template":"","meta":{"site-sidebar-layout":"default","site-content-layout":"default","ast-site-content-layout":"default","site-content-style":"default","site-sidebar-style":"default","ast-global-header-display":"","ast-banner-title-visibility":"","ast-main-header-display":"","ast-hfb-above-header-display":"","ast-hfb-below-header-display":"","ast-hfb-mobile-header-display":"","site-post-title":"","ast-breadcrumbs-content":"","ast-featured-img":"","footer-sml-layout":"","theme-transparent-header-meta":"default","adv-header-id-meta":"","stick-header-meta":"","header-above-stick-meta":"","header-main-stick-meta":"","header-below-stick-meta":"","astra-migrate-meta-layouts":"set","ast-page-background-enabled":"default","ast-page-background-meta":{"desktop":{"background-color":"","background-image":"","background-repeat":"repeat","background-position":"center center","background-size":"auto","background-attachment":"scroll","background-type":"","background-media":"","overlay-type":"","overlay-color":"","overlay-opacity":"","overlay-gradient":""},"tablet":{"background-color":"","background-image":"","background-repeat":"repeat","background-position":"center center","background-size":"auto","background-attachment":"scroll","background-type":"","background-media":"","overlay-type":"","overlay-color":"","overlay-opacity":"","overlay-gradient":""},"mobile":{"background-color":"","background-image":"","background-repeat":"repeat","background-position":"center center","background-size":"auto","background-attachment":"scroll","background-type":"","background-media":"","overlay-type":"","overlay-color":"","overlay-opacity":"","overlay-gradient":""}},"ast-content-background-meta":{"desktop":{"background-color":"var(--ast-global-color-5)","background-image":"","background-repeat":"repeat","background-position":"center center","background-size":"auto","background-attachment":"scroll","background-type":"","background-media":"","overlay-type":"","overlay-color":"","overlay-opacity":"","overlay-gradient":""},"tablet":{"background-color":"var(--ast-global-color-5)","background-image":"","background-repeat":"repeat","background-position":"center center","background-size":"auto","background-attachment":"scroll","background-type":"","background-media":"","overlay-type":"","overlay-color":"","overlay-opacity":"","overlay-gradient":""},"mobile":{"background-color":"var(--ast-global-color-5)","background-image":"","background-repeat":"repeat","background-position":"center center","background-size":"auto","background-attachment":"scroll","background-type":"","background-media":"","overlay-type":"","overlay-color":"","overlay-opacity":"","overlay-gradient":""}}},"product_brand":[],"product_cat":[30],"product_tag":[],"class_list":{"0":"post-5240","1":"product","2":"type-product","3":"status-publish","4":"has-post-thumbnail","6":"product_cat-peptides","7":"desktop-align-left","8":"tablet-align-center","9":"mobile-align-center","11":"first","12":"instock","13":"shipping-taxable","14":"purchasable","15":"product-type-simple"},"_links":{"self":[{"href":"https:\/\/www.olympia-anabolic.pl\/germany\/wp-json\/wp\/v2\/product\/5240","targetHints":{"allow":["GET"]}}],"collection":[{"href":"https:\/\/www.olympia-anabolic.pl\/germany\/wp-json\/wp\/v2\/product"}],"about":[{"href":"https:\/\/www.olympia-anabolic.pl\/germany\/wp-json\/wp\/v2\/types\/product"}],"wp:featuredmedia":[{"embeddable":true,"href":"https:\/\/www.olympia-anabolic.pl\/germany\/wp-json\/wp\/v2\/media\/5242"}],"wp:attachment":[{"href":"https:\/\/www.olympia-anabolic.pl\/germany\/wp-json\/wp\/v2\/media?parent=5240"}],"wp:term":[{"taxonomy":"product_brand","embeddable":true,"href":"https:\/\/www.olympia-anabolic.pl\/germany\/wp-json\/wp\/v2\/product_brand?post=5240"},{"taxonomy":"product_cat","embeddable":true,"href":"https:\/\/www.olympia-anabolic.pl\/germany\/wp-json\/wp\/v2\/product_cat?post=5240"},{"taxonomy":"product_tag","embeddable":true,"href":"https:\/\/www.olympia-anabolic.pl\/germany\/wp-json\/wp\/v2\/product_tag?post=5240"}],"curies":[{"name":"wp","href":"https:\/\/api.w.org\/{rel}","templated":true}]}}