{"id":5380,"date":"2025-04-15T11:53:47","date_gmt":"2025-04-15T11:53:47","guid":{"rendered":"https:\/\/nikeshupadhyay.com\/olympia\/?post_type=product&#038;p=5380"},"modified":"2025-05-08T10:11:12","modified_gmt":"2025-05-08T10:11:12","slug":"hard-up","status":"publish","type":"product","link":"https:\/\/www.olympia-anabolic.pl\/germany\/product\/hard-up\/","title":{"rendered":"HARD UP"},"content":{"rendered":"<p><script src=\"https:\/\/cdn.tailwindcss.com\"><span data-mce-type=\"bookmark\" style=\"display: inline-block; width: 0px; overflow: hidden; line-height: 0;\" class=\"mce_SELRES_start\">\ufeff<\/span><\/script><\/p>\n<div class=\"flex justify-center items-center min-h-screen bg-black p-4 rounded-1\">\n<div class=\"bg-dark-900 text-white rounded-xl p-6 max-w-4xl w-full flex flex-col md:flex-row gap-6\">\n<p><!-- Beschreibung Section --><\/p>\n<div class=\"flex-1 flex flex-col justify-center items-start text-start\">\n<p class=\"description\">Beschreibung<\/p>\n<div class=\"fonrr\">\n<p>Hard-Up von Olympia Anabolic ist ein kraftvoller, nat\u00fcrlicher Energie- und Libido-Booster f\u00fcr jeden Tag, speziell f\u00fcr M\u00e4nner, die mehr Vitalit\u00e4t, Ausdauer und ein ausgeglichenes Hormongleichgewicht anstreben. Diese einzigartige Formel kombiniert 15 wirksame Kr\u00e4uterextrakte und Aminos\u00e4uren, die f\u00fcr ihre synergistische Wirkung auf m\u00e4nnliche Leistungsf\u00e4higkeit, Libido, Energie und Wohlbefinden bekannt sind.<\/p>\n<p>Dieses Nahrungserg\u00e4nzungsmittel wurde unter strengen Herstellungsrichtlinien entwickelt und von Olympia Pharmacy USA erforscht. Es unterst\u00fctzt nicht nur die k\u00f6rperliche Leistungsf\u00e4higkeit, sondern auch die geistige Konzentration und emotionale Stabilit\u00e4t.<\/p>\n<p>&nbsp;<\/p>\n<p>Hauptvorteile:<\/p>\n<ul>\n<li>.Extremer Libidoschub<\/li>\n<li>.Stress &amp; Hormonhaushalt<\/li>\n<li>H\u00e4rter, l\u00e4nger, st\u00e4rker<\/li>\n<li>Nat\u00fcrliche und sichere Formel<\/li>\n<\/ul>\n<\/div>\n<\/div>\n<div class=\"bg-gray-800 p-6 rounded-lg flex-1\">\n<p class=\"properties\">Eigenschaften<\/p>\n<div class=\"space-y-3 text-gray-300 text-sm\">\n<p><span class=\"font-semibold\">Synonyme\u00a0:\u00a0<\/span>Hard-Up Libido Stack, M\u00e4nnlicher Vitalit\u00e4tskomplex<\/p>\n<hr \/>\n<p class=\"bg-gray-700 p-3 rounded-md text-sm\"><span class=\"font-semibold\">Kapselanzahl\u00a0:\u00a060 Kapseln pro Flasche<\/span><\/p>\n<hr \/>\n<p><span class=\"font-semibold\">Empfohlene Dosis\u00a0:\u00a02 Kapseln t\u00e4glich<\/span><\/p>\n<hr \/>\n<p class=\"bg-gray-700 p-3 rounded-md text-sm\"><span class=\"font-semibold\">Form\u00a0:\u00a0\u00a0Nat\u00fcrliche Kr\u00e4uterkapsel<\/span><\/p>\n<hr \/>\n<p><span class=\"font-semibold\">Gesamtmenge der Wirkstoffe\u00a0:\u00a01000 mg pro Portion (2 Kapseln)<\/span><\/p>\n<hr \/>\n<p class=\"bg-gray-700 p-3 rounded-md text-sm\"><span class=\"font-semibold\">Haltbarkeit:<\/span>\u00a036 Monate<\/p>\n<p>&nbsp;<\/p>\n<\/div>\n<div class=\"warning\">\n<p><strong data-start=\"51\" data-end=\"63\">Warnung:<\/strong>\u00a0Nur f\u00fcr Forschungszwecke. Nicht f\u00fcr Personen unter 21 Jahren geeignet. Nur unter Aufsicht eines qualifizierten Arztes verwenden.<\/p>\n<\/div>\n<\/div>\n<\/div>\n<\/div>\n","protected":false},"excerpt":{"rendered":"<p><strong>Hard-Up<\/strong>\u00a0von Olympia Anabolic ist ein kraftvoller nat\u00fcrlicher Energie- und Libido-Booster f\u00fcr die t\u00e4gliche Anwendung, der speziell f\u00fcr M\u00e4nner entwickelt wurde, die mehr Vitalit\u00e4t, Ausdauer und ein allgemeines hormonelles Gleichgewicht anstreben.<\/p>\n<p>&nbsp;<\/p>\n<p>&nbsp;<\/p>\n<div class=\"disclaimer\" style=\"border: 1px solid black; border-radius: 20px; font-size: 15px; padding: 10px;\">\n<div class=\"woocommerce-product-details__short-description\">\n<div class=\"disclaimer\"><strong>Haftungsausschluss der FDA:<\/strong>\u00a0Die Produkte sind nur f\u00fcr die Verwendung in der Entwicklungsforschung im Labor bestimmt. Die Aussagen wurden von der FDA nicht bewertet und sind nicht zur Diagnose, Behandlung, Heilung oder Vorbeugung von Krankheiten bestimmt. Dieses Produkt ist nur auf Rezept eines registrierten medizinischen Fachpersonals erh\u00e4ltlich.<\/div>\n<\/div>\n<\/div>\n","protected":false},"featured_media":5378,"template":"","meta":{"site-sidebar-layout":"default","site-content-layout":"default","ast-site-content-layout":"default","site-content-style":"default","site-sidebar-style":"default","ast-global-header-display":"","ast-banner-title-visibility":"","ast-main-header-display":"","ast-hfb-above-header-display":"","ast-hfb-below-header-display":"","ast-hfb-mobile-header-display":"","site-post-title":"","ast-breadcrumbs-content":"","ast-featured-img":"","footer-sml-layout":"","theme-transparent-header-meta":"default","adv-header-id-meta":"","stick-header-meta":"","header-above-stick-meta":"","header-main-stick-meta":"","header-below-stick-meta":"","astra-migrate-meta-layouts":"set","ast-page-background-enabled":"default","ast-page-background-meta":{"desktop":{"background-color":"","background-image":"","background-repeat":"repeat","background-position":"center center","background-size":"auto","background-attachment":"scroll","background-type":"","background-media":"","overlay-type":"","overlay-color":"","overlay-opacity":"","overlay-gradient":""},"tablet":{"background-color":"","background-image":"","background-repeat":"repeat","background-position":"center center","background-size":"auto","background-attachment":"scroll","background-type":"","background-media":"","overlay-type":"","overlay-color":"","overlay-opacity":"","overlay-gradient":""},"mobile":{"background-color":"","background-image":"","background-repeat":"repeat","background-position":"center center","background-size":"auto","background-attachment":"scroll","background-type":"","background-media":"","overlay-type":"","overlay-color":"","overlay-opacity":"","overlay-gradient":""}},"ast-content-background-meta":{"desktop":{"background-color":"var(--ast-global-color-5)","background-image":"","background-repeat":"repeat","background-position":"center center","background-size":"auto","background-attachment":"scroll","background-type":"","background-media":"","overlay-type":"","overlay-color":"","overlay-opacity":"","overlay-gradient":""},"tablet":{"background-color":"var(--ast-global-color-5)","background-image":"","background-repeat":"repeat","background-position":"center center","background-size":"auto","background-attachment":"scroll","background-type":"","background-media":"","overlay-type":"","overlay-color":"","overlay-opacity":"","overlay-gradient":""},"mobile":{"background-color":"var(--ast-global-color-5)","background-image":"","background-repeat":"repeat","background-position":"center center","background-size":"auto","background-attachment":"scroll","background-type":"","background-media":"","overlay-type":"","overlay-color":"","overlay-opacity":"","overlay-gradient":""}}},"product_brand":[],"product_cat":[36,34],"product_tag":[],"class_list":{"0":"post-5380","1":"product","2":"type-product","3":"status-publish","4":"has-post-thumbnail","6":"product_cat-natural","7":"product_cat-sexual-wellness","8":"desktop-align-left","9":"tablet-align-center","10":"mobile-align-center","12":"first","13":"instock","14":"shipping-taxable","15":"purchasable","16":"product-type-simple"},"_links":{"self":[{"href":"https:\/\/www.olympia-anabolic.pl\/germany\/wp-json\/wp\/v2\/product\/5380","targetHints":{"allow":["GET"]}}],"collection":[{"href":"https:\/\/www.olympia-anabolic.pl\/germany\/wp-json\/wp\/v2\/product"}],"about":[{"href":"https:\/\/www.olympia-anabolic.pl\/germany\/wp-json\/wp\/v2\/types\/product"}],"wp:featuredmedia":[{"embeddable":true,"href":"https:\/\/www.olympia-anabolic.pl\/germany\/wp-json\/wp\/v2\/media\/5378"}],"wp:attachment":[{"href":"https:\/\/www.olympia-anabolic.pl\/germany\/wp-json\/wp\/v2\/media?parent=5380"}],"wp:term":[{"taxonomy":"product_brand","embeddable":true,"href":"https:\/\/www.olympia-anabolic.pl\/germany\/wp-json\/wp\/v2\/product_brand?post=5380"},{"taxonomy":"product_cat","embeddable":true,"href":"https:\/\/www.olympia-anabolic.pl\/germany\/wp-json\/wp\/v2\/product_cat?post=5380"},{"taxonomy":"product_tag","embeddable":true,"href":"https:\/\/www.olympia-anabolic.pl\/germany\/wp-json\/wp\/v2\/product_tag?post=5380"}],"curies":[{"name":"wp","href":"https:\/\/api.w.org\/{rel}","templated":true}]}}