{"id":5742,"date":"2025-04-17T13:12:17","date_gmt":"2025-04-17T13:12:17","guid":{"rendered":"https:\/\/nikeshupadhyay.com\/olympia\/?post_type=product&#038;p=5742"},"modified":"2025-05-13T06:39:09","modified_gmt":"2025-05-13T06:39:09","slug":"boldenone","status":"publish","type":"product","link":"https:\/\/www.olympia-anabolic.pl\/germany\/product\/boldenone\/","title":{"rendered":"BOLDE &#8211; 300"},"content":{"rendered":"<p><script src=\"https:\/\/cdn.tailwindcss.com\"><span data-mce-type=\"bookmark\" style=\"display: inline-block; width: 0px; overflow: hidden; line-height: 0;\" class=\"mce_SELRES_start\">\ufeff<\/span><span data-mce-type=\"bookmark\" style=\"display: inline-block; width: 0px; overflow: hidden; line-height: 0;\" class=\"mce_SELRES_start\">\ufeff<\/span><\/script><\/p>\n<div class=\"flex justify-center items-center min-h-screen bg-black p-4 rounded-1\">\n<div class=\"bg-dark-900 text-white rounded-xl p-6 max-w-4xl w-full flex flex-col md:flex-row gap-6\">\n<p><!-- Beschreibung Section --><\/p>\n<div class=\"flex-1 flex flex-col justify-center items-start text-start\">\n<p class=\"description\">Beschreibung<\/p>\n<p class=\"text-gray-300 text-sm leading-relaxed\">Boldenone allgemein bekannt als Equipoise, ist ein langwirksames, injizierbares anaboles Steroid, das bekannt daf\u00fcr ist, Muskelwachstum, Kraft und Ausdauer zu f\u00f6rdern. Es steigert die Produktion roter Blutk\u00f6rperchen und verbessert die Sauerstoffzufuhr sowie die Regeneration. Dank seines langsam freisetzenden Undecylenatesters sorgt es f\u00fcr stetige Zuw\u00e4chse bei minimaler Wassereinlagerung. Es eignet sich sowohl f\u00fcr Masseaufbau- als auch f\u00fcr Definitionszyklen und wird oft mit anderen Steroiden kombiniert, um bessere Ergebnisse zu erzielen.<\/p>\n<\/div>\n<p><!-- Eigenschaften Section --><\/p>\n<div class=\"bg-gray-800 p-6 rounded-lg flex-1\">\n<p class=\"properties\">Eigenschaften<\/p>\n<div class=\"space-y-3 text-gray-300 text-sm\">\n<p><span class=\"font-semibold\">Chemische Formel:<\/span>\u00a0C20H16ClN5O2<\/p>\n<hr \/>\n<p class=\"bg-gray-700 p-3 rounded-md text-sm\"><span class=\"font-semibold\">Synonyme:<\/span>\u00a0Clomiphen, Clomifen, trans-Clomiphen, Enclomifen, trans-Clomifen, Transclomifenum<\/p>\n<hr \/>\n<p><span class=\"font-semibold\">Molare Masse:<\/span>\u00a0393,8 g\/mol<\/p>\n<hr \/>\n<p class=\"bg-gray-700 p-3 rounded-md text-sm\"><span class=\"font-semibold\">CAS-Nummer:<\/span>\u00a01182367-47-0<\/p>\n<hr \/>\n<p><span class=\"font-semibold\">Gesamtwirkstoff:<\/span>\u00a0600 mg (10 mg pro Kapsel)<\/p>\n<hr \/>\n<p class=\"bg-gray-700 p-3 rounded-md text-sm\"><span class=\"font-semibold\">Haltbarkeit:<\/span>\u00a036 Monate<\/p>\n<p>&nbsp;<\/p>\n<\/div>\n<div class=\"warning\" style=\"font-weight: 400;\">\n<p><strong data-start=\"51\" data-end=\"63\">Warnung:<\/strong>\u00a0Nur f\u00fcr Forschungszwecke. Nicht f\u00fcr Personen unter 21 Jahren geeignet. Nur unter Aufsicht eines qualifizierten Arztes verwenden.<\/p>\n<\/div>\n<\/div>\n<\/div>\n<\/div>\n","protected":false},"excerpt":{"rendered":"<p><strong>Boldenone<\/strong> allgemein bekannt als Equipoise, ist ein lang wirkendes injizierbares anaboles Steroid, das daf\u00fcr bekannt ist, das Wachstum von Muskelmasse sowie die Steigerung von Kraft und Ausdauer zu f\u00f6rdern.<\/p>\n<p>&nbsp;<\/p>\n<p>&nbsp;<\/p>\n<div class=\"disclaimer\" style=\"border: 1px solid black; border-radius: 20px; font-size: 15px; padding: 10px;\">\n<div class=\"woocommerce-product-details__short-description\">\n<div class=\"disclaimer\"><strong>Haftungsausschluss der FDA:<\/strong>\u00a0Die Produkte sind nur f\u00fcr die Verwendung in der Entwicklungsforschung im Labor bestimmt. Die Aussagen wurden von der FDA nicht bewertet und sind nicht zur Diagnose, Behandlung, Heilung oder Vorbeugung von Krankheiten bestimmt. Dieses Produkt ist nur auf Rezept eines registrierten medizinischen Fachpersonals erh\u00e4ltlich.<\/div>\n<\/div>\n<\/div>\n","protected":false},"featured_media":5743,"template":"","meta":{"site-sidebar-layout":"default","site-content-layout":"default","ast-site-content-layout":"default","site-content-style":"default","site-sidebar-style":"default","ast-global-header-display":"","ast-banner-title-visibility":"","ast-main-header-display":"","ast-hfb-above-header-display":"","ast-hfb-below-header-display":"","ast-hfb-mobile-header-display":"","site-post-title":"","ast-breadcrumbs-content":"","ast-featured-img":"","footer-sml-layout":"","theme-transparent-header-meta":"default","adv-header-id-meta":"","stick-header-meta":"","header-above-stick-meta":"","header-main-stick-meta":"","header-below-stick-meta":"","astra-migrate-meta-layouts":"set","ast-page-background-enabled":"default","ast-page-background-meta":{"desktop":{"background-color":"","background-image":"","background-repeat":"repeat","background-position":"center center","background-size":"auto","background-attachment":"scroll","background-type":"","background-media":"","overlay-type":"","overlay-color":"","overlay-opacity":"","overlay-gradient":""},"tablet":{"background-color":"","background-image":"","background-repeat":"repeat","background-position":"center center","background-size":"auto","background-attachment":"scroll","background-type":"","background-media":"","overlay-type":"","overlay-color":"","overlay-opacity":"","overlay-gradient":""},"mobile":{"background-color":"","background-image":"","background-repeat":"repeat","background-position":"center center","background-size":"auto","background-attachment":"scroll","background-type":"","background-media":"","overlay-type":"","overlay-color":"","overlay-opacity":"","overlay-gradient":""}},"ast-content-background-meta":{"desktop":{"background-color":"var(--ast-global-color-5)","background-image":"","background-repeat":"repeat","background-position":"center center","background-size":"auto","background-attachment":"scroll","background-type":"","background-media":"","overlay-type":"","overlay-color":"","overlay-opacity":"","overlay-gradient":""},"tablet":{"background-color":"var(--ast-global-color-5)","background-image":"","background-repeat":"repeat","background-position":"center center","background-size":"auto","background-attachment":"scroll","background-type":"","background-media":"","overlay-type":"","overlay-color":"","overlay-opacity":"","overlay-gradient":""},"mobile":{"background-color":"var(--ast-global-color-5)","background-image":"","background-repeat":"repeat","background-position":"center center","background-size":"auto","background-attachment":"scroll","background-type":"","background-media":"","overlay-type":"","overlay-color":"","overlay-opacity":"","overlay-gradient":""}}},"product_brand":[],"product_cat":[24,41],"product_tag":[],"class_list":{"0":"post-5742","1":"product","2":"type-product","3":"status-publish","4":"has-post-thumbnail","6":"product_cat-injectable","7":"product_cat-miglyol-base-aqua-base","8":"desktop-align-left","9":"tablet-align-center","10":"mobile-align-center","12":"first","13":"instock","14":"shipping-taxable","15":"purchasable","16":"product-type-simple"},"_links":{"self":[{"href":"https:\/\/www.olympia-anabolic.pl\/germany\/wp-json\/wp\/v2\/product\/5742","targetHints":{"allow":["GET"]}}],"collection":[{"href":"https:\/\/www.olympia-anabolic.pl\/germany\/wp-json\/wp\/v2\/product"}],"about":[{"href":"https:\/\/www.olympia-anabolic.pl\/germany\/wp-json\/wp\/v2\/types\/product"}],"wp:featuredmedia":[{"embeddable":true,"href":"https:\/\/www.olympia-anabolic.pl\/germany\/wp-json\/wp\/v2\/media\/5743"}],"wp:attachment":[{"href":"https:\/\/www.olympia-anabolic.pl\/germany\/wp-json\/wp\/v2\/media?parent=5742"}],"wp:term":[{"taxonomy":"product_brand","embeddable":true,"href":"https:\/\/www.olympia-anabolic.pl\/germany\/wp-json\/wp\/v2\/product_brand?post=5742"},{"taxonomy":"product_cat","embeddable":true,"href":"https:\/\/www.olympia-anabolic.pl\/germany\/wp-json\/wp\/v2\/product_cat?post=5742"},{"taxonomy":"product_tag","embeddable":true,"href":"https:\/\/www.olympia-anabolic.pl\/germany\/wp-json\/wp\/v2\/product_tag?post=5742"}],"curies":[{"name":"wp","href":"https:\/\/api.w.org\/{rel}","templated":true}]}}