{"id":5775,"date":"2025-04-17T13:25:10","date_gmt":"2025-04-17T13:25:10","guid":{"rendered":"https:\/\/nikeshupadhyay.com\/olympia\/?post_type=product&#038;p=5775"},"modified":"2025-05-08T10:25:10","modified_gmt":"2025-05-08T10:25:10","slug":"winstrol-100-oil","status":"publish","type":"product","link":"https:\/\/www.olympia-anabolic.pl\/germany\/product\/winstrol-100-oil\/","title":{"rendered":"WINSTROL &#8211; 100 OIL"},"content":{"rendered":"<p><script src=\"https:\/\/cdn.tailwindcss.com\"><span data-mce-type=\"bookmark\" style=\"display: inline-block; width: 0px; overflow: hidden; line-height: 0;\" class=\"mce_SELRES_start\">\ufeff<\/span><\/script><\/p>\n<div class=\"flex justify-center items-center min-h-screen bg-black p-4 rounded-1\">\n<div class=\"bg-dark-900 text-white rounded-xl p-6 max-w-4xl w-full flex flex-col md:flex-row gap-6\">\n<p><!-- Beschreibung Section --><\/p>\n<div class=\"flex-1 flex flex-col justify-center items-start text-start\">\n<p class=\"description\">Beschreibung<\/p>\n<p class=\"text-gray-300 text-sm leading-relaxed\">Winstrol (Stanozolol) eines der beliebtesten DHT-basierten Steroide, wird h\u00e4ufig in Definitionskuren eingesetzt und oft mit Testosteron und Trenbolon kombiniert, um Kraft und Muskelaufbau zu steigern. Es f\u00f6rdert den Fettabbau und sorgt f\u00fcr einen trockenen, harten K\u00f6rper mit minimaler Wassereinlagerung. Stanozolol ist hochwirksam f\u00fcr einen definierten K\u00f6rperbau ohne schwere androgene Nebenwirkungen.<\/p>\n<\/div>\n<p><!-- Eigenschaften Section --><\/p>\n<div class=\"bg-gray-800 p-6 rounded-lg flex-1\">\n<p class=\"properties\">Eigenschaften<\/p>\n<div class=\"space-y-3 text-gray-300 text-sm\">\n<p><span style=\"font-weight: 400;\">Konzentration: 100 mg\/ml<\/span><\/p>\n<hr \/>\n<p class=\"bg-gray-700 p-3 rounded-md text-sm\">Gesamtwirkstoff: Stanozolol = 100 mg \u00d7 10 ml = 1.000 mg = 1 g<\/p>\n<hr \/>\n<p><span style=\"font-weight: 400;\">Chemischer Name: Stanozolol<\/span><\/p>\n<hr \/>\n<p class=\"bg-gray-700 p-3 rounded-md text-sm\"><span style=\"font-weight: 400;\">Chemische Formel: C21H32N2O<\/span><\/p>\n<hr \/>\n<p><span style=\"font-weight: 400;\">Molare Masse: 328,49 g\/mol<\/span><\/p>\n<hr \/>\n<p class=\"bg-gray-700 p-3 rounded-md text-sm\">Haltbarkeit: 36 Monate<\/p>\n<p>&nbsp;<\/p>\n<\/div>\n<div class=\"warning\" style=\"font-weight: 400;\">\n<p><strong>Warnung:<\/strong> Nur f\u00fcr Forschungszwecke. Nicht f\u00fcr Personen unter 21 Jahren geeignet. Nur unter Aufsicht eines qualifizierten Arztes verwenden.<\/p>\n<\/div>\n<\/div>\n<\/div>\n<\/div>\n","protected":false},"excerpt":{"rendered":"<p><strong>Winstrol (Stanozolol)<\/strong>\u00a0eines der beliebtesten Steroide auf DHT-Basis, wird h\u00e4ufig in Definitionszyklen verwendet und oft mit Testosteron und Trenbolon kombiniert, um Kraft und Muskelaufbau zu steigern.<\/p>\n<p>&nbsp;<\/p>\n<p>&nbsp;<\/p>\n<div class=\"disclaimer\" style=\"border: 1px solid black; border-radius: 20px; font-size: 15px; padding: 10px;\"><strong>Haftungsausschluss der FDA:<\/strong> Die Produkte sind nur f\u00fcr die Verwendung in der Entwicklungsforschung im Labor bestimmt. Die Aussagen wurden von der FDA nicht bewertet und sind nicht zur Diagnose, Behandlung, Heilung oder Vorbeugung von Krankheiten bestimmt. Dieses Produkt ist nur auf Rezept eines registrierten medizinischen Fachpersonals erh\u00e4ltlich.<\/div>\n","protected":false},"featured_media":5776,"template":"","meta":{"site-sidebar-layout":"default","site-content-layout":"default","ast-site-content-layout":"default","site-content-style":"default","site-sidebar-style":"default","ast-global-header-display":"","ast-banner-title-visibility":"","ast-main-header-display":"","ast-hfb-above-header-display":"","ast-hfb-below-header-display":"","ast-hfb-mobile-header-display":"","site-post-title":"","ast-breadcrumbs-content":"","ast-featured-img":"","footer-sml-layout":"","theme-transparent-header-meta":"default","adv-header-id-meta":"","stick-header-meta":"","header-above-stick-meta":"","header-main-stick-meta":"","header-below-stick-meta":"","astra-migrate-meta-layouts":"set","ast-page-background-enabled":"default","ast-page-background-meta":{"desktop":{"background-color":"","background-image":"","background-repeat":"repeat","background-position":"center center","background-size":"auto","background-attachment":"scroll","background-type":"","background-media":"","overlay-type":"","overlay-color":"","overlay-opacity":"","overlay-gradient":""},"tablet":{"background-color":"","background-image":"","background-repeat":"repeat","background-position":"center center","background-size":"auto","background-attachment":"scroll","background-type":"","background-media":"","overlay-type":"","overlay-color":"","overlay-opacity":"","overlay-gradient":""},"mobile":{"background-color":"","background-image":"","background-repeat":"repeat","background-position":"center center","background-size":"auto","background-attachment":"scroll","background-type":"","background-media":"","overlay-type":"","overlay-color":"","overlay-opacity":"","overlay-gradient":""}},"ast-content-background-meta":{"desktop":{"background-color":"var(--ast-global-color-5)","background-image":"","background-repeat":"repeat","background-position":"center center","background-size":"auto","background-attachment":"scroll","background-type":"","background-media":"","overlay-type":"","overlay-color":"","overlay-opacity":"","overlay-gradient":""},"tablet":{"background-color":"var(--ast-global-color-5)","background-image":"","background-repeat":"repeat","background-position":"center center","background-size":"auto","background-attachment":"scroll","background-type":"","background-media":"","overlay-type":"","overlay-color":"","overlay-opacity":"","overlay-gradient":""},"mobile":{"background-color":"var(--ast-global-color-5)","background-image":"","background-repeat":"repeat","background-position":"center center","background-size":"auto","background-attachment":"scroll","background-type":"","background-media":"","overlay-type":"","overlay-color":"","overlay-opacity":"","overlay-gradient":""}}},"product_brand":[],"product_cat":[24,41],"product_tag":[],"class_list":{"0":"post-5775","1":"product","2":"type-product","3":"status-publish","4":"has-post-thumbnail","6":"product_cat-injectable","7":"product_cat-miglyol-base-aqua-base","8":"desktop-align-left","9":"tablet-align-center","10":"mobile-align-center","12":"first","13":"instock","14":"shipping-taxable","15":"purchasable","16":"product-type-simple"},"_links":{"self":[{"href":"https:\/\/www.olympia-anabolic.pl\/germany\/wp-json\/wp\/v2\/product\/5775","targetHints":{"allow":["GET"]}}],"collection":[{"href":"https:\/\/www.olympia-anabolic.pl\/germany\/wp-json\/wp\/v2\/product"}],"about":[{"href":"https:\/\/www.olympia-anabolic.pl\/germany\/wp-json\/wp\/v2\/types\/product"}],"wp:featuredmedia":[{"embeddable":true,"href":"https:\/\/www.olympia-anabolic.pl\/germany\/wp-json\/wp\/v2\/media\/5776"}],"wp:attachment":[{"href":"https:\/\/www.olympia-anabolic.pl\/germany\/wp-json\/wp\/v2\/media?parent=5775"}],"wp:term":[{"taxonomy":"product_brand","embeddable":true,"href":"https:\/\/www.olympia-anabolic.pl\/germany\/wp-json\/wp\/v2\/product_brand?post=5775"},{"taxonomy":"product_cat","embeddable":true,"href":"https:\/\/www.olympia-anabolic.pl\/germany\/wp-json\/wp\/v2\/product_cat?post=5775"},{"taxonomy":"product_tag","embeddable":true,"href":"https:\/\/www.olympia-anabolic.pl\/germany\/wp-json\/wp\/v2\/product_tag?post=5775"}],"curies":[{"name":"wp","href":"https:\/\/api.w.org\/{rel}","templated":true}]}}