{"id":3163,"date":"2025-02-22T09:07:57","date_gmt":"2025-02-22T09:07:57","guid":{"rendered":"https:\/\/nikeshupadhyay.com\/olympia\/?page_id=3163"},"modified":"2025-05-12T11:50:29","modified_gmt":"2025-05-12T11:50:29","slug":"oral","status":"publish","type":"page","link":"https:\/\/www.olympia-anabolic.pl\/mexico\/oral\/","title":{"rendered":"Oral"},"content":{"rendered":"\t\t<div data-elementor-type=\"wp-page\" data-elementor-id=\"3163\" class=\"elementor elementor-3163\">\n\t\t\t\t<div class=\"elementor-element elementor-element-633fdfd e-flex e-con-boxed e-con e-parent\" data-id=\"633fdfd\" data-element_type=\"container\" data-settings=\"{&quot;background_background&quot;:&quot;classic&quot;}\">\n\t\t\t\t\t<div class=\"e-con-inner\">\n\t\t<div class=\"elementor-element elementor-element-b078e88 e-con-full e-flex e-con e-child\" data-id=\"b078e88\" data-element_type=\"container\">\n\t\t\t\t<div class=\"elementor-element elementor-element-6b7a2f1 elementor-widget elementor-widget-heading\" data-id=\"6b7a2f1\" data-element_type=\"widget\" data-widget_type=\"heading.default\">\n\t\t\t\t<div class=\"elementor-widget-container\">\n\t\t\t\t\t<h3 class=\"elementor-heading-title elementor-size-default\">ORAL<\/h3>\t\t\t\t<\/div>\n\t\t\t\t<\/div>\n\t\t\t\t<div class=\"elementor-element elementor-element-2b30247 elementor-widget elementor-widget-eael-breadcrumbs\" data-id=\"2b30247\" data-element_type=\"widget\" data-widget_type=\"eael-breadcrumbs.default\">\n\t\t\t\t<div class=\"elementor-widget-container\">\n\t\t\t\t\t\t\t<div class=\"eael-breadcrumbs\">\n\t\t\t<div class=\"eael-breadcrumbs__content\"><a href=\"https:\/\/www.olympia-anabolic.pl\/mexico\">Home<\/a> <span class=\"eael-breadcrumb-separator\">\/<\/span> <span class = \"eael-current\">Page<\/span><\/div>\t\t<\/div>\n\t\t\t\t\t\t<\/div>\n\t\t\t\t<\/div>\n\t\t\t\t<\/div>\n\t\t\t\t\t<\/div>\n\t\t\t\t<\/div>\n\t\t<div class=\"elementor-element elementor-element-4293ef5 e-flex e-con-boxed e-con e-parent\" data-id=\"4293ef5\" data-element_type=\"container\">\n\t\t\t\t\t<div class=\"e-con-inner\">\n\t\t\t\t<div class=\"elementor-element elementor-element-7690f77 eael-product-grid-column-3 eael-product-grid-column-tablet-2 eael-product-grid-column-mobile-2 elementor-widget elementor-widget-eicon-woocommerce\" data-id=\"7690f77\" data-element_type=\"widget\" data-widget_type=\"eicon-woocommerce.default\">\n\t\t\t\t<div class=\"elementor-widget-container\">\n\t\t\t\t\t\n        <div class=\"eael-product-grid eael-product-simple masonry\" id=\"eael-product-grid\" data-widget-id=\"7690f77\" data-page-id=\"3163\" data-nonce=\"178855b7ef\" >\n            <div class=\"woocommerce\">\n                <ul class=\"products\" data-layout-mode=\"masonry\">    <li class=\"product \">\n\t\t        <div class=\"eael-product-wrap\">\n\t\t\t<a href=\"https:\/\/www.olympia-anabolic.pl\/mexico\/product\/t4\/\" class=\"woocommerce-LoopProduct-link woocommerce-loop-product__link\"><img fetchpriority=\"high\" decoding=\"async\" width=\"1080\" height=\"1080\" src=\"https:\/\/www.olympia-anabolic.pl\/mexico\/wp-content\/uploads\/2025\/03\/T4.png\" class=\"attachment-woocommerce_thumbnail size-woocommerce_thumbnail wvs-archive-product-image\" alt=\"\" loading=\"eager\" \/><\/a><div class=\"eael-product-title\">\n                                <a href=\"https:\/\/www.olympia-anabolic.pl\/mexico\/product\/t4\/\" class=\"woocommerce-LoopProduct-link woocommerce-loop-product__link\"><h3 class=\"woocommerce-loop-product__title\">T4<\/h3><\/a><\/div><div class=\"eael-product-price\"><span class=\"woocommerce-Price-amount amount\"><span class=\"woocommerce-Price-currencySymbol\">MX$ <\/span>370.60<\/span><\/div>            <a href=\"?add-to-cart=4772\" aria-describedby=\"woocommerce_loop_add_to_cart_link_describedby_4772\" data-quantity=\"1\" class=\"button product_type_simple add_to_cart_button ajax_add_to_cart\" data-product_id=\"4772\" data-product_sku=\"\" aria-label=\"Add to cart: &ldquo;T4&rdquo;\" rel=\"nofollow\" data-success_message=\"&ldquo;T4&rdquo; has been added to your cart\">A\u00f1adir a la cesta<\/a>\t<span id=\"woocommerce_loop_add_to_cart_link_describedby_4772\" class=\"screen-reader-text\">\n\t\t\t<\/span>\n                    <\/div>\n\n    <\/li>\n\t    <li class=\"product \">\n\t\t        <div class=\"eael-product-wrap\">\n\t\t\t<a href=\"https:\/\/www.olympia-anabolic.pl\/mexico\/product\/t3\/\" class=\"woocommerce-LoopProduct-link woocommerce-loop-product__link\"><img decoding=\"async\" width=\"1080\" height=\"1080\" src=\"https:\/\/www.olympia-anabolic.pl\/mexico\/wp-content\/uploads\/2025\/03\/T3.png\" class=\"attachment-woocommerce_thumbnail size-woocommerce_thumbnail wvs-archive-product-image\" alt=\"\" loading=\"eager\" \/><\/a><div class=\"eael-product-title\">\n                                <a href=\"https:\/\/www.olympia-anabolic.pl\/mexico\/product\/t3\/\" class=\"woocommerce-LoopProduct-link woocommerce-loop-product__link\"><h3 class=\"woocommerce-loop-product__title\">T3<\/h3><\/a><\/div><div class=\"eael-product-price\"><span class=\"woocommerce-Price-amount amount\"><span class=\"woocommerce-Price-currencySymbol\">MX$ <\/span>326.60<\/span><\/div>            <a href=\"?add-to-cart=4770\" aria-describedby=\"woocommerce_loop_add_to_cart_link_describedby_4770\" data-quantity=\"1\" class=\"button product_type_simple add_to_cart_button ajax_add_to_cart\" data-product_id=\"4770\" data-product_sku=\"\" aria-label=\"Add to cart: &ldquo;T3&rdquo;\" rel=\"nofollow\" data-success_message=\"&ldquo;T3&rdquo; has been added to your cart\">A\u00f1adir a la cesta<\/a>\t<span id=\"woocommerce_loop_add_to_cart_link_describedby_4770\" class=\"screen-reader-text\">\n\t\t\t<\/span>\n                    <\/div>\n\n    <\/li>\n\t    <li class=\"product \">\n\t\t        <div class=\"eael-product-wrap\">\n\t\t\t<a href=\"https:\/\/www.olympia-anabolic.pl\/mexico\/product\/stanazolol\/\" class=\"woocommerce-LoopProduct-link woocommerce-loop-product__link\"><img decoding=\"async\" width=\"1080\" height=\"1080\" src=\"https:\/\/www.olympia-anabolic.pl\/mexico\/wp-content\/uploads\/2025\/03\/STANOZOL.png\" class=\"attachment-woocommerce_thumbnail size-woocommerce_thumbnail wvs-archive-product-image\" alt=\"\" loading=\"eager\" \/><\/a><div class=\"eael-product-title\">\n                                <a href=\"https:\/\/www.olympia-anabolic.pl\/mexico\/product\/stanazolol\/\" class=\"woocommerce-LoopProduct-link woocommerce-loop-product__link\"><h3 class=\"woocommerce-loop-product__title\">STANOZOLOL<\/h3><\/a><\/div><div class=\"eael-product-price\"><span class=\"woocommerce-Price-amount amount\"><span class=\"woocommerce-Price-currencySymbol\">MX$ <\/span>370.50<\/span><\/div>            <a href=\"?add-to-cart=4768\" aria-describedby=\"woocommerce_loop_add_to_cart_link_describedby_4768\" data-quantity=\"1\" class=\"button product_type_simple add_to_cart_button ajax_add_to_cart\" data-product_id=\"4768\" data-product_sku=\"\" aria-label=\"Add to cart: &ldquo;STANOZOLOL&rdquo;\" rel=\"nofollow\" data-success_message=\"&ldquo;STANOZOLOL&rdquo; has been added to your cart\">A\u00f1adir a la cesta<\/a>\t<span id=\"woocommerce_loop_add_to_cart_link_describedby_4768\" class=\"screen-reader-text\">\n\t\t\t<\/span>\n                    <\/div>\n\n    <\/li>\n\t    <li class=\"product \">\n\t\t        <div class=\"eael-product-wrap\">\n\t\t\t<a href=\"https:\/\/www.olympia-anabolic.pl\/mexico\/product\/provee\/\" class=\"woocommerce-LoopProduct-link woocommerce-loop-product__link\"><img decoding=\"async\" width=\"1080\" height=\"1080\" src=\"https:\/\/www.olympia-anabolic.pl\/mexico\/wp-content\/uploads\/2025\/03\/PROVEE.png\" class=\"attachment-woocommerce_thumbnail size-woocommerce_thumbnail wvs-archive-product-image\" alt=\"\" loading=\"eager\" \/><\/a><div class=\"eael-product-title\">\n                                <a href=\"https:\/\/www.olympia-anabolic.pl\/mexico\/product\/provee\/\" class=\"woocommerce-LoopProduct-link woocommerce-loop-product__link\"><h3 class=\"woocommerce-loop-product__title\">PROVEE<\/h3><\/a><\/div><div class=\"eael-product-price\"><span class=\"woocommerce-Price-amount amount\"><span class=\"woocommerce-Price-currencySymbol\">MX$ <\/span>751.60<\/span><\/div>            <a href=\"?add-to-cart=4766\" aria-describedby=\"woocommerce_loop_add_to_cart_link_describedby_4766\" data-quantity=\"1\" class=\"button product_type_simple add_to_cart_button ajax_add_to_cart\" data-product_id=\"4766\" data-product_sku=\"\" aria-label=\"Add to cart: &ldquo;PROVEE&rdquo;\" rel=\"nofollow\" data-success_message=\"&ldquo;PROVEE&rdquo; has been added to your cart\">A\u00f1adir a la cesta<\/a>\t<span id=\"woocommerce_loop_add_to_cart_link_describedby_4766\" class=\"screen-reader-text\">\n\t\t\t<\/span>\n                    <\/div>\n\n    <\/li>\n\t    <li class=\"product \">\n\t\t        <div class=\"eael-product-wrap\">\n\t\t\t<a href=\"https:\/\/www.olympia-anabolic.pl\/mexico\/product\/dianabol\/\" class=\"woocommerce-LoopProduct-link woocommerce-loop-product__link\"><img decoding=\"async\" width=\"1080\" height=\"1080\" src=\"https:\/\/www.olympia-anabolic.pl\/mexico\/wp-content\/uploads\/2025\/03\/DIANBOL.png\" class=\"attachment-woocommerce_thumbnail size-woocommerce_thumbnail wvs-archive-product-image\" alt=\"\" loading=\"eager\" \/><\/a><div class=\"eael-product-title\">\n                                <a href=\"https:\/\/www.olympia-anabolic.pl\/mexico\/product\/dianabol\/\" class=\"woocommerce-LoopProduct-link woocommerce-loop-product__link\"><h3 class=\"woocommerce-loop-product__title\">DIANABOL<\/h3><\/a><\/div><div class=\"eael-product-price\"><span class=\"woocommerce-Price-amount amount\"><span class=\"woocommerce-Price-currencySymbol\">MX$ <\/span>321.20<\/span><\/div>            <a href=\"?add-to-cart=4763\" aria-describedby=\"woocommerce_loop_add_to_cart_link_describedby_4763\" data-quantity=\"1\" class=\"button product_type_simple add_to_cart_button ajax_add_to_cart\" data-product_id=\"4763\" data-product_sku=\"\" aria-label=\"Add to cart: &ldquo;DIANABOL&rdquo;\" rel=\"nofollow\" data-success_message=\"&ldquo;DIANABOL&rdquo; has been added to your cart\">A\u00f1adir a la cesta<\/a>\t<span id=\"woocommerce_loop_add_to_cart_link_describedby_4763\" class=\"screen-reader-text\">\n\t\t\t<\/span>\n                    <\/div>\n\n    <\/li>\n\t    <li class=\"product \">\n\t\t        <div class=\"eael-product-wrap\">\n\t\t\t<a href=\"https:\/\/www.olympia-anabolic.pl\/mexico\/product\/clen\/\" class=\"woocommerce-LoopProduct-link woocommerce-loop-product__link\"><img decoding=\"async\" width=\"1080\" height=\"1080\" src=\"https:\/\/www.olympia-anabolic.pl\/mexico\/wp-content\/uploads\/2025\/03\/CLEN-1.png\" class=\"attachment-woocommerce_thumbnail size-woocommerce_thumbnail wvs-archive-product-image\" alt=\"\" loading=\"eager\" \/><\/a><div class=\"eael-product-title\">\n                                <a href=\"https:\/\/www.olympia-anabolic.pl\/mexico\/product\/clen\/\" class=\"woocommerce-LoopProduct-link woocommerce-loop-product__link\"><h3 class=\"woocommerce-loop-product__title\">CLEN<\/h3><\/a><\/div><div class=\"eael-product-price\"><span class=\"woocommerce-Price-amount amount\"><span class=\"woocommerce-Price-currencySymbol\">MX$ <\/span>321.40<\/span><\/div>            <a href=\"?add-to-cart=4761\" aria-describedby=\"woocommerce_loop_add_to_cart_link_describedby_4761\" data-quantity=\"1\" class=\"button product_type_simple add_to_cart_button ajax_add_to_cart\" data-product_id=\"4761\" data-product_sku=\"\" aria-label=\"Add to cart: &ldquo;CLEN&rdquo;\" rel=\"nofollow\" data-success_message=\"&ldquo;CLEN&rdquo; has been added to your cart\">A\u00f1adir a la cesta<\/a>\t<span id=\"woocommerce_loop_add_to_cart_link_describedby_4761\" class=\"screen-reader-text\">\n\t\t\t<\/span>\n                    <\/div>\n\n    <\/li>\n\t    <li class=\"product \">\n\t\t        <div class=\"eael-product-wrap\">\n\t\t\t<a href=\"https:\/\/www.olympia-anabolic.pl\/mexico\/product\/androl\/\" class=\"woocommerce-LoopProduct-link woocommerce-loop-product__link\"><img decoding=\"async\" width=\"1080\" height=\"1080\" src=\"https:\/\/www.olympia-anabolic.pl\/mexico\/wp-content\/uploads\/2025\/03\/ADNROL.png\" class=\"attachment-woocommerce_thumbnail size-woocommerce_thumbnail wvs-archive-product-image\" alt=\"\" loading=\"eager\" \/><\/a><div class=\"eael-product-title\">\n                                <a href=\"https:\/\/www.olympia-anabolic.pl\/mexico\/product\/androl\/\" class=\"woocommerce-LoopProduct-link woocommerce-loop-product__link\"><h3 class=\"woocommerce-loop-product__title\">ANDROL<\/h3><\/a><\/div><div class=\"eael-product-price\"><span class=\"woocommerce-Price-amount amount\"><span class=\"woocommerce-Price-currencySymbol\">MX$ <\/span>1019.20<\/span><\/div>            <a href=\"?add-to-cart=4759\" aria-describedby=\"woocommerce_loop_add_to_cart_link_describedby_4759\" data-quantity=\"1\" class=\"button product_type_simple add_to_cart_button ajax_add_to_cart\" data-product_id=\"4759\" data-product_sku=\"\" aria-label=\"Add to cart: &ldquo;ANDROL&rdquo;\" rel=\"nofollow\" data-success_message=\"&ldquo;ANDROL&rdquo; has been added to your cart\">A\u00f1adir a la cesta<\/a>\t<span id=\"woocommerce_loop_add_to_cart_link_describedby_4759\" class=\"screen-reader-text\">\n\t\t\t<\/span>\n                    <\/div>\n\n    <\/li>\n\t    <li class=\"product \">\n\t\t        <div class=\"eael-product-wrap\">\n\t\t\t<a href=\"https:\/\/www.olympia-anabolic.pl\/mexico\/product\/anavar\/\" class=\"woocommerce-LoopProduct-link woocommerce-loop-product__link\"><img decoding=\"async\" width=\"1080\" height=\"1080\" src=\"https:\/\/www.olympia-anabolic.pl\/mexico\/wp-content\/uploads\/2025\/03\/Anavar.png\" class=\"attachment-woocommerce_thumbnail size-woocommerce_thumbnail wvs-archive-product-image\" alt=\"\" loading=\"eager\" \/><\/a><div class=\"eael-product-title\">\n                                <a href=\"https:\/\/www.olympia-anabolic.pl\/mexico\/product\/anavar\/\" class=\"woocommerce-LoopProduct-link woocommerce-loop-product__link\"><h3 class=\"woocommerce-loop-product__title\">ANAVAR<\/h3><\/a><\/div><div class=\"eael-product-price\"><span class=\"woocommerce-Price-amount amount\"><span class=\"woocommerce-Price-currencySymbol\">MX$ <\/span>832.20<\/span><\/div>            <a href=\"?add-to-cart=4757\" aria-describedby=\"woocommerce_loop_add_to_cart_link_describedby_4757\" data-quantity=\"1\" class=\"button product_type_simple add_to_cart_button ajax_add_to_cart\" data-product_id=\"4757\" data-product_sku=\"\" aria-label=\"Add to cart: &ldquo;ANAVAR&rdquo;\" rel=\"nofollow\" data-success_message=\"&ldquo;ANAVAR&rdquo; has been added to your cart\">A\u00f1adir a la cesta<\/a>\t<span id=\"woocommerce_loop_add_to_cart_link_describedby_4757\" class=\"screen-reader-text\">\n\t\t\t<\/span>\n                    <\/div>\n\n    <\/li>\n\t<\/ul>            <\/div>\n        <\/div>\n\n        <script type=\"text\/javascript\">\n            jQuery(document).ready(function($) {\n                var $scope = jQuery(\".elementor-element-7690f77\");\n                var $products = $('.products', $scope);\n                var $layout_mode = $products.data('layout-mode');\n                \n                if ( $layout_mode === 'masonry' ) {\n                    \/\/ init isotope\n                    var $isotope_products = $products.isotope({\n                        itemSelector: \"li.product\",\n                        layoutMode: $layout_mode,\n                        percentPosition: true\n                    });\n\n                    $isotope_products.imagesLoaded().progress( function() {\n                        $isotope_products.isotope('layout');\n                    })\n                    \n                }\n            });\n        <\/script>\n        \t\t\t\t<\/div>\n\t\t\t\t<\/div>\n\t\t\t\t\t<\/div>\n\t\t\t\t<\/div>\n\t\t\t\t<\/div>\n\t\t","protected":false},"excerpt":{"rendered":"<p>ORAL Home \/ Page T4 &#036;370.60 A\u00f1adir a la cesta T3 &#036;326.60 A\u00f1adir a la cesta STANOZOLOL &#036;370.50 A\u00f1adir a [&hellip;]<\/p>\n","protected":false},"author":1,"featured_media":0,"parent":0,"menu_order":0,"comment_status":"closed","ping_status":"closed","template":"elementor_canvas","meta":{"site-sidebar-layout":"no-sidebar","site-content-layout":"page-builder","ast-site-content-layout":"full-width-container","site-content-style":"default","site-sidebar-style":"default","ast-global-header-display":"","ast-banner-title-visibility":"","ast-main-header-display":"","ast-hfb-above-header-display":"","ast-hfb-below-header-display":"","ast-hfb-mobile-header-display":"","site-post-title":"disabled","ast-breadcrumbs-content":"","ast-featured-img":"disabled","footer-sml-layout":"","theme-transparent-header-meta":"","adv-header-id-meta":"","stick-header-meta":"","header-above-stick-meta":"","header-main-stick-meta":"","header-below-stick-meta":"","astra-migrate-meta-layouts":"set","ast-page-background-enabled":"default","ast-page-background-meta":{"desktop":{"background-color":"","background-image":"","background-repeat":"repeat","background-position":"center center","background-size":"auto","background-attachment":"scroll","background-type":"","background-media":"","overlay-type":"","overlay-color":"","overlay-opacity":"","overlay-gradient":""},"tablet":{"background-color":"","background-image":"","background-repeat":"repeat","background-position":"center center","background-size":"auto","background-attachment":"scroll","background-type":"","background-media":"","overlay-type":"","overlay-color":"","overlay-opacity":"","overlay-gradient":""},"mobile":{"background-color":"","background-image":"","background-repeat":"repeat","background-position":"center center","background-size":"auto","background-attachment":"scroll","background-type":"","background-media":"","overlay-type":"","overlay-color":"","overlay-opacity":"","overlay-gradient":""}},"ast-content-background-meta":{"desktop":{"background-color":"var(--ast-global-color-5)","background-image":"","background-repeat":"repeat","background-position":"center center","background-size":"auto","background-attachment":"scroll","background-type":"","background-media":"","overlay-type":"","overlay-color":"","overlay-opacity":"","overlay-gradient":""},"tablet":{"background-color":"var(--ast-global-color-5)","background-image":"","background-repeat":"repeat","background-position":"center center","background-size":"auto","background-attachment":"scroll","background-type":"","background-media":"","overlay-type":"","overlay-color":"","overlay-opacity":"","overlay-gradient":""},"mobile":{"background-color":"var(--ast-global-color-5)","background-image":"","background-repeat":"repeat","background-position":"center center","background-size":"auto","background-attachment":"scroll","background-type":"","background-media":"","overlay-type":"","overlay-color":"","overlay-opacity":"","overlay-gradient":""}},"footnotes":""},"class_list":["post-3163","page","type-page","status-publish","hentry","desktop-align-left","tablet-align-center","mobile-align-center"],"_links":{"self":[{"href":"https:\/\/www.olympia-anabolic.pl\/mexico\/wp-json\/wp\/v2\/pages\/3163","targetHints":{"allow":["GET"]}}],"collection":[{"href":"https:\/\/www.olympia-anabolic.pl\/mexico\/wp-json\/wp\/v2\/pages"}],"about":[{"href":"https:\/\/www.olympia-anabolic.pl\/mexico\/wp-json\/wp\/v2\/types\/page"}],"author":[{"embeddable":true,"href":"https:\/\/www.olympia-anabolic.pl\/mexico\/wp-json\/wp\/v2\/users\/1"}],"replies":[{"embeddable":true,"href":"https:\/\/www.olympia-anabolic.pl\/mexico\/wp-json\/wp\/v2\/comments?post=3163"}],"version-history":[{"count":31,"href":"https:\/\/www.olympia-anabolic.pl\/mexico\/wp-json\/wp\/v2\/pages\/3163\/revisions"}],"predecessor-version":[{"id":7624,"href":"https:\/\/www.olympia-anabolic.pl\/mexico\/wp-json\/wp\/v2\/pages\/3163\/revisions\/7624"}],"wp:attachment":[{"href":"https:\/\/www.olympia-anabolic.pl\/mexico\/wp-json\/wp\/v2\/media?parent=3163"}],"curies":[{"name":"wp","href":"https:\/\/api.w.org\/{rel}","templated":true}]}}