{"id":3166,"date":"2025-02-22T09:07:57","date_gmt":"2025-02-22T09:07:57","guid":{"rendered":"https:\/\/nikeshupadhyay.com\/olympia\/?page_id=3166"},"modified":"2025-05-12T11:57:42","modified_gmt":"2025-05-12T11:57:42","slug":"sarms","status":"publish","type":"page","link":"https:\/\/www.olympia-anabolic.pl\/mexico\/sarms\/","title":{"rendered":"Sarms"},"content":{"rendered":"\t\t<div data-elementor-type=\"wp-page\" data-elementor-id=\"3166\" class=\"elementor elementor-3166\">\n\t\t\t\t<div class=\"elementor-element elementor-element-8b4c82f e-flex e-con-boxed e-con e-parent\" data-id=\"8b4c82f\" data-element_type=\"container\" data-settings=\"{&quot;background_background&quot;:&quot;classic&quot;}\">\n\t\t\t\t\t<div class=\"e-con-inner\">\n\t\t<div class=\"elementor-element elementor-element-74cd8df e-con-full e-flex e-con e-child\" data-id=\"74cd8df\" data-element_type=\"container\">\n\t\t\t\t<div class=\"elementor-element elementor-element-afdb68a elementor-widget elementor-widget-heading\" data-id=\"afdb68a\" data-element_type=\"widget\" data-widget_type=\"heading.default\">\n\t\t\t\t<div class=\"elementor-widget-container\">\n\t\t\t\t\t<h3 class=\"elementor-heading-title elementor-size-default\">SARM<\/h3>\t\t\t\t<\/div>\n\t\t\t\t<\/div>\n\t\t\t\t<div class=\"elementor-element elementor-element-c5b8556 elementor-widget elementor-widget-eael-breadcrumbs\" data-id=\"c5b8556\" data-element_type=\"widget\" data-widget_type=\"eael-breadcrumbs.default\">\n\t\t\t\t<div class=\"elementor-widget-container\">\n\t\t\t\t\t\t\t<div class=\"eael-breadcrumbs\">\n\t\t\t<div class=\"eael-breadcrumbs__content\"><a href=\"https:\/\/www.olympia-anabolic.pl\/mexico\">Home<\/a> <span class=\"eael-breadcrumb-separator\">\/<\/span> <span class = \"eael-current\">Page<\/span><\/div>\t\t<\/div>\n\t\t\t\t\t\t<\/div>\n\t\t\t\t<\/div>\n\t\t\t\t<\/div>\n\t\t\t\t\t<\/div>\n\t\t\t\t<\/div>\n\t\t<div class=\"elementor-element elementor-element-20b368e e-flex e-con-boxed e-con e-parent\" data-id=\"20b368e\" data-element_type=\"container\">\n\t\t\t\t\t<div class=\"e-con-inner\">\n\t\t\t\t<div class=\"elementor-element elementor-element-60e1422 eael-product-grid-column-3 eael-product-grid-column-tablet-2 eael-product-grid-column-mobile-2 elementor-widget elementor-widget-eicon-woocommerce\" data-id=\"60e1422\" data-element_type=\"widget\" data-widget_type=\"eicon-woocommerce.default\">\n\t\t\t\t<div class=\"elementor-widget-container\">\n\t\t\t\t\t\n        <div class=\"eael-product-grid eael-product-simple masonry\" id=\"eael-product-grid\" data-widget-id=\"60e1422\" data-page-id=\"3166\" data-nonce=\"178855b7ef\" >\n            <div class=\"woocommerce\">\n                <ul class=\"products\" data-layout-mode=\"masonry\">    <li class=\"product \">\n\t\t        <div class=\"eael-product-wrap\">\n\t\t\t<a href=\"https:\/\/www.olympia-anabolic.pl\/mexico\/product\/yk-11\/\" class=\"woocommerce-LoopProduct-link woocommerce-loop-product__link\"><img fetchpriority=\"high\" decoding=\"async\" width=\"1080\" height=\"1080\" src=\"https:\/\/www.olympia-anabolic.pl\/mexico\/wp-content\/uploads\/2025\/04\/YK-11-1.png\" class=\"attachment-woocommerce_thumbnail size-woocommerce_thumbnail wvs-archive-product-image\" alt=\"\" loading=\"eager\" \/><\/a><div class=\"eael-product-title\">\n                                <a href=\"https:\/\/www.olympia-anabolic.pl\/mexico\/product\/yk-11\/\" class=\"woocommerce-LoopProduct-link woocommerce-loop-product__link\"><h3 class=\"woocommerce-loop-product__title\">YK-11<\/h3><\/a><\/div><div class=\"eael-product-price\"><span class=\"woocommerce-Price-amount amount\"><span class=\"woocommerce-Price-currencySymbol\">MX$ <\/span>877.40<\/span><\/div>            <a href=\"?add-to-cart=5007\" aria-describedby=\"woocommerce_loop_add_to_cart_link_describedby_5007\" data-quantity=\"1\" class=\"button product_type_simple add_to_cart_button ajax_add_to_cart\" data-product_id=\"5007\" data-product_sku=\"\" aria-label=\"Add to cart: &ldquo;YK-11&rdquo;\" rel=\"nofollow\" data-success_message=\"&ldquo;YK-11&rdquo; has been added to your cart\">A\u00f1adir a la cesta<\/a>\t<span id=\"woocommerce_loop_add_to_cart_link_describedby_5007\" class=\"screen-reader-text\">\n\t\t\t<\/span>\n                    <\/div>\n\n    <\/li>\n\t    <li class=\"product \">\n\t\t        <div class=\"eael-product-wrap\">\n\t\t\t<a href=\"https:\/\/www.olympia-anabolic.pl\/mexico\/product\/sr-9009\/\" class=\"woocommerce-LoopProduct-link woocommerce-loop-product__link\"><img decoding=\"async\" width=\"1080\" height=\"1080\" src=\"https:\/\/www.olympia-anabolic.pl\/mexico\/wp-content\/uploads\/2025\/04\/SR-9009-1.png\" class=\"attachment-woocommerce_thumbnail size-woocommerce_thumbnail wvs-archive-product-image\" alt=\"\" loading=\"eager\" \/><\/a><div class=\"eael-product-title\">\n                                <a href=\"https:\/\/www.olympia-anabolic.pl\/mexico\/product\/sr-9009\/\" class=\"woocommerce-LoopProduct-link woocommerce-loop-product__link\"><h3 class=\"woocommerce-loop-product__title\">SR-9009<\/h3><\/a><\/div><div class=\"eael-product-price\"><span class=\"woocommerce-Price-amount amount\"><span class=\"woocommerce-Price-currencySymbol\">MX$ <\/span>946.80<\/span><\/div>            <a href=\"?add-to-cart=5005\" aria-describedby=\"woocommerce_loop_add_to_cart_link_describedby_5005\" data-quantity=\"1\" class=\"button product_type_simple add_to_cart_button ajax_add_to_cart\" data-product_id=\"5005\" data-product_sku=\"\" aria-label=\"Add to cart: &ldquo;SR-9009&rdquo;\" rel=\"nofollow\" data-success_message=\"&ldquo;SR-9009&rdquo; has been added to your cart\">A\u00f1adir a la cesta<\/a>\t<span id=\"woocommerce_loop_add_to_cart_link_describedby_5005\" class=\"screen-reader-text\">\n\t\t\t<\/span>\n                    <\/div>\n\n    <\/li>\n\t    <li class=\"product \">\n\t\t        <div class=\"eael-product-wrap\">\n\t\t\t<a href=\"https:\/\/www.olympia-anabolic.pl\/mexico\/product\/s-4\/\" class=\"woocommerce-LoopProduct-link woocommerce-loop-product__link\"><img decoding=\"async\" width=\"1080\" height=\"1080\" src=\"https:\/\/www.olympia-anabolic.pl\/mexico\/wp-content\/uploads\/2025\/04\/S-4-2.png\" class=\"attachment-woocommerce_thumbnail size-woocommerce_thumbnail wvs-archive-product-image\" alt=\"\" loading=\"eager\" \/><\/a><div class=\"eael-product-title\">\n                                <a href=\"https:\/\/www.olympia-anabolic.pl\/mexico\/product\/s-4\/\" class=\"woocommerce-LoopProduct-link woocommerce-loop-product__link\"><h3 class=\"woocommerce-loop-product__title\">S-4<\/h3><\/a><\/div><div class=\"eael-product-price\"><span class=\"woocommerce-Price-amount amount\"><span class=\"woocommerce-Price-currencySymbol\">MX$ <\/span>900.60<\/span><\/div>            <a href=\"?add-to-cart=5001\" aria-describedby=\"woocommerce_loop_add_to_cart_link_describedby_5001\" data-quantity=\"1\" class=\"button product_type_simple add_to_cart_button ajax_add_to_cart\" data-product_id=\"5001\" data-product_sku=\"\" aria-label=\"Add to cart: &ldquo;S-4&rdquo;\" rel=\"nofollow\" data-success_message=\"&ldquo;S-4&rdquo; has been added to your cart\">A\u00f1adir a la cesta<\/a>\t<span id=\"woocommerce_loop_add_to_cart_link_describedby_5001\" class=\"screen-reader-text\">\n\t\t\t<\/span>\n                    <\/div>\n\n    <\/li>\n\t    <li class=\"product \">\n\t\t        <div class=\"eael-product-wrap\">\n\t\t\t<a href=\"https:\/\/www.olympia-anabolic.pl\/mexico\/product\/rad-140\/\" class=\"woocommerce-LoopProduct-link woocommerce-loop-product__link\"><img decoding=\"async\" width=\"1080\" height=\"1080\" src=\"https:\/\/www.olympia-anabolic.pl\/mexico\/wp-content\/uploads\/2025\/04\/RAD-140-1.png\" class=\"attachment-woocommerce_thumbnail size-woocommerce_thumbnail wvs-archive-product-image\" alt=\"\" loading=\"eager\" \/><\/a><div class=\"eael-product-title\">\n                                <a href=\"https:\/\/www.olympia-anabolic.pl\/mexico\/product\/rad-140\/\" class=\"woocommerce-LoopProduct-link woocommerce-loop-product__link\"><h3 class=\"woocommerce-loop-product__title\">RAD-140<\/h3><\/a><\/div><div class=\"eael-product-price\"><span class=\"woocommerce-Price-amount amount\"><span class=\"woocommerce-Price-currencySymbol\">MX$ <\/span>923.60<\/span><\/div>            <a href=\"?add-to-cart=4999\" aria-describedby=\"woocommerce_loop_add_to_cart_link_describedby_4999\" data-quantity=\"1\" class=\"button product_type_simple add_to_cart_button ajax_add_to_cart\" data-product_id=\"4999\" data-product_sku=\"\" aria-label=\"Add to cart: &ldquo;RAD-140&rdquo;\" rel=\"nofollow\" data-success_message=\"&ldquo;RAD-140&rdquo; has been added to your cart\">A\u00f1adir a la cesta<\/a>\t<span id=\"woocommerce_loop_add_to_cart_link_describedby_4999\" class=\"screen-reader-text\">\n\t\t\t<\/span>\n                    <\/div>\n\n    <\/li>\n\t    <li class=\"product \">\n\t\t        <div class=\"eael-product-wrap\">\n\t\t\t<a href=\"https:\/\/www.olympia-anabolic.pl\/mexico\/product\/mk-2866\/\" class=\"woocommerce-LoopProduct-link woocommerce-loop-product__link\"><img decoding=\"async\" width=\"1080\" height=\"1080\" src=\"https:\/\/www.olympia-anabolic.pl\/mexico\/wp-content\/uploads\/2025\/04\/MK-2866-1.png\" class=\"attachment-woocommerce_thumbnail size-woocommerce_thumbnail wvs-archive-product-image\" alt=\"\" loading=\"eager\" \/><\/a><div class=\"eael-product-title\">\n                                <a href=\"https:\/\/www.olympia-anabolic.pl\/mexico\/product\/mk-2866\/\" class=\"woocommerce-LoopProduct-link woocommerce-loop-product__link\"><h3 class=\"woocommerce-loop-product__title\">MK-2866<\/h3><\/a><\/div><div class=\"eael-product-price\"><span class=\"woocommerce-Price-amount amount\"><span class=\"woocommerce-Price-currencySymbol\">MX$ <\/span>969.80<\/span><\/div>            <a href=\"?add-to-cart=4997\" aria-describedby=\"woocommerce_loop_add_to_cart_link_describedby_4997\" data-quantity=\"1\" class=\"button product_type_simple add_to_cart_button ajax_add_to_cart\" data-product_id=\"4997\" data-product_sku=\"\" aria-label=\"Add to cart: &ldquo;MK-2866&rdquo;\" rel=\"nofollow\" data-success_message=\"&ldquo;MK-2866&rdquo; has been added to your cart\">A\u00f1adir a la cesta<\/a>\t<span id=\"woocommerce_loop_add_to_cart_link_describedby_4997\" class=\"screen-reader-text\">\n\t\t\t<\/span>\n                    <\/div>\n\n    <\/li>\n\t    <li class=\"product \">\n\t\t        <div class=\"eael-product-wrap\">\n\t\t\t<a href=\"https:\/\/www.olympia-anabolic.pl\/mexico\/product\/mk-677\/\" class=\"woocommerce-LoopProduct-link woocommerce-loop-product__link\"><img decoding=\"async\" width=\"1080\" height=\"1080\" src=\"https:\/\/www.olympia-anabolic.pl\/mexico\/wp-content\/uploads\/2025\/04\/MK-677-1.png\" class=\"attachment-woocommerce_thumbnail size-woocommerce_thumbnail wvs-archive-product-image\" alt=\"\" loading=\"eager\" \/><\/a><div class=\"eael-product-title\">\n                                <a href=\"https:\/\/www.olympia-anabolic.pl\/mexico\/product\/mk-677\/\" class=\"woocommerce-LoopProduct-link woocommerce-loop-product__link\"><h3 class=\"woocommerce-loop-product__title\">MK-677<\/h3><\/a><\/div><div class=\"eael-product-price\"><span class=\"woocommerce-Price-amount amount\"><span class=\"woocommerce-Price-currencySymbol\">MX$ <\/span>946.80<\/span><\/div>            <a href=\"?add-to-cart=4995\" aria-describedby=\"woocommerce_loop_add_to_cart_link_describedby_4995\" data-quantity=\"1\" class=\"button product_type_simple add_to_cart_button ajax_add_to_cart\" data-product_id=\"4995\" data-product_sku=\"\" aria-label=\"Add to cart: &ldquo;MK-677&rdquo;\" rel=\"nofollow\" data-success_message=\"&ldquo;MK-677&rdquo; has been added to your cart\">A\u00f1adir a la cesta<\/a>\t<span id=\"woocommerce_loop_add_to_cart_link_describedby_4995\" class=\"screen-reader-text\">\n\t\t\t<\/span>\n                    <\/div>\n\n    <\/li>\n\t    <li class=\"product \">\n\t\t        <div class=\"eael-product-wrap\">\n\t\t\t<a href=\"https:\/\/www.olympia-anabolic.pl\/mexico\/product\/lgd-4033\/\" class=\"woocommerce-LoopProduct-link woocommerce-loop-product__link\"><img decoding=\"async\" width=\"1080\" height=\"1080\" src=\"https:\/\/www.olympia-anabolic.pl\/mexico\/wp-content\/uploads\/2025\/04\/LGD-4033-1.png\" class=\"attachment-woocommerce_thumbnail size-woocommerce_thumbnail wvs-archive-product-image\" alt=\"\" loading=\"eager\" \/><\/a><div class=\"eael-product-title\">\n                                <a href=\"https:\/\/www.olympia-anabolic.pl\/mexico\/product\/lgd-4033\/\" class=\"woocommerce-LoopProduct-link woocommerce-loop-product__link\"><h3 class=\"woocommerce-loop-product__title\">LGD-4033<\/h3><\/a><\/div><div class=\"eael-product-price\"><span class=\"woocommerce-Price-amount amount\"><span class=\"woocommerce-Price-currencySymbol\">MX$ <\/span>912.20<\/span><\/div>            <a href=\"?add-to-cart=4993\" aria-describedby=\"woocommerce_loop_add_to_cart_link_describedby_4993\" data-quantity=\"1\" class=\"button product_type_simple add_to_cart_button ajax_add_to_cart\" data-product_id=\"4993\" data-product_sku=\"\" aria-label=\"Add to cart: &ldquo;LGD-4033&rdquo;\" rel=\"nofollow\" data-success_message=\"&ldquo;LGD-4033&rdquo; has been added to your cart\">A\u00f1adir a la cesta<\/a>\t<span id=\"woocommerce_loop_add_to_cart_link_describedby_4993\" class=\"screen-reader-text\">\n\t\t\t<\/span>\n                    <\/div>\n\n    <\/li>\n\t    <li class=\"product \">\n\t\t        <div class=\"eael-product-wrap\">\n\t\t\t<a href=\"https:\/\/www.olympia-anabolic.pl\/mexico\/product\/sar\/\" class=\"woocommerce-LoopProduct-link woocommerce-loop-product__link\"><img decoding=\"async\" width=\"1080\" height=\"1080\" src=\"https:\/\/www.olympia-anabolic.pl\/mexico\/wp-content\/uploads\/2025\/02\/GW-501516-1.png\" class=\"attachment-woocommerce_thumbnail size-woocommerce_thumbnail wvs-archive-product-image\" alt=\"\" loading=\"eager\" \/><\/a><div class=\"eael-product-title\">\n                                <a href=\"https:\/\/www.olympia-anabolic.pl\/mexico\/product\/sar\/\" class=\"woocommerce-LoopProduct-link woocommerce-loop-product__link\"><h3 class=\"woocommerce-loop-product__title\">GW-501516<\/h3><\/a><\/div><div class=\"eael-product-price\"><span class=\"woocommerce-Price-amount amount\"><span class=\"woocommerce-Price-currencySymbol\">MX$ <\/span>877.40<\/span><\/div>            <a href=\"?add-to-cart=4263\" aria-describedby=\"woocommerce_loop_add_to_cart_link_describedby_4263\" data-quantity=\"1\" class=\"button product_type_simple add_to_cart_button ajax_add_to_cart\" data-product_id=\"4263\" data-product_sku=\"\" aria-label=\"Add to cart: &ldquo;GW-501516&rdquo;\" rel=\"nofollow\" data-success_message=\"&ldquo;GW-501516&rdquo; has been added to your cart\">A\u00f1adir a la cesta<\/a>\t<span id=\"woocommerce_loop_add_to_cart_link_describedby_4263\" class=\"screen-reader-text\">\n\t\t\t<\/span>\n                    <\/div>\n\n    <\/li>\n\t<\/ul>            <\/div>\n        <\/div>\n\n        <script type=\"text\/javascript\">\n            jQuery(document).ready(function($) {\n                var $scope = jQuery(\".elementor-element-60e1422\");\n                var $products = $('.products', $scope);\n                var $layout_mode = $products.data('layout-mode');\n                \n                if ( $layout_mode === 'masonry' ) {\n                    \/\/ init isotope\n                    var $isotope_products = $products.isotope({\n                        itemSelector: \"li.product\",\n                        layoutMode: $layout_mode,\n                        percentPosition: true\n                    });\n\n                    $isotope_products.imagesLoaded().progress( function() {\n                        $isotope_products.isotope('layout');\n                    })\n                    \n                }\n            });\n        <\/script>\n        \t\t\t\t<\/div>\n\t\t\t\t<\/div>\n\t\t\t\t\t<\/div>\n\t\t\t\t<\/div>\n\t\t\t\t<\/div>\n\t\t","protected":false},"excerpt":{"rendered":"<p>SARM Home \/ Page YK-11 &#036;877.40 A\u00f1adir a la cesta SR-9009 &#036;946.80 A\u00f1adir a la cesta S-4 &#036;900.60 A\u00f1adir a [&hellip;]<\/p>\n","protected":false},"author":1,"featured_media":0,"parent":0,"menu_order":0,"comment_status":"closed","ping_status":"closed","template":"","meta":{"site-sidebar-layout":"no-sidebar","site-content-layout":"page-builder","ast-site-content-layout":"full-width-container","site-content-style":"default","site-sidebar-style":"default","ast-global-header-display":"","ast-banner-title-visibility":"","ast-main-header-display":"","ast-hfb-above-header-display":"","ast-hfb-below-header-display":"","ast-hfb-mobile-header-display":"","site-post-title":"disabled","ast-breadcrumbs-content":"","ast-featured-img":"disabled","footer-sml-layout":"","theme-transparent-header-meta":"","adv-header-id-meta":"","stick-header-meta":"","header-above-stick-meta":"","header-main-stick-meta":"","header-below-stick-meta":"","astra-migrate-meta-layouts":"set","ast-page-background-enabled":"default","ast-page-background-meta":{"desktop":{"background-color":"","background-image":"","background-repeat":"repeat","background-position":"center center","background-size":"auto","background-attachment":"scroll","background-type":"","background-media":"","overlay-type":"","overlay-color":"","overlay-opacity":"","overlay-gradient":""},"tablet":{"background-color":"","background-image":"","background-repeat":"repeat","background-position":"center center","background-size":"auto","background-attachment":"scroll","background-type":"","background-media":"","overlay-type":"","overlay-color":"","overlay-opacity":"","overlay-gradient":""},"mobile":{"background-color":"","background-image":"","background-repeat":"repeat","background-position":"center center","background-size":"auto","background-attachment":"scroll","background-type":"","background-media":"","overlay-type":"","overlay-color":"","overlay-opacity":"","overlay-gradient":""}},"ast-content-background-meta":{"desktop":{"background-color":"var(--ast-global-color-5)","background-image":"","background-repeat":"repeat","background-position":"center center","background-size":"auto","background-attachment":"scroll","background-type":"","background-media":"","overlay-type":"","overlay-color":"","overlay-opacity":"","overlay-gradient":""},"tablet":{"background-color":"var(--ast-global-color-5)","background-image":"","background-repeat":"repeat","background-position":"center center","background-size":"auto","background-attachment":"scroll","background-type":"","background-media":"","overlay-type":"","overlay-color":"","overlay-opacity":"","overlay-gradient":""},"mobile":{"background-color":"var(--ast-global-color-5)","background-image":"","background-repeat":"repeat","background-position":"center center","background-size":"auto","background-attachment":"scroll","background-type":"","background-media":"","overlay-type":"","overlay-color":"","overlay-opacity":"","overlay-gradient":""}},"footnotes":""},"class_list":["post-3166","page","type-page","status-publish","hentry","desktop-align-left","tablet-align-center","mobile-align-center"],"_links":{"self":[{"href":"https:\/\/www.olympia-anabolic.pl\/mexico\/wp-json\/wp\/v2\/pages\/3166","targetHints":{"allow":["GET"]}}],"collection":[{"href":"https:\/\/www.olympia-anabolic.pl\/mexico\/wp-json\/wp\/v2\/pages"}],"about":[{"href":"https:\/\/www.olympia-anabolic.pl\/mexico\/wp-json\/wp\/v2\/types\/page"}],"author":[{"embeddable":true,"href":"https:\/\/www.olympia-anabolic.pl\/mexico\/wp-json\/wp\/v2\/users\/1"}],"replies":[{"embeddable":true,"href":"https:\/\/www.olympia-anabolic.pl\/mexico\/wp-json\/wp\/v2\/comments?post=3166"}],"version-history":[{"count":24,"href":"https:\/\/www.olympia-anabolic.pl\/mexico\/wp-json\/wp\/v2\/pages\/3166\/revisions"}],"predecessor-version":[{"id":7702,"href":"https:\/\/www.olympia-anabolic.pl\/mexico\/wp-json\/wp\/v2\/pages\/3166\/revisions\/7702"}],"wp:attachment":[{"href":"https:\/\/www.olympia-anabolic.pl\/mexico\/wp-json\/wp\/v2\/media?parent=3166"}],"curies":[{"name":"wp","href":"https:\/\/api.w.org\/{rel}","templated":true}]}}