{"id":3169,"date":"2025-02-22T09:07:57","date_gmt":"2025-02-22T09:07:57","guid":{"rendered":"https:\/\/nikeshupadhyay.com\/olympia\/?page_id=3169"},"modified":"2025-05-12T11:58:18","modified_gmt":"2025-05-12T11:58:18","slug":"peptides","status":"publish","type":"page","link":"https:\/\/www.olympia-anabolic.pl\/mexico\/peptides\/","title":{"rendered":"Peptides"},"content":{"rendered":"\t\t<div data-elementor-type=\"wp-page\" data-elementor-id=\"3169\" class=\"elementor elementor-3169\">\n\t\t\t\t<div class=\"elementor-element elementor-element-ec55fd4 e-flex e-con-boxed e-con e-parent\" data-id=\"ec55fd4\" data-element_type=\"container\" data-settings=\"{&quot;background_background&quot;:&quot;classic&quot;}\">\n\t\t\t\t\t<div class=\"e-con-inner\">\n\t\t<div class=\"elementor-element elementor-element-1667a22 e-con-full e-flex e-con e-child\" data-id=\"1667a22\" data-element_type=\"container\">\n\t\t\t\t<div class=\"elementor-element elementor-element-369aab9 elementor-widget elementor-widget-heading\" data-id=\"369aab9\" data-element_type=\"widget\" data-widget_type=\"heading.default\">\n\t\t\t\t<div class=\"elementor-widget-container\">\n\t\t\t\t\t<h3 class=\"elementor-heading-title elementor-size-default\">P\u00c9PTIDOS<\/h3>\t\t\t\t<\/div>\n\t\t\t\t<\/div>\n\t\t\t\t<div class=\"elementor-element elementor-element-0db3d83 elementor-widget elementor-widget-eael-breadcrumbs\" data-id=\"0db3d83\" data-element_type=\"widget\" data-widget_type=\"eael-breadcrumbs.default\">\n\t\t\t\t<div class=\"elementor-widget-container\">\n\t\t\t\t\t\t\t<div class=\"eael-breadcrumbs\">\n\t\t\t<div class=\"eael-breadcrumbs__content\"><a href=\"https:\/\/www.olympia-anabolic.pl\/mexico\">Home<\/a> <span class=\"eael-breadcrumb-separator\">\/<\/span> <span class = \"eael-current\">Page<\/span><\/div>\t\t<\/div>\n\t\t\t\t\t\t<\/div>\n\t\t\t\t<\/div>\n\t\t\t\t<\/div>\n\t\t\t\t\t<\/div>\n\t\t\t\t<\/div>\n\t\t<div class=\"elementor-element elementor-element-71a574c e-flex e-con-boxed e-con e-parent\" data-id=\"71a574c\" data-element_type=\"container\">\n\t\t\t\t\t<div class=\"e-con-inner\">\n\t\t\t\t<div class=\"elementor-element elementor-element-5b4d4cf eael-product-grid-column-3 eael-product-grid-column-tablet-2 eael-product-grid-column-mobile-2 elementor-widget elementor-widget-eicon-woocommerce\" data-id=\"5b4d4cf\" data-element_type=\"widget\" data-widget_type=\"eicon-woocommerce.default\">\n\t\t\t\t<div class=\"elementor-widget-container\">\n\t\t\t\t\t\n        <div class=\"eael-product-grid eael-product-simple masonry\" id=\"eael-product-grid\" data-widget-id=\"5b4d4cf\" data-page-id=\"3169\" data-nonce=\"178855b7ef\" >\n            <div class=\"woocommerce\">\n                <ul class=\"products\" data-layout-mode=\"masonry\">    <li class=\"product \">\n\t\t        <div class=\"eael-product-wrap\">\n\t\t\t<a href=\"https:\/\/www.olympia-anabolic.pl\/mexico\/product\/bpc-157-tb-500\/\" class=\"woocommerce-LoopProduct-link woocommerce-loop-product__link\"><img fetchpriority=\"high\" decoding=\"async\" width=\"1080\" height=\"1080\" src=\"https:\/\/www.olympia-anabolic.pl\/mexico\/wp-content\/uploads\/2025\/04\/bpc-1.png\" class=\"attachment-woocommerce_thumbnail size-woocommerce_thumbnail wvs-archive-product-image\" alt=\"\" loading=\"eager\" \/><\/a><div class=\"eael-product-title\">\n                                <a href=\"https:\/\/www.olympia-anabolic.pl\/mexico\/product\/bpc-157-tb-500\/\" class=\"woocommerce-LoopProduct-link woocommerce-loop-product__link\"><h3 class=\"woocommerce-loop-product__title\">BPC-157+TB-500<\/h3><\/a><\/div><div class=\"eael-product-price\"><span class=\"woocommerce-Price-amount amount\"><span class=\"woocommerce-Price-currencySymbol\">MX$ <\/span>1432.50<\/span><\/div>            <a href=\"?add-to-cart=5375\" aria-describedby=\"woocommerce_loop_add_to_cart_link_describedby_5375\" data-quantity=\"1\" class=\"button product_type_simple add_to_cart_button ajax_add_to_cart\" data-product_id=\"5375\" data-product_sku=\"\" aria-label=\"Add to cart: &ldquo;BPC-157+TB-500&rdquo;\" rel=\"nofollow\" data-success_message=\"&ldquo;BPC-157+TB-500&rdquo; has been added to your cart\">A\u00f1adir a la cesta<\/a>\t<span id=\"woocommerce_loop_add_to_cart_link_describedby_5375\" class=\"screen-reader-text\">\n\t\t\t<\/span>\n                    <\/div>\n\n    <\/li>\n\t    <li class=\"product \">\n\t\t        <div class=\"eael-product-wrap\">\n\t\t\t<a href=\"https:\/\/www.olympia-anabolic.pl\/mexico\/product\/somatropina\/\" class=\"woocommerce-LoopProduct-link woocommerce-loop-product__link\"><img decoding=\"async\" width=\"1080\" height=\"1080\" src=\"https:\/\/www.olympia-anabolic.pl\/mexico\/wp-content\/uploads\/2025\/04\/somatropina.png\" class=\"attachment-woocommerce_thumbnail size-woocommerce_thumbnail wvs-archive-product-image\" alt=\"\" loading=\"eager\" \/><\/a><div class=\"eael-product-title\">\n                                <a href=\"https:\/\/www.olympia-anabolic.pl\/mexico\/product\/somatropina\/\" class=\"woocommerce-LoopProduct-link woocommerce-loop-product__link\"><h3 class=\"woocommerce-loop-product__title\">SOMATROPINA<\/h3><\/a><\/div><div class=\"eael-product-price\"><span class=\"woocommerce-Price-amount amount\"><span class=\"woocommerce-Price-currencySymbol\">MX$ <\/span>3118.40<\/span><\/div>            <a href=\"?add-to-cart=5244\" aria-describedby=\"woocommerce_loop_add_to_cart_link_describedby_5244\" data-quantity=\"1\" class=\"button product_type_simple add_to_cart_button ajax_add_to_cart\" data-product_id=\"5244\" data-product_sku=\"\" aria-label=\"Add to cart: &ldquo;SOMATROPINA&rdquo;\" rel=\"nofollow\" data-success_message=\"&ldquo;SOMATROPINA&rdquo; has been added to your cart\">A\u00f1adir a la cesta<\/a>\t<span id=\"woocommerce_loop_add_to_cart_link_describedby_5244\" class=\"screen-reader-text\">\n\t\t\t<\/span>\n                    <\/div>\n\n    <\/li>\n\t    <li class=\"product \">\n\t\t        <div class=\"eael-product-wrap\">\n\t\t\t<a href=\"https:\/\/www.olympia-anabolic.pl\/mexico\/product\/lean-ava\/\" class=\"woocommerce-LoopProduct-link woocommerce-loop-product__link\"><img decoding=\"async\" width=\"1080\" height=\"1080\" src=\"https:\/\/www.olympia-anabolic.pl\/mexico\/wp-content\/uploads\/2025\/04\/LEAN-AVA.png\" class=\"attachment-woocommerce_thumbnail size-woocommerce_thumbnail wvs-archive-product-image\" alt=\"\" loading=\"eager\" \/><\/a><div class=\"eael-product-title\">\n                                <a href=\"https:\/\/www.olympia-anabolic.pl\/mexico\/product\/lean-ava\/\" class=\"woocommerce-LoopProduct-link woocommerce-loop-product__link\"><h3 class=\"woocommerce-loop-product__title\">LEAN-AVA<\/h3><\/a><\/div><div class=\"eael-product-price\"><span class=\"woocommerce-Price-amount amount\"><span class=\"woocommerce-Price-currencySymbol\">MX$ <\/span>3348.20<\/span><\/div>            <a href=\"?add-to-cart=5241\" aria-describedby=\"woocommerce_loop_add_to_cart_link_describedby_5241\" data-quantity=\"1\" class=\"button product_type_simple add_to_cart_button ajax_add_to_cart\" data-product_id=\"5241\" data-product_sku=\"\" aria-label=\"Add to cart: &ldquo;LEAN-AVA&rdquo;\" rel=\"nofollow\" data-success_message=\"&ldquo;LEAN-AVA&rdquo; has been added to your cart\">A\u00f1adir a la cesta<\/a>\t<span id=\"woocommerce_loop_add_to_cart_link_describedby_5241\" class=\"screen-reader-text\">\n\t\t\t<\/span>\n                    <\/div>\n\n    <\/li>\n\t    <li class=\"product \">\n\t\t        <div class=\"eael-product-wrap\">\n\t\t\t<a href=\"https:\/\/www.olympia-anabolic.pl\/mexico\/product\/igf-1lr3\/\" class=\"woocommerce-LoopProduct-link woocommerce-loop-product__link\"><img decoding=\"async\" width=\"1080\" height=\"1080\" src=\"https:\/\/www.olympia-anabolic.pl\/mexico\/wp-content\/uploads\/2025\/04\/IGF-1LR3.png\" class=\"attachment-woocommerce_thumbnail size-woocommerce_thumbnail wvs-archive-product-image\" alt=\"\" loading=\"eager\" \/><\/a><div class=\"eael-product-title\">\n                                <a href=\"https:\/\/www.olympia-anabolic.pl\/mexico\/product\/igf-1lr3\/\" class=\"woocommerce-LoopProduct-link woocommerce-loop-product__link\"><h3 class=\"woocommerce-loop-product__title\">IGF-1 LR3<\/h3><\/a><\/div><div class=\"eael-product-price\"><span class=\"woocommerce-Price-amount amount\"><span class=\"woocommerce-Price-currencySymbol\">MX$ <\/span>3002.20<\/span><\/div>            <a href=\"?add-to-cart=5240\" aria-describedby=\"woocommerce_loop_add_to_cart_link_describedby_5240\" data-quantity=\"1\" class=\"button product_type_simple add_to_cart_button ajax_add_to_cart\" data-product_id=\"5240\" data-product_sku=\"\" aria-label=\"Add to cart: &ldquo;IGF-1 LR3&rdquo;\" rel=\"nofollow\" data-success_message=\"&ldquo;IGF-1 LR3&rdquo; has been added to your cart\">A\u00f1adir a la cesta<\/a>\t<span id=\"woocommerce_loop_add_to_cart_link_describedby_5240\" class=\"screen-reader-text\">\n\t\t\t<\/span>\n                    <\/div>\n\n    <\/li>\n\t    <li class=\"product \">\n\t\t        <div class=\"eael-product-wrap\">\n\t\t\t<a href=\"https:\/\/www.olympia-anabolic.pl\/mexico\/product\/ghrp-6\/\" class=\"woocommerce-LoopProduct-link woocommerce-loop-product__link\"><img decoding=\"async\" width=\"1080\" height=\"1080\" src=\"https:\/\/www.olympia-anabolic.pl\/mexico\/wp-content\/uploads\/2025\/04\/ghrp-6.png\" class=\"attachment-woocommerce_thumbnail size-woocommerce_thumbnail wvs-archive-product-image\" alt=\"\" loading=\"eager\" \/><\/a><div class=\"eael-product-title\">\n                                <a href=\"https:\/\/www.olympia-anabolic.pl\/mexico\/product\/ghrp-6\/\" class=\"woocommerce-LoopProduct-link woocommerce-loop-product__link\"><h3 class=\"woocommerce-loop-product__title\">GHRP - 6<\/h3><\/a><\/div><div class=\"eael-product-price\"><span class=\"woocommerce-Price-amount amount\"><span class=\"woocommerce-Price-currencySymbol\">MX$ <\/span>2540.20<\/span><\/div>            <a href=\"?add-to-cart=5238\" aria-describedby=\"woocommerce_loop_add_to_cart_link_describedby_5238\" data-quantity=\"1\" class=\"button product_type_simple add_to_cart_button ajax_add_to_cart\" data-product_id=\"5238\" data-product_sku=\"\" aria-label=\"Add to cart: &ldquo;GHRP - 6&rdquo;\" rel=\"nofollow\" data-success_message=\"&ldquo;GHRP - 6&rdquo; has been added to your cart\">A\u00f1adir a la cesta<\/a>\t<span id=\"woocommerce_loop_add_to_cart_link_describedby_5238\" class=\"screen-reader-text\">\n\t\t\t<\/span>\n                    <\/div>\n\n    <\/li>\n\t    <li class=\"product \">\n\t\t        <div class=\"eael-product-wrap\">\n\t\t\t<a href=\"https:\/\/www.olympia-anabolic.pl\/mexico\/product\/hgh-fragment-176-191\/\" class=\"woocommerce-LoopProduct-link woocommerce-loop-product__link\"><img decoding=\"async\" width=\"1080\" height=\"1080\" src=\"https:\/\/www.olympia-anabolic.pl\/mexico\/wp-content\/uploads\/2025\/04\/fragment.png\" class=\"attachment-woocommerce_thumbnail size-woocommerce_thumbnail wvs-archive-product-image\" alt=\"\" loading=\"eager\" \/><\/a><div class=\"eael-product-title\">\n                                <a href=\"https:\/\/www.olympia-anabolic.pl\/mexico\/product\/hgh-fragment-176-191\/\" class=\"woocommerce-LoopProduct-link woocommerce-loop-product__link\"><h3 class=\"woocommerce-loop-product__title\">HGH FRAGMENT 176\u2013191<\/h3><\/a><\/div><div class=\"eael-product-price\"><span class=\"woocommerce-Price-amount amount\"><span class=\"woocommerce-Price-currencySymbol\">MX$ <\/span>2771.20<\/span><\/div>            <a href=\"?add-to-cart=5236\" aria-describedby=\"woocommerce_loop_add_to_cart_link_describedby_5236\" data-quantity=\"1\" class=\"button product_type_simple add_to_cart_button ajax_add_to_cart\" data-product_id=\"5236\" data-product_sku=\"\" aria-label=\"Add to cart: &ldquo;HGH FRAGMENT 176\u2013191&rdquo;\" rel=\"nofollow\" data-success_message=\"&ldquo;HGH FRAGMENT 176\u2013191&rdquo; has been added to your cart\">A\u00f1adir a la cesta<\/a>\t<span id=\"woocommerce_loop_add_to_cart_link_describedby_5236\" class=\"screen-reader-text\">\n\t\t\t<\/span>\n                    <\/div>\n\n    <\/li>\n\t    <li class=\"product \">\n\t\t        <div class=\"eael-product-wrap\">\n\t\t\t<a href=\"https:\/\/www.olympia-anabolic.pl\/mexico\/product\/bpc-157tb-500\/\" class=\"woocommerce-LoopProduct-link woocommerce-loop-product__link\"><img decoding=\"async\" width=\"1080\" height=\"1080\" src=\"https:\/\/www.olympia-anabolic.pl\/mexico\/wp-content\/uploads\/2025\/02\/bpc_.png\" class=\"attachment-woocommerce_thumbnail size-woocommerce_thumbnail wvs-archive-product-image\" alt=\"\" loading=\"eager\" \/><\/a><div class=\"eael-product-title\">\n                                <a href=\"https:\/\/www.olympia-anabolic.pl\/mexico\/product\/bpc-157tb-500\/\" class=\"woocommerce-LoopProduct-link woocommerce-loop-product__link\"><h3 class=\"woocommerce-loop-product__title\">BPC-157+TB-500<\/h3><\/a><\/div><div class=\"eael-product-price\"><span class=\"woocommerce-Price-amount amount\"><span class=\"woocommerce-Price-currencySymbol\">MX$ <\/span>2655.40<\/span><\/div>            <a href=\"?add-to-cart=167\" aria-describedby=\"woocommerce_loop_add_to_cart_link_describedby_167\" data-quantity=\"1\" class=\"button product_type_simple add_to_cart_button ajax_add_to_cart\" data-product_id=\"167\" data-product_sku=\"\" aria-label=\"Add to cart: &ldquo;BPC-157+TB-500&rdquo;\" rel=\"nofollow\" data-success_message=\"&ldquo;BPC-157+TB-500&rdquo; has been added to your cart\">A\u00f1adir a la cesta<\/a>\t<span id=\"woocommerce_loop_add_to_cart_link_describedby_167\" class=\"screen-reader-text\">\n\t\t\t<\/span>\n                    <\/div>\n\n    <\/li>\n\t<\/ul>            <\/div>\n        <\/div>\n\n        <script type=\"text\/javascript\">\n            jQuery(document).ready(function($) {\n                var $scope = jQuery(\".elementor-element-5b4d4cf\");\n                var $products = $('.products', $scope);\n                var $layout_mode = $products.data('layout-mode');\n                \n                if ( $layout_mode === 'masonry' ) {\n                    \/\/ init isotope\n                    var $isotope_products = $products.isotope({\n                        itemSelector: \"li.product\",\n                        layoutMode: $layout_mode,\n                        percentPosition: true\n                    });\n\n                    $isotope_products.imagesLoaded().progress( function() {\n                        $isotope_products.isotope('layout');\n                    })\n                    \n                }\n            });\n        <\/script>\n        \t\t\t\t<\/div>\n\t\t\t\t<\/div>\n\t\t\t\t\t<\/div>\n\t\t\t\t<\/div>\n\t\t\t\t<\/div>\n\t\t","protected":false},"excerpt":{"rendered":"<p>P\u00c9PTIDOS Home \/ Page BPC-157+TB-500 &#036;1,432.50 A\u00f1adir a la cesta SOMATROPINA &#036;3,118.40 A\u00f1adir a la cesta LEAN-AVA &#036;3,348.20 A\u00f1adir a [&hellip;]<\/p>\n","protected":false},"author":1,"featured_media":0,"parent":0,"menu_order":0,"comment_status":"closed","ping_status":"closed","template":"","meta":{"site-sidebar-layout":"no-sidebar","site-content-layout":"page-builder","ast-site-content-layout":"full-width-container","site-content-style":"default","site-sidebar-style":"default","ast-global-header-display":"","ast-banner-title-visibility":"","ast-main-header-display":"","ast-hfb-above-header-display":"","ast-hfb-below-header-display":"","ast-hfb-mobile-header-display":"","site-post-title":"disabled","ast-breadcrumbs-content":"","ast-featured-img":"disabled","footer-sml-layout":"","theme-transparent-header-meta":"","adv-header-id-meta":"","stick-header-meta":"","header-above-stick-meta":"","header-main-stick-meta":"","header-below-stick-meta":"","astra-migrate-meta-layouts":"set","ast-page-background-enabled":"default","ast-page-background-meta":{"desktop":{"background-color":"","background-image":"","background-repeat":"repeat","background-position":"center center","background-size":"auto","background-attachment":"scroll","background-type":"","background-media":"","overlay-type":"","overlay-color":"","overlay-opacity":"","overlay-gradient":""},"tablet":{"background-color":"","background-image":"","background-repeat":"repeat","background-position":"center center","background-size":"auto","background-attachment":"scroll","background-type":"","background-media":"","overlay-type":"","overlay-color":"","overlay-opacity":"","overlay-gradient":""},"mobile":{"background-color":"","background-image":"","background-repeat":"repeat","background-position":"center center","background-size":"auto","background-attachment":"scroll","background-type":"","background-media":"","overlay-type":"","overlay-color":"","overlay-opacity":"","overlay-gradient":""}},"ast-content-background-meta":{"desktop":{"background-color":"var(--ast-global-color-5)","background-image":"","background-repeat":"repeat","background-position":"center center","background-size":"auto","background-attachment":"scroll","background-type":"","background-media":"","overlay-type":"","overlay-color":"","overlay-opacity":"","overlay-gradient":""},"tablet":{"background-color":"var(--ast-global-color-5)","background-image":"","background-repeat":"repeat","background-position":"center center","background-size":"auto","background-attachment":"scroll","background-type":"","background-media":"","overlay-type":"","overlay-color":"","overlay-opacity":"","overlay-gradient":""},"mobile":{"background-color":"var(--ast-global-color-5)","background-image":"","background-repeat":"repeat","background-position":"center center","background-size":"auto","background-attachment":"scroll","background-type":"","background-media":"","overlay-type":"","overlay-color":"","overlay-opacity":"","overlay-gradient":""}},"footnotes":""},"class_list":["post-3169","page","type-page","status-publish","hentry","desktop-align-left","tablet-align-center","mobile-align-center"],"_links":{"self":[{"href":"https:\/\/www.olympia-anabolic.pl\/mexico\/wp-json\/wp\/v2\/pages\/3169","targetHints":{"allow":["GET"]}}],"collection":[{"href":"https:\/\/www.olympia-anabolic.pl\/mexico\/wp-json\/wp\/v2\/pages"}],"about":[{"href":"https:\/\/www.olympia-anabolic.pl\/mexico\/wp-json\/wp\/v2\/types\/page"}],"author":[{"embeddable":true,"href":"https:\/\/www.olympia-anabolic.pl\/mexico\/wp-json\/wp\/v2\/users\/1"}],"replies":[{"embeddable":true,"href":"https:\/\/www.olympia-anabolic.pl\/mexico\/wp-json\/wp\/v2\/comments?post=3169"}],"version-history":[{"count":20,"href":"https:\/\/www.olympia-anabolic.pl\/mexico\/wp-json\/wp\/v2\/pages\/3169\/revisions"}],"predecessor-version":[{"id":7657,"href":"https:\/\/www.olympia-anabolic.pl\/mexico\/wp-json\/wp\/v2\/pages\/3169\/revisions\/7657"}],"wp:attachment":[{"href":"https:\/\/www.olympia-anabolic.pl\/mexico\/wp-json\/wp\/v2\/media?parent=3169"}],"curies":[{"name":"wp","href":"https:\/\/api.w.org\/{rel}","templated":true}]}}