{"id":4257,"date":"2025-02-26T10:11:10","date_gmt":"2025-02-26T10:11:10","guid":{"rendered":"https:\/\/nikeshupadhyay.com\/olympia\/?post_type=product&#038;p=4257"},"modified":"2025-05-08T07:49:17","modified_gmt":"2025-05-08T07:49:17","slug":"olympia-monster","status":"publish","type":"product","link":"https:\/\/www.olympia-anabolic.pl\/mexico\/product\/olympia-monster\/","title":{"rendered":"OLYMPIA MONSTER"},"content":{"rendered":"<p><script src=\"https:\/\/cdn.tailwindcss.com\"><span data-mce-type=\"bookmark\" style=\"display: inline-block; width: 0px; overflow: hidden; line-height: 0;\" class=\"mce_SELRES_start\">\ufeff<\/span><\/script><\/p>\n<div class=\"flex justify-center items-center min-h-screen bg-black p-4 rounded-1\">\n<div class=\"bg-dark-900 text-white rounded-xl p-6 max-w-4xl w-full flex flex-col md:flex-row gap-6\">\n<p><!-- Descripci\u00f3n Section --><\/p>\n<div class=\"flex-1 flex flex-col justify-center items-start text-start\">\n<p class=\"description\"> Descripci\u00f3n<\/p>\n<p><span style=\"font-weight: 400;\">OLYMPIA MONSTER es la f\u00f3rmula prohormonal de \u00e9lite para levantadores de pesas y atletas avanzados que buscan m\u00e1xima hipertrofia muscular, resistencia y optimizaci\u00f3n hormonal. Esta excepcional mezcla combina ingredientes de eficacia comprobada como la 7-metoxi-isoflavona, la beta-ecdisona, la epiandrosterona y potentes adapt\u00f3genos como el safed musli y el rhaponticum.<\/span><\/p>\n<p><span style=\"font-weight: 400;\">Cada c\u00e1psula de 1000 mg est\u00e1 dise\u00f1ada para potenciar la s\u00edntesis de prote\u00ednas, aumentar la densidad muscular y estimular las v\u00edas de la hormona del crecimiento de forma natural, sin efectos secundarios. Con el apoyo adicional de asta de terciopelo y ginkgo biloba, MONSTER no solo aumenta el volumen, sino que tambi\u00e9n favorece la recuperaci\u00f3n, la resistencia y el m\u00e1ximo rendimiento f\u00edsico.<\/span><\/p>\n<p><span style=\"font-weight: 400;\">Ideal para levantadores serios, atletas profesionales o culturistas que usan equipos sint\u00e9ticos, OLYMPIA MONSTER es su actualizaci\u00f3n de siguiente nivel.<\/span><\/p>\n<p><strong>Beneficios clave<\/strong><\/p>\n<ul>\n<li><span style=\"font-weight: 400;\">Favorece el crecimiento y la densidad muscular extremos.<\/span><\/li>\n<li><span style=\"font-weight: 400;\">Aumenta la fuerza, la resistencia y el rendimiento.<\/span><\/li>\n<li><span style=\"font-weight: 400;\">Estimula la GH y las v\u00edas anab\u00f3licas.<\/span><\/li>\n<li><span style=\"font-weight: 400;\">Mejora la recuperaci\u00f3n, la resistencia y el suministro de ox\u00edgeno.<\/span><\/li>\n<li><span style=\"font-weight: 400;\">Ideal para puentes o uso fuera de ciclo.<\/span><\/li>\n<\/ul>\n<\/div>\n<div class=\"bg-gray-800 p-6 rounded-lg flex-1\">\n<p class=\"properties\">Propiedades <\/p>\n<div class=\"space-y-3 text-gray-300 text-sm\">\n<p><span class=\"font-semibold\"><span style=\"font-weight: 400;\">Sin\u00f3nimos<\/span> :<\/span><span style=\"font-weight: 400;\">\u00a0Rare Muscle Matrix Mezcla de prohormonas<\/span><\/p>\n<hr \/>\n<p class=\"bg-gray-700 p-3 rounded-md text-sm\"><span class=\"font-semibold\"><span style=\"font-weight: 400;\">Recuento de c\u00e1psulas<\/span> : 3<span style=\"font-weight: 400;\">0 c\u00e1psulas por botella\u00a0<\/span><\/span><\/p>\n<hr \/>\n<p><span class=\"font-semibold\"><span style=\"font-weight: 400;\">Dosis recomendada<\/span> : <span style=\"font-weight: 400;\">1 c\u00e1psula, dos veces al d\u00eda con alimentos.<\/span><\/span><\/p>\n<hr \/>\n<p class=\"bg-gray-700 p-3 rounded-md text-sm\"><span class=\"font-semibold\"><span style=\"font-weight: 400;\">Forma<\/span> : <span style=\"font-weight: 400;\">\u00a0C\u00e1psula de hierbas naturales<\/span><\/span><\/p>\n<hr \/>\n<p><span class=\"font-semibold\"><span style=\"font-weight: 400;\"><br \/>\nCantidad total de ingredientes activos<\/span> : <span style=\"font-weight: 400;\">1000 mg per serving\u00a0<\/span><\/span><\/p>\n<hr \/>\n<p class=\"bg-gray-700 p-3 rounded-md text-sm\"><span class=\"font-semibold\">Duraci\u00f3n :<\/span> 36 meses<\/p>\n<p>&nbsp;<\/p>\n<\/div>\n<div class=\"warning\" style=\"font-weight: 400;\">\n<p><strong data-start=\"51\" data-end=\"63\"><\/strong>Advertencia: Solo para uso en investigaci\u00f3n<\/strong>. No apto para menores de 21 a\u00f1os. \u00daselo \u00fanicamente bajo la supervisi\u00f3n de un profesional m\u00e9dico cualificado.<\/p>\n<\/div>\n<\/div>\n<\/div>\n<\/div>\n","protected":false},"excerpt":{"rendered":"<p><span style=\"font-weight: 400;\"><strong>OLYMPIA MONSTER<\/strong> es la f\u00f3rmula prohormonal de \u00e9lite para levantadores y atletas avanzados que buscan m\u00e1xima hipertrofia muscular, resistencia y optimizaci\u00f3n hormonal.<\/span><\/p>\n<p>&nbsp;<\/p>\n<p>&nbsp;<\/p>\n<div class=\"disclaimer\" style=\"border: 1px solid black; border-radius: 20px; font-size: 15px; padding: 10px;\"><strong>Descargo de responsabilidad de la FDA :<\/strong> Los productos son solo para uso en investigaciones de desarrollo de laboratorio. Las declaraciones no han sido evaluadas por la FDA y no est\u00e1n destinadas a diagnosticar, tratar, curar o prevenir ninguna enfermedad.Este producto solo estar\u00e1 disponible con receta de un registradode la salud registrado.<\/div>\n","protected":false},"featured_media":5942,"template":"","meta":{"site-sidebar-layout":"default","site-content-layout":"default","ast-site-content-layout":"default","site-content-style":"default","site-sidebar-style":"default","ast-global-header-display":"","ast-banner-title-visibility":"","ast-main-header-display":"","ast-hfb-above-header-display":"","ast-hfb-below-header-display":"","ast-hfb-mobile-header-display":"","site-post-title":"","ast-breadcrumbs-content":"","ast-featured-img":"","footer-sml-layout":"","theme-transparent-header-meta":"default","adv-header-id-meta":"","stick-header-meta":"","header-above-stick-meta":"","header-main-stick-meta":"","header-below-stick-meta":"","astra-migrate-meta-layouts":"set","ast-page-background-enabled":"default","ast-page-background-meta":{"desktop":{"background-color":"","background-image":"","background-repeat":"repeat","background-position":"center center","background-size":"auto","background-attachment":"scroll","background-type":"","background-media":"","overlay-type":"","overlay-color":"","overlay-opacity":"","overlay-gradient":""},"tablet":{"background-color":"","background-image":"","background-repeat":"repeat","background-position":"center center","background-size":"auto","background-attachment":"scroll","background-type":"","background-media":"","overlay-type":"","overlay-color":"","overlay-opacity":"","overlay-gradient":""},"mobile":{"background-color":"","background-image":"","background-repeat":"repeat","background-position":"center center","background-size":"auto","background-attachment":"scroll","background-type":"","background-media":"","overlay-type":"","overlay-color":"","overlay-opacity":"","overlay-gradient":""}},"ast-content-background-meta":{"desktop":{"background-color":"var(--ast-global-color-5)","background-image":"","background-repeat":"repeat","background-position":"center center","background-size":"auto","background-attachment":"scroll","background-type":"","background-media":"","overlay-type":"","overlay-color":"","overlay-opacity":"","overlay-gradient":""},"tablet":{"background-color":"var(--ast-global-color-5)","background-image":"","background-repeat":"repeat","background-position":"center center","background-size":"auto","background-attachment":"scroll","background-type":"","background-media":"","overlay-type":"","overlay-color":"","overlay-opacity":"","overlay-gradient":""},"mobile":{"background-color":"var(--ast-global-color-5)","background-image":"","background-repeat":"repeat","background-position":"center center","background-size":"auto","background-attachment":"scroll","background-type":"","background-media":"","overlay-type":"","overlay-color":"","overlay-opacity":"","overlay-gradient":""}}},"product_brand":[],"product_cat":[40,31,27,35],"product_tag":[],"class_list":{"0":"post-4257","1":"product","2":"type-product","3":"status-publish","4":"has-post-thumbnail","6":"product_cat-muscle-growth","7":"product_cat-pct","8":"product_cat-prohormone","9":"product_cat-trt","10":"desktop-align-left","11":"tablet-align-center","12":"mobile-align-center","14":"first","15":"instock","16":"shipping-taxable","17":"purchasable","18":"product-type-simple"},"_links":{"self":[{"href":"https:\/\/www.olympia-anabolic.pl\/mexico\/wp-json\/wp\/v2\/product\/4257","targetHints":{"allow":["GET"]}}],"collection":[{"href":"https:\/\/www.olympia-anabolic.pl\/mexico\/wp-json\/wp\/v2\/product"}],"about":[{"href":"https:\/\/www.olympia-anabolic.pl\/mexico\/wp-json\/wp\/v2\/types\/product"}],"wp:featuredmedia":[{"embeddable":true,"href":"https:\/\/www.olympia-anabolic.pl\/mexico\/wp-json\/wp\/v2\/media\/5942"}],"wp:attachment":[{"href":"https:\/\/www.olympia-anabolic.pl\/mexico\/wp-json\/wp\/v2\/media?parent=4257"}],"wp:term":[{"taxonomy":"product_brand","embeddable":true,"href":"https:\/\/www.olympia-anabolic.pl\/mexico\/wp-json\/wp\/v2\/product_brand?post=4257"},{"taxonomy":"product_cat","embeddable":true,"href":"https:\/\/www.olympia-anabolic.pl\/mexico\/wp-json\/wp\/v2\/product_cat?post=4257"},{"taxonomy":"product_tag","embeddable":true,"href":"https:\/\/www.olympia-anabolic.pl\/mexico\/wp-json\/wp\/v2\/product_tag?post=4257"}],"curies":[{"name":"wp","href":"https:\/\/api.w.org\/{rel}","templated":true}]}}