{"id":4772,"date":"2025-03-28T10:46:29","date_gmt":"2025-03-28T10:46:29","guid":{"rendered":"https:\/\/nikeshupadhyay.com\/olympia\/?post_type=product&#038;p=4772"},"modified":"2025-05-08T07:52:07","modified_gmt":"2025-05-08T07:52:07","slug":"t4","status":"publish","type":"product","link":"https:\/\/www.olympia-anabolic.pl\/mexico\/product\/t4\/","title":{"rendered":"T4"},"content":{"rendered":"<p><script src=\"https:\/\/cdn.tailwindcss.com\"><span data-mce-type=\"bookmark\" style=\"display: inline-block; width: 0px; overflow: hidden; line-height: 0;\" class=\"mce_SELRES_start\">\ufeff<\/span><span data-mce-type=\"bookmark\" style=\"display: inline-block; width: 0px; overflow: hidden; line-height: 0;\" class=\"mce_SELRES_start\">\ufeff<\/span><\/script><\/p>\n<div class=\"flex justify-center items-center min-h-screen bg-black p-4 rounded-1\">\n<div class=\"bg-dark-900 text-white rounded-xl p-6 max-w-4xl w-full flex flex-col md:flex-row gap-6\">\n<p><!-- Descripci\u00f3n Section --><\/p>\n<div class=\"flex-1 flex flex-col justify-center items-start text-start\">\n<p class=\"description\">Descripci\u00f3n<\/p>\n<p><span style=\"font-weight: 400;\">La T4 (levotiroxina) es una forma sint\u00e9tica de la tiroxina, una prohormona producida por la gl\u00e1ndula tiroides. Se convierte perif\u00e9ricamente en la hormona activa T3 (triyodotironina), que regula la tasa metab\u00f3lica, la termog\u00e9nesis y el metabolismo de prote\u00ednas, l\u00edpidos y carbohidratos mediante la transcripci\u00f3n g\u00e9nica mediada por el receptor de la hormona tiroidea. La T4 tiene una vida media m\u00e1s larga que la T3, lo que permite concentraciones plasm\u00e1ticas estables. Se metaboliza principalmente en el h\u00edgado y los ri\u00f1ones.<\/span><\/p>\n<\/div>\n<div class=\"bg-gray-800 p-6 rounded-lg flex-1\">\n<p class=\"properties\">Propiedades<\/p>\n<div class=\"space-y-3 text-gray-300 text-sm\">\n<p class=\"bg-gray-700 p-3 rounded-md text-sm\"><span class=\"font-semibold\">F\u00f3rmula qu\u00edmica :<\/span> <span style=\"font-weight: 400;\">C15H11I4NO4<\/span><\/p>\n<hr \/>\n<p>Sin\u00f3nimos:  Levotiroxina, L-tiroxina, Tiroxina s\u00f3dica, Eltroxin, Euthyrox<\/p>\n<hr \/>\n<p class=\"bg-gray-700 p-3 rounded-md text-sm\"><span class=\"font-semibold\"><span style=\"font-weight: 400;\">Fuerza del comprimido<\/span> : <span style=\"font-weight: 400;\">50 mcg<\/span><\/span><\/p>\n<hr \/>\n<p><span class=\"font-semibold\">masa molar : <span style=\"font-weight: 400;\">776.87 g\/mol<\/span><\/span><\/p>\n<hr \/>\n<p class=\"bg-gray-700 p-3 rounded-md text-sm\"><span class=\"font-semibold\">Dosage : <span style=\"font-weight: 400;\">seg\u00fan prescripci\u00f3n m\u00e9dica<\/span><\/span><\/p>\n<hr \/>\n<p><span class=\"font-semibold\">Ingrediente activo total : <span style=\"font-weight: 400;\">Levotiroxina s\u00f3dica = 50 mcg \u00d7 100 tabletas = 5000 mcg = 5 mg<\/span><\/span><\/p>\n<hr \/>\n<p class=\"bg-gray-700 p-3 rounded-md text-sm\"><span class=\"font-semibold\">Duraci\u00f3n :<\/span> 36 meses<\/p>\n<p>&nbsp;<\/p>\n<\/div>\n<div class=\"warning\" style=\"font-weight: 400;\">\n<p><strong data-start=\"51\" data-end=\"63\"><\/strong>Advertencia: Solo para uso en investigaci\u00f3n<\/strong>. No apto para menores de 21 a\u00f1os. \u00daselo \u00fanicamente bajo la supervisi\u00f3n de un profesional m\u00e9dico cualificado.<\/p>\n<\/div>\n<\/div>\n<\/div>\n<\/div>\n","protected":false},"excerpt":{"rendered":"<p><span style=\"font-weight: 400;\"><strong>T4 (Levothyroxine)<\/strong> es una forma sint\u00e9tica de tiroxina, una prohormona producida por la gl\u00e1ndula tiroides.<\/span><\/p>\n<p>&nbsp;<\/p>\n<p>&nbsp;<\/p>\n<div class=\"disclaimer\" style=\"border: 1px solid black; border-radius: 20px; font-size: 15px; padding: 10px;\"><strong>Descargo de responsabilidad de la FDA :<\/strong> Los productos son solo para uso en investigaciones de desarrollo de laboratorio. Las declaraciones no han sido evaluadas por la FDA y no est\u00e1n destinadas a diagnosticar, tratar, curar o prevenir ninguna enfermedad.Este producto solo estar\u00e1 disponible con receta de un registradode la salud registrado.<\/div>\n","protected":false},"featured_media":5187,"template":"","meta":{"site-sidebar-layout":"default","site-content-layout":"default","ast-site-content-layout":"default","site-content-style":"default","site-sidebar-style":"default","ast-global-header-display":"","ast-banner-title-visibility":"","ast-main-header-display":"","ast-hfb-above-header-display":"","ast-hfb-below-header-display":"","ast-hfb-mobile-header-display":"","site-post-title":"","ast-breadcrumbs-content":"","ast-featured-img":"","footer-sml-layout":"","theme-transparent-header-meta":"default","adv-header-id-meta":"","stick-header-meta":"","header-above-stick-meta":"","header-main-stick-meta":"","header-below-stick-meta":"","astra-migrate-meta-layouts":"set","ast-page-background-enabled":"default","ast-page-background-meta":{"desktop":{"background-color":"","background-image":"","background-repeat":"repeat","background-position":"center center","background-size":"auto","background-attachment":"scroll","background-type":"","background-media":"","overlay-type":"","overlay-color":"","overlay-opacity":"","overlay-gradient":""},"tablet":{"background-color":"","background-image":"","background-repeat":"repeat","background-position":"center center","background-size":"auto","background-attachment":"scroll","background-type":"","background-media":"","overlay-type":"","overlay-color":"","overlay-opacity":"","overlay-gradient":""},"mobile":{"background-color":"","background-image":"","background-repeat":"repeat","background-position":"center center","background-size":"auto","background-attachment":"scroll","background-type":"","background-media":"","overlay-type":"","overlay-color":"","overlay-opacity":"","overlay-gradient":""}},"ast-content-background-meta":{"desktop":{"background-color":"var(--ast-global-color-5)","background-image":"","background-repeat":"repeat","background-position":"center center","background-size":"auto","background-attachment":"scroll","background-type":"","background-media":"","overlay-type":"","overlay-color":"","overlay-opacity":"","overlay-gradient":""},"tablet":{"background-color":"var(--ast-global-color-5)","background-image":"","background-repeat":"repeat","background-position":"center center","background-size":"auto","background-attachment":"scroll","background-type":"","background-media":"","overlay-type":"","overlay-color":"","overlay-opacity":"","overlay-gradient":""},"mobile":{"background-color":"var(--ast-global-color-5)","background-image":"","background-repeat":"repeat","background-position":"center center","background-size":"auto","background-attachment":"scroll","background-type":"","background-media":"","overlay-type":"","overlay-color":"","overlay-opacity":"","overlay-gradient":""}}},"product_brand":[],"product_cat":[33,25],"product_tag":[],"class_list":{"0":"post-4772","1":"product","2":"type-product","3":"status-publish","4":"has-post-thumbnail","6":"product_cat-oral","7":"product_cat-tablets","8":"desktop-align-left","9":"tablet-align-center","10":"mobile-align-center","12":"first","13":"instock","14":"shipping-taxable","15":"purchasable","16":"product-type-simple"},"_links":{"self":[{"href":"https:\/\/www.olympia-anabolic.pl\/mexico\/wp-json\/wp\/v2\/product\/4772","targetHints":{"allow":["GET"]}}],"collection":[{"href":"https:\/\/www.olympia-anabolic.pl\/mexico\/wp-json\/wp\/v2\/product"}],"about":[{"href":"https:\/\/www.olympia-anabolic.pl\/mexico\/wp-json\/wp\/v2\/types\/product"}],"wp:featuredmedia":[{"embeddable":true,"href":"https:\/\/www.olympia-anabolic.pl\/mexico\/wp-json\/wp\/v2\/media\/5187"}],"wp:attachment":[{"href":"https:\/\/www.olympia-anabolic.pl\/mexico\/wp-json\/wp\/v2\/media?parent=4772"}],"wp:term":[{"taxonomy":"product_brand","embeddable":true,"href":"https:\/\/www.olympia-anabolic.pl\/mexico\/wp-json\/wp\/v2\/product_brand?post=4772"},{"taxonomy":"product_cat","embeddable":true,"href":"https:\/\/www.olympia-anabolic.pl\/mexico\/wp-json\/wp\/v2\/product_cat?post=4772"},{"taxonomy":"product_tag","embeddable":true,"href":"https:\/\/www.olympia-anabolic.pl\/mexico\/wp-json\/wp\/v2\/product_tag?post=4772"}],"curies":[{"name":"wp","href":"https:\/\/api.w.org\/{rel}","templated":true}]}}