{"id":4999,"date":"2025-04-04T14:12:12","date_gmt":"2025-04-04T14:12:12","guid":{"rendered":"https:\/\/nikeshupadhyay.com\/olympia\/?post_type=product&#038;p=4999"},"modified":"2025-05-13T07:21:04","modified_gmt":"2025-05-13T07:21:04","slug":"rad-140","status":"publish","type":"product","link":"https:\/\/www.olympia-anabolic.pl\/mexico\/product\/rad-140\/","title":{"rendered":"RAD-140"},"content":{"rendered":"<p><script src=\"https:\/\/cdn.tailwindcss.com\"><\/script><\/p>\n<div class=\"flex justify-center items-center min-h-screen bg-black p-4 rounded-1\">\n<div class=\"bg-dark-900 text-white rounded-xl p-6 max-w-4xl w-full flex flex-col md:flex-row gap-6\">\n<p><!-- Descripci\u00f3n Section --><\/p>\n<div class=\"flex-1 flex flex-col justify-center items-start text-start\">\n<p class=\"description\">Descripci\u00f3n<\/p>\n<p class=\"text-gray-300 text-sm leading-relaxed\">RAD-140 Testolone es un modulador selectivo del receptor de andr\u00f3genos (SARM) no esteroideo, dise\u00f1ado para una alta afinidad de uni\u00f3n y selectividad hacia los receptores de andr\u00f3genos (RA). Demuestra una activaci\u00f3n tisular espec\u00edfica de las v\u00edas androg\u00e9nicas, con el objetivo de maximizar los efectos anab\u00f3licos y reducir los efectos secundarios androg\u00e9nicos en tejidos no diana. RAD-140 se metaboliza principalmente en el h\u00edgado mediante procesos oxidativos y conjugativos, y se elimina por v\u00eda renal y biliar.<\/p>\n<\/div>\n<p><!-- Propiedades Section --><\/p>\n<div class=\"bg-gray-800 p-6 rounded-lg flex-1\">\n<p class=\"properties\">Propiedades<\/p>\n<div class=\"space-y-3 text-gray-300 text-sm\">\n<p><span class=\"font-semibold\">F\u00f3rmula <span style=\"font-weight: 400;\">qu\u00edmica: C20H16ClN5O2<\/span><\/span><\/p>\n<hr \/>\n<p class=\"bg-gray-700 p-3 rounded-md text-sm\"><span style=\"font-weight: 400;\">Sin\u00f3nimos : 2-chloro-4-((1R,2S)-1-(5-(4-cyanophenyl)-1,3,4-oxadiazol-2-yl)-2-hydroxypropylamino)-3 methylbenzonitrile, RAD-140, Testolone<\/span><\/p>\n<hr \/>\n<p><span style=\"font-weight: 400;\">masa molar: ~393.83 g\/mol<\/span><\/p>\n<hr \/>\n<p class=\"bg-gray-700 p-3 rounded-md text-sm\"><span style=\"font-weight: 400;\">Ingrediente activo total:\u00a0Testolone = 10 mg \u00d7 60 tablets = 600 mg<\/span><\/p>\n<hr \/>\n<p><span style=\"font-weight: 400;\">Dosage :seg\u00fan prescripci\u00f3n m\u00e9dica<\/span><\/p>\n<hr \/>\n<p class=\"bg-gray-700 p-3 rounded-md text-sm\">Fuerza del comprimido: 10 mg<\/p>\n<hr \/>\n<p><span class=\"font-semibold\">Duraci\u00f3n :<\/span> 36 meses<\/p>\n<p>&nbsp;<\/p>\n<\/div>\n<div class=\"warning\" style=\"font-weight: 400;\">\n<p><strong>Advertencia:<\/strong> Solo para uso en investigaci\u00f3n. No apto para menores de 21 a\u00f1os. \u00daselo \u00fanicamente bajo la supervisi\u00f3n de un profesional m\u00e9dico cualificado.<\/p>\n<\/div>\n<\/div>\n<\/div>\n<\/div>\n","protected":false},"excerpt":{"rendered":"<p><strong>RAD-140 Testolone<\/strong> es un modulador selectivo del receptor de andr\u00f3genos (SARM) no esteroideo, dise\u00f1ado para una alta afinidad de uni\u00f3n y selectividad hacia los receptores de andr\u00f3genos (RA). Demuestra una activaci\u00f3n tisular espec\u00edfica de las v\u00edas androg\u00e9nicas, con el objetivo de maximizar los efectos anab\u00f3licos y reducir los efectos secundarios androg\u00e9nicos en tejidos no diana. RAD-140 se metaboliza principalmente en el h\u00edgado mediante procesos oxidativos y conjugativos, y se elimina por v\u00eda renal y biliar.<\/p>\n<p>&nbsp;<\/p>\n<p>&nbsp;<\/p>\n<div class=\"disclaimer\" style=\"border: 1px solid black; border-radius: 20px; font-size: 15px; padding: 10px;\"><strong>Descargo de responsabilidad de la FDA :<\/strong> Los productos son solo para uso en investigaciones de desarrollo de laboratorio. Las declaraciones no han sido evaluadas por la FDA y no est\u00e1n destinadas a diagnosticar, tratar, curar o prevenir ninguna enfermedad.Este producto solo estar\u00e1 disponible con receta de un registradode la salud registrado.<\/div>\n","protected":false},"featured_media":5198,"template":"","meta":{"site-sidebar-layout":"default","site-content-layout":"default","ast-site-content-layout":"default","site-content-style":"default","site-sidebar-style":"default","ast-global-header-display":"","ast-banner-title-visibility":"","ast-main-header-display":"","ast-hfb-above-header-display":"","ast-hfb-below-header-display":"","ast-hfb-mobile-header-display":"","site-post-title":"","ast-breadcrumbs-content":"","ast-featured-img":"","footer-sml-layout":"","theme-transparent-header-meta":"default","adv-header-id-meta":"","stick-header-meta":"","header-above-stick-meta":"","header-main-stick-meta":"","header-below-stick-meta":"","astra-migrate-meta-layouts":"set","ast-page-background-enabled":"default","ast-page-background-meta":{"desktop":{"background-color":"","background-image":"","background-repeat":"repeat","background-position":"center center","background-size":"auto","background-attachment":"scroll","background-type":"","background-media":"","overlay-type":"","overlay-color":"","overlay-opacity":"","overlay-gradient":""},"tablet":{"background-color":"","background-image":"","background-repeat":"repeat","background-position":"center center","background-size":"auto","background-attachment":"scroll","background-type":"","background-media":"","overlay-type":"","overlay-color":"","overlay-opacity":"","overlay-gradient":""},"mobile":{"background-color":"","background-image":"","background-repeat":"repeat","background-position":"center center","background-size":"auto","background-attachment":"scroll","background-type":"","background-media":"","overlay-type":"","overlay-color":"","overlay-opacity":"","overlay-gradient":""}},"ast-content-background-meta":{"desktop":{"background-color":"var(--ast-global-color-5)","background-image":"","background-repeat":"repeat","background-position":"center center","background-size":"auto","background-attachment":"scroll","background-type":"","background-media":"","overlay-type":"","overlay-color":"","overlay-opacity":"","overlay-gradient":""},"tablet":{"background-color":"var(--ast-global-color-5)","background-image":"","background-repeat":"repeat","background-position":"center center","background-size":"auto","background-attachment":"scroll","background-type":"","background-media":"","overlay-type":"","overlay-color":"","overlay-opacity":"","overlay-gradient":""},"mobile":{"background-color":"var(--ast-global-color-5)","background-image":"","background-repeat":"repeat","background-position":"center center","background-size":"auto","background-attachment":"scroll","background-type":"","background-media":"","overlay-type":"","overlay-color":"","overlay-opacity":"","overlay-gradient":""}}},"product_brand":[],"product_cat":[28],"product_tag":[],"class_list":{"0":"post-4999","1":"product","2":"type-product","3":"status-publish","4":"has-post-thumbnail","6":"product_cat-sarms","7":"desktop-align-left","8":"tablet-align-center","9":"mobile-align-center","11":"first","12":"instock","13":"shipping-taxable","14":"purchasable","15":"product-type-simple"},"_links":{"self":[{"href":"https:\/\/www.olympia-anabolic.pl\/mexico\/wp-json\/wp\/v2\/product\/4999","targetHints":{"allow":["GET"]}}],"collection":[{"href":"https:\/\/www.olympia-anabolic.pl\/mexico\/wp-json\/wp\/v2\/product"}],"about":[{"href":"https:\/\/www.olympia-anabolic.pl\/mexico\/wp-json\/wp\/v2\/types\/product"}],"wp:featuredmedia":[{"embeddable":true,"href":"https:\/\/www.olympia-anabolic.pl\/mexico\/wp-json\/wp\/v2\/media\/5198"}],"wp:attachment":[{"href":"https:\/\/www.olympia-anabolic.pl\/mexico\/wp-json\/wp\/v2\/media?parent=4999"}],"wp:term":[{"taxonomy":"product_brand","embeddable":true,"href":"https:\/\/www.olympia-anabolic.pl\/mexico\/wp-json\/wp\/v2\/product_brand?post=4999"},{"taxonomy":"product_cat","embeddable":true,"href":"https:\/\/www.olympia-anabolic.pl\/mexico\/wp-json\/wp\/v2\/product_cat?post=4999"},{"taxonomy":"product_tag","embeddable":true,"href":"https:\/\/www.olympia-anabolic.pl\/mexico\/wp-json\/wp\/v2\/product_tag?post=4999"}],"curies":[{"name":"wp","href":"https:\/\/api.w.org\/{rel}","templated":true}]}}