{"id":5380,"date":"2025-04-15T11:53:47","date_gmt":"2025-04-15T11:53:47","guid":{"rendered":"https:\/\/nikeshupadhyay.com\/olympia\/?post_type=product&#038;p=5380"},"modified":"2025-05-08T08:17:04","modified_gmt":"2025-05-08T08:17:04","slug":"hard-up","status":"publish","type":"product","link":"https:\/\/www.olympia-anabolic.pl\/mexico\/product\/hard-up\/","title":{"rendered":"HARD UP"},"content":{"rendered":"<p><script src=\"https:\/\/cdn.tailwindcss.com\"><span data-mce-type=\"bookmark\" style=\"display: inline-block; width: 0px; overflow: hidden; line-height: 0;\" class=\"mce_SELRES_start\">\ufeff<\/span><\/script><\/p>\n<div class=\"flex justify-center items-center min-h-screen bg-black p-4 rounded-1\">\n<div class=\"bg-dark-900 text-white rounded-xl p-6 max-w-4xl w-full flex flex-col md:flex-row gap-6\">\n<p><!-- Descripci\u00f3n Section --><\/p>\n<div class=\"flex-1 flex flex-col justify-center items-start text-start\">\n<p class=\"description\"> Descripci\u00f3n<\/p>\n<p><span style=\"font-weight: 400;\">Hard-Up de Olympia Anabolic es un potente potenciador natural diario de energ\u00eda y libido, dise\u00f1ado espec\u00edficamente para hombres que buscan mayor vitalidad, resistencia y equilibrio hormonal general. Esta f\u00f3rmula \u00fanica combina 15 potentes extractos de hierbas y amino\u00e1cidos conocidos por sus efectos sin\u00e9rgicos en el rendimiento masculino, la libido, la energ\u00eda y el bienestar.<\/span><\/p>\n<p><span style=\"font-weight: 400;\">Desarrollado bajo estrictas pautas de fabricaci\u00f3n e investigado por Olympia Pharmacy USA, este suplemento favorece no solo el rendimiento f\u00edsico sino tambi\u00e9n la concentraci\u00f3n mental y la estabilidad emocional.<\/span><\/p>\n<p>&nbsp;<\/p>\n<p><span style=\"font-weight: 400;\">Beneficios clave:<\/span><\/p>\n<ul>\n<li><span style=\"font-weight: 400;\">.Aumento extremo de la libido<\/span><\/li>\n<li><span style=\"font-weight: 400;\">.Estr\u00e9s y equilibrio hormonal<\/span><\/li>\n<li><span style=\"font-weight: 400;\">.M\u00e1s duro, m\u00e1s largo, m\u00e1s fuerte<\/span><\/li>\n<li><span style=\"font-weight: 400;\">.F\u00f3rmula natural y segura<\/span><\/li>\n<\/ul>\n<\/div>\n<div class=\"bg-gray-800 p-6 rounded-lg flex-1\">\n<p class=\"properties\">Propiedades <\/p>\n<div class=\"space-y-3 text-gray-300 text-sm\">\n<p><span class=\"font-semibold\"><span style=\"font-weight: 400;\">Sin\u00f3nimos<\/span> :<\/span> <span style=\"font-weight: 400;\">Pila para la libido dif\u00edcil, complejo de vitalidad masculina<\/span><\/p>\n<hr \/>\n<p class=\"bg-gray-700 p-3 rounded-md text-sm\"><span class=\"font-semibold\"><span style=\"font-weight: 400;\">Recuento de c\u00e1psulas<\/span> : <span style=\"font-weight: 400;\">60 c\u00e1psulas por botella<\/span><\/span><\/p>\n<hr \/>\n<p><span class=\"font-semibold\"><span style=\"font-weight: 400;\">Dosis recomendada<\/span> : <span style=\"font-weight: 400;\">2 c\u00e1psulas al d\u00eda.<\/span><\/span><\/p>\n<hr \/>\n<p class=\"bg-gray-700 p-3 rounded-md text-sm\"><span class=\"font-semibold\"><span style=\"font-weight: 400;\">Forma<\/span> : <span style=\"font-weight: 400;\">\u00a0C\u00e1psula de hierbas naturales<\/span><\/span><\/p>\n<hr \/>\n<p><span class=\"font-semibold\"><span style=\"font-weight: 400;\"><br \/>\nCantidad total de ingredientes activos<\/span> : <span style=\"font-weight: 400;\">1000 mg per serving (2 capsules)<\/span><\/span><\/p>\n<hr \/>\n<p class=\"bg-gray-700 p-3 rounded-md text-sm\"><span class=\"font-semibold\">Duraci\u00f3n :<\/span> 36 meses<\/p>\n<p>&nbsp;<\/p>\n<\/div>\n<div class=\"warning\" style=\"font-weight: 400;\">\n<p><strong data-start=\"51\" data-end=\"63\"><\/strong>Advertencia: Solo para uso en investigaci\u00f3n<\/strong>. No apto para menores de 21 a\u00f1os. \u00daselo \u00fanicamente bajo la supervisi\u00f3n de un profesional m\u00e9dico cualificado.<\/p>\n<\/div>\n<\/div>\n<\/div>\n<\/div>\n","protected":false},"excerpt":{"rendered":"<p><span style=\"font-weight: 400;\"><strong>Hard-Up<\/strong> de Olympia Anabolic es un potente potenciador natural de la energ\u00eda y la libido diario dise\u00f1ado espec\u00edficamente para hombres que buscan una mayor vitalidad, resistencia y equilibrio hormonal general.    <\/span><\/p>\n<p>&nbsp;<\/p>\n<p>&nbsp;<\/p>\n<div class=\"disclaimer\" style=\"border: 1px solid black; border-radius: 20px; font-size: 15px; padding: 10px;\"><strong>Descargo de responsabilidad de la FDA :<\/strong> Los productos son solo para uso en investigaciones de desarrollo de laboratorio. Las declaraciones no han sido evaluadas por la FDA y no est\u00e1n destinadas a diagnosticar, tratar, curar o prevenir ninguna enfermedad.Este producto solo estar\u00e1 disponible con receta de un registradode la salud registrado.<\/div>\n","protected":false},"featured_media":5378,"template":"","meta":{"site-sidebar-layout":"default","site-content-layout":"default","ast-site-content-layout":"default","site-content-style":"default","site-sidebar-style":"default","ast-global-header-display":"","ast-banner-title-visibility":"","ast-main-header-display":"","ast-hfb-above-header-display":"","ast-hfb-below-header-display":"","ast-hfb-mobile-header-display":"","site-post-title":"","ast-breadcrumbs-content":"","ast-featured-img":"","footer-sml-layout":"","theme-transparent-header-meta":"default","adv-header-id-meta":"","stick-header-meta":"","header-above-stick-meta":"","header-main-stick-meta":"","header-below-stick-meta":"","astra-migrate-meta-layouts":"set","ast-page-background-enabled":"default","ast-page-background-meta":{"desktop":{"background-color":"","background-image":"","background-repeat":"repeat","background-position":"center center","background-size":"auto","background-attachment":"scroll","background-type":"","background-media":"","overlay-type":"","overlay-color":"","overlay-opacity":"","overlay-gradient":""},"tablet":{"background-color":"","background-image":"","background-repeat":"repeat","background-position":"center center","background-size":"auto","background-attachment":"scroll","background-type":"","background-media":"","overlay-type":"","overlay-color":"","overlay-opacity":"","overlay-gradient":""},"mobile":{"background-color":"","background-image":"","background-repeat":"repeat","background-position":"center center","background-size":"auto","background-attachment":"scroll","background-type":"","background-media":"","overlay-type":"","overlay-color":"","overlay-opacity":"","overlay-gradient":""}},"ast-content-background-meta":{"desktop":{"background-color":"var(--ast-global-color-5)","background-image":"","background-repeat":"repeat","background-position":"center center","background-size":"auto","background-attachment":"scroll","background-type":"","background-media":"","overlay-type":"","overlay-color":"","overlay-opacity":"","overlay-gradient":""},"tablet":{"background-color":"var(--ast-global-color-5)","background-image":"","background-repeat":"repeat","background-position":"center center","background-size":"auto","background-attachment":"scroll","background-type":"","background-media":"","overlay-type":"","overlay-color":"","overlay-opacity":"","overlay-gradient":""},"mobile":{"background-color":"var(--ast-global-color-5)","background-image":"","background-repeat":"repeat","background-position":"center center","background-size":"auto","background-attachment":"scroll","background-type":"","background-media":"","overlay-type":"","overlay-color":"","overlay-opacity":"","overlay-gradient":""}}},"product_brand":[],"product_cat":[36,34],"product_tag":[],"class_list":{"0":"post-5380","1":"product","2":"type-product","3":"status-publish","4":"has-post-thumbnail","6":"product_cat-natural","7":"product_cat-sexual-wellness","8":"desktop-align-left","9":"tablet-align-center","10":"mobile-align-center","12":"first","13":"instock","14":"shipping-taxable","15":"purchasable","16":"product-type-simple"},"_links":{"self":[{"href":"https:\/\/www.olympia-anabolic.pl\/mexico\/wp-json\/wp\/v2\/product\/5380","targetHints":{"allow":["GET"]}}],"collection":[{"href":"https:\/\/www.olympia-anabolic.pl\/mexico\/wp-json\/wp\/v2\/product"}],"about":[{"href":"https:\/\/www.olympia-anabolic.pl\/mexico\/wp-json\/wp\/v2\/types\/product"}],"wp:featuredmedia":[{"embeddable":true,"href":"https:\/\/www.olympia-anabolic.pl\/mexico\/wp-json\/wp\/v2\/media\/5378"}],"wp:attachment":[{"href":"https:\/\/www.olympia-anabolic.pl\/mexico\/wp-json\/wp\/v2\/media?parent=5380"}],"wp:term":[{"taxonomy":"product_brand","embeddable":true,"href":"https:\/\/www.olympia-anabolic.pl\/mexico\/wp-json\/wp\/v2\/product_brand?post=5380"},{"taxonomy":"product_cat","embeddable":true,"href":"https:\/\/www.olympia-anabolic.pl\/mexico\/wp-json\/wp\/v2\/product_cat?post=5380"},{"taxonomy":"product_tag","embeddable":true,"href":"https:\/\/www.olympia-anabolic.pl\/mexico\/wp-json\/wp\/v2\/product_tag?post=5380"}],"curies":[{"name":"wp","href":"https:\/\/api.w.org\/{rel}","templated":true}]}}