{"id":5381,"date":"2025-04-15T11:54:42","date_gmt":"2025-04-15T11:54:42","guid":{"rendered":"https:\/\/nikeshupadhyay.com\/olympia\/?post_type=product&#038;p=5381"},"modified":"2025-05-08T07:48:43","modified_gmt":"2025-05-08T07:48:43","slug":"muscle-up","status":"publish","type":"product","link":"https:\/\/www.olympia-anabolic.pl\/mexico\/product\/muscle-up\/","title":{"rendered":"MUSCLE &#8211; UP"},"content":{"rendered":"<p><script src=\"https:\/\/cdn.tailwindcss.com\"><span data-mce-type=\"bookmark\" style=\"display: inline-block; width: 0px; overflow: hidden; line-height: 0;\" class=\"mce_SELRES_start\">\ufeff<\/span><\/script><\/p>\n<div class=\"flex justify-center items-center min-h-screen bg-black p-4 rounded-1\">\n<div class=\"bg-dark-900 text-white rounded-xl p-6 max-w-4xl w-full flex flex-col md:flex-row gap-6\">\n<p><!-- Descripci\u00f3n Section --><\/p>\n<div class=\"flex-1 flex flex-col justify-center items-start text-start\">\n<p class=\"description\"> Descripci\u00f3n<\/p>\n<p><span style=\"font-weight: 400;\">MUSCLE-UP de Olympia Anabolic es una innovadora mezcla de prohormonas dise\u00f1ada para impulsar el crecimiento muscular magro, aumentar los niveles de testosterona y acelerar la transformaci\u00f3n f\u00edsica. Dise\u00f1ada con una matriz dosificada con precisi\u00f3n de 1-Andro, 4-Andro y Epiandrosterona, esta f\u00f3rmula ofrece potentes efectos anab\u00f3licos sin la hinchaz\u00f3n ni la retenci\u00f3n de l\u00edquidos de los agentes de volumen tradicionales.<\/span><\/p>\n<p><span style=\"font-weight: 400;\">Enriquecido con laxogenina y extractos naturales que apoyan las hormonas como maca, semilla de uva y saw palmetto, MUSCLE-UP no solo mejora el rendimiento sino que tambi\u00e9n favorece la recuperaci\u00f3n natural de la testosterona y la estabilidad hormonal.<\/span><\/p>\n<p><span style=\"font-weight: 400;\">Ya sea que est\u00e9s en una fase de aumento de volumen o necesites una ventaja en el rendimiento, MUSCLE-UP impulsa tu progreso con energ\u00eda limpia y potente.<\/span><\/p>\n<p><strong>Beneficios clave:<\/strong><\/p>\n<ul>\n<li><span style=\"font-weight: 400;\">Promueve un r\u00e1pido crecimiento de masa muscular magra.<\/span><\/li>\n<li><span style=\"font-weight: 400;\">Aumenta los niveles naturales de testosterona.<\/span><\/li>\n<li><span style=\"font-weight: 400;\">Mejora la recuperaci\u00f3n\u00a0<\/span><\/li>\n<li><span style=\"font-weight: 400;\">Apoya la PCT y el equilibrio hormonal.<\/span><\/li>\n<\/ul>\n<\/div>\n<div class=\"bg-gray-800 p-6 rounded-lg flex-1\">\n<p class=\"properties\">Propiedades <\/p>\n<div class=\"space-y-3 text-gray-300 text-sm\">\n<p><span class=\"font-semibold\"><span style=\"font-weight: 400;\">Sin\u00f3nimos<\/span> : <span style=\"font-weight: 400;\">1-Andro + 4-Andro + DHEA Mezcla de prohormonas<\/span><\/span><\/p>\n<hr \/>\n<p class=\"bg-gray-700 p-3 rounded-md text-sm\"><span class=\"font-semibold\"><span style=\"font-weight: 400;\">Recuento de c\u00e1psulas<\/span> : <span style=\"font-weight: 400;\">60 c\u00e1psulas por botella<\/span><\/span><\/p>\n<hr \/>\n<p><span class=\"font-semibold\"><span style=\"font-weight: 400;\">Dosis recomendada<\/span> : <span style=\"font-weight: 400;\">\u00a02 c\u00e1psulas diarias (preferiblemente con las comidas)<\/span><\/span><\/p>\n<hr \/>\n<p class=\"bg-gray-700 p-3 rounded-md text-sm\"><span class=\"font-semibold\"><span style=\"font-weight: 400;\">Forma<\/span> : <span style=\"font-weight: 400;\">\u00a0C\u00e1psula de hierbas naturales<\/span><\/span><\/p>\n<hr \/>\n<p><span class=\"font-semibold\"><span style=\"font-weight: 400;\"><br \/>\nCantidad total de ingredientes activos<\/span> : <\/span><span style=\"font-weight: 400;\">400 mg por c\u00e1psula<\/span><\/p>\n<hr \/>\n<p class=\"bg-gray-700 p-3 rounded-md text-sm\"><span class=\"font-semibold\">Duraci\u00f3n :<\/span> 36 meses<\/p>\n<p>&nbsp;<\/p>\n<\/div>\n<div class=\"warning\" style=\"font-weight: 400;\">\n<p><strong data-start=\"51\" data-end=\"63\"><\/strong>Advertencia: Solo para uso en investigaci\u00f3n<\/strong>. No apto para menores de 21 a\u00f1os. \u00daselo \u00fanicamente bajo la supervisi\u00f3n de un profesional m\u00e9dico cualificado.<\/p>\n<\/div>\n<\/div>\n<\/div>\n<\/div>\n","protected":false},"excerpt":{"rendered":"<p><strong>MUSCLE-UP<\/strong> de Olympia Anabolic es una mezcla de prohormonas de vanguardia dise\u00f1ada para impulsar el crecimiento de masa muscular magra, aumentar los niveles de testosterona y acelerar la transformaci\u00f3n f\u00edsica.<\/p>\n<p>&nbsp;<\/p>\n<p>&nbsp;<\/p>\n<div class=\"disclaimer\" style=\"border: 1px solid black; border-radius: 20px; font-size: 15px; padding: 10px;\"><strong>Descargo de responsabilidad de la FDA :<\/strong> Los productos son solo para uso en investigaciones de desarrollo de laboratorio. Las declaraciones no han sido evaluadas por la FDA y no est\u00e1n destinadas a diagnosticar, tratar, curar o prevenir ninguna enfermedad.Este producto solo estar\u00e1 disponible con receta de un registradode la salud registrado.<\/div>\n","protected":false},"featured_media":5382,"template":"","meta":{"site-sidebar-layout":"default","site-content-layout":"default","ast-site-content-layout":"default","site-content-style":"default","site-sidebar-style":"default","ast-global-header-display":"","ast-banner-title-visibility":"","ast-main-header-display":"","ast-hfb-above-header-display":"","ast-hfb-below-header-display":"","ast-hfb-mobile-header-display":"","site-post-title":"","ast-breadcrumbs-content":"","ast-featured-img":"","footer-sml-layout":"","theme-transparent-header-meta":"default","adv-header-id-meta":"","stick-header-meta":"","header-above-stick-meta":"","header-main-stick-meta":"","header-below-stick-meta":"","astra-migrate-meta-layouts":"set","ast-page-background-enabled":"default","ast-page-background-meta":{"desktop":{"background-color":"","background-image":"","background-repeat":"repeat","background-position":"center center","background-size":"auto","background-attachment":"scroll","background-type":"","background-media":"","overlay-type":"","overlay-color":"","overlay-opacity":"","overlay-gradient":""},"tablet":{"background-color":"","background-image":"","background-repeat":"repeat","background-position":"center center","background-size":"auto","background-attachment":"scroll","background-type":"","background-media":"","overlay-type":"","overlay-color":"","overlay-opacity":"","overlay-gradient":""},"mobile":{"background-color":"","background-image":"","background-repeat":"repeat","background-position":"center center","background-size":"auto","background-attachment":"scroll","background-type":"","background-media":"","overlay-type":"","overlay-color":"","overlay-opacity":"","overlay-gradient":""}},"ast-content-background-meta":{"desktop":{"background-color":"var(--ast-global-color-5)","background-image":"","background-repeat":"repeat","background-position":"center center","background-size":"auto","background-attachment":"scroll","background-type":"","background-media":"","overlay-type":"","overlay-color":"","overlay-opacity":"","overlay-gradient":""},"tablet":{"background-color":"var(--ast-global-color-5)","background-image":"","background-repeat":"repeat","background-position":"center center","background-size":"auto","background-attachment":"scroll","background-type":"","background-media":"","overlay-type":"","overlay-color":"","overlay-opacity":"","overlay-gradient":""},"mobile":{"background-color":"var(--ast-global-color-5)","background-image":"","background-repeat":"repeat","background-position":"center center","background-size":"auto","background-attachment":"scroll","background-type":"","background-media":"","overlay-type":"","overlay-color":"","overlay-opacity":"","overlay-gradient":""}}},"product_brand":[],"product_cat":[40,31,27,35],"product_tag":[],"class_list":{"0":"post-5381","1":"product","2":"type-product","3":"status-publish","4":"has-post-thumbnail","6":"product_cat-muscle-growth","7":"product_cat-pct","8":"product_cat-prohormone","9":"product_cat-trt","10":"desktop-align-left","11":"tablet-align-center","12":"mobile-align-center","14":"first","15":"instock","16":"shipping-taxable","17":"purchasable","18":"product-type-simple"},"_links":{"self":[{"href":"https:\/\/www.olympia-anabolic.pl\/mexico\/wp-json\/wp\/v2\/product\/5381","targetHints":{"allow":["GET"]}}],"collection":[{"href":"https:\/\/www.olympia-anabolic.pl\/mexico\/wp-json\/wp\/v2\/product"}],"about":[{"href":"https:\/\/www.olympia-anabolic.pl\/mexico\/wp-json\/wp\/v2\/types\/product"}],"wp:featuredmedia":[{"embeddable":true,"href":"https:\/\/www.olympia-anabolic.pl\/mexico\/wp-json\/wp\/v2\/media\/5382"}],"wp:attachment":[{"href":"https:\/\/www.olympia-anabolic.pl\/mexico\/wp-json\/wp\/v2\/media?parent=5381"}],"wp:term":[{"taxonomy":"product_brand","embeddable":true,"href":"https:\/\/www.olympia-anabolic.pl\/mexico\/wp-json\/wp\/v2\/product_brand?post=5381"},{"taxonomy":"product_cat","embeddable":true,"href":"https:\/\/www.olympia-anabolic.pl\/mexico\/wp-json\/wp\/v2\/product_cat?post=5381"},{"taxonomy":"product_tag","embeddable":true,"href":"https:\/\/www.olympia-anabolic.pl\/mexico\/wp-json\/wp\/v2\/product_tag?post=5381"}],"curies":[{"name":"wp","href":"https:\/\/api.w.org\/{rel}","templated":true}]}}