{"id":5757,"date":"2025-04-17T13:18:59","date_gmt":"2025-04-17T13:18:59","guid":{"rendered":"https:\/\/nikeshupadhyay.com\/olympia\/?post_type=product&#038;p=5757"},"modified":"2025-05-08T07:33:05","modified_gmt":"2025-05-08T07:33:05","slug":"npp-100","status":"publish","type":"product","link":"https:\/\/www.olympia-anabolic.pl\/mexico\/product\/npp-100\/","title":{"rendered":"NPP &#8211; 100"},"content":{"rendered":"<p><script src=\"https:\/\/cdn.tailwindcss.com\"><span data-mce-type=\"bookmark\" style=\"display: inline-block; width: 0px; overflow: hidden; line-height: 0;\" class=\"mce_SELRES_start\">\ufeff<\/span><\/script><\/p>\n<div class=\"flex justify-center items-center min-h-screen bg-black p-4 rounded-1\">\n<div class=\"bg-dark-900 text-white rounded-xl p-6 max-w-4xl w-full flex flex-col md:flex-row gap-6\">\n<p><!-- Descripci\u00f3n Section --><\/p>\n<div class=\"flex-1 flex flex-col justify-center items-start text-start\">\n<p class=\"description\"> Descripci\u00f3n<\/p>\n<p class=\"text-gray-300 text-sm leading-relaxed\">El fenilpropionato de nandrolona (NPP) es un esteroide anab\u00f3lico inyectable de acci\u00f3n r\u00e1pida conocido por promover el crecimiento muscular, la fuerza y \u200b\u200bel fortalecimiento articular. Ofrece beneficios similares al Deca-Durabolin (decanoato de nandrolona), pero con una vida media m\u00e1s corta, lo que requiere inyecciones m\u00e1s frecuentes. El NPP mejora la s\u00edntesis proteica, la recuperaci\u00f3n y la resistencia, lo que lo hace ideal tanto para ciclos de volumen como de masa magra. Presenta una menor retenci\u00f3n de agua en comparaci\u00f3n con los \u00e9steres m\u00e1s largos, lo que permite ganancias m\u00e1s limpias con una dieta y un entrenamiento adecuados.<\/p>\n<\/div>\n<p><!-- Propiedades Section --><\/p>\n<div class=\"bg-gray-800 p-6 rounded-lg flex-1\">\n<p class=\"properties\">Propiedades <\/p>\n<div class=\"space-y-3 text-gray-300 text-sm\">\n<p><span style=\"font-weight: 400;\">Concentraci\u00f3n: 100 mg\/ml<\/span><\/p>\n<hr \/>\n<p class=\"bg-gray-700 p-3 rounded-md text-sm\"><span style=\"font-weight: 400;\">Ingrediente activo total: Fenilpropionato de nandrolona = 100 mg \u00d7 10 ml = 1000 mg = 1 g<\/span><\/p>\n<hr \/>\n<p><span style=\"font-weight: 400;\">Nombre qu\u00edmico: Fenilpropionato de nandrolona<\/span><\/p>\n<hr \/>\n<p class=\"bg-gray-700 p-3 rounded-md text-sm\"><span style=\"font-weight: 400;\">F\u00f3rmula qu\u00edmica: C27H34O3<\/span><\/p>\n<hr \/>\n<p><span style=\"font-weight: 400;\">masa molar: 406.56 g\/mol<\/span><\/p>\n<hr \/>\n<p class=\"bg-gray-700 p-3 rounded-md text-sm\"><span class=\"font-semibold\">Duraci\u00f3n :<\/span> 36 meses<\/p>\n<p>&nbsp;<\/p>\n<\/div>\n<div class=\"warning\" style=\"font-weight: 400;\">\n<p><strong data-start=\"51\" data-end=\"63\"><\/strong>Advertencia: Solo para uso en investigaci\u00f3n<\/strong>. No apto para menores de 21 a\u00f1os. \u00daselo \u00fanicamente bajo la supervisi\u00f3n de un profesional m\u00e9dico cualificado.<\/p>\n<\/div>\n<\/div>\n<\/div>\n<\/div>\n","protected":false},"excerpt":{"rendered":"<p><strong>Nandrolone Phenylpropionate (NPP)<\/strong>es un esteroide anab\u00f3lico inyectable de acci\u00f3n r\u00e1pida conocido por promover el crecimiento muscular, la fuerza y \u200b\u200bel apoyo de las articulaciones.   <\/p>\n<p>&nbsp;<\/p>\n<p>&nbsp;<\/p>\n<div class=\"disclaimer\" style=\"border: 1px solid black; border-radius: 20px; font-size: 15px; padding: 10px;\"><strong>Descargo de responsabilidad de la FDA :<\/strong> Los productos son solo para uso en investigaciones de desarrollo de laboratorio. Las declaraciones no han sido evaluadas por la FDA y no est\u00e1n destinadas a diagnosticar, tratar, curar o prevenir ninguna enfermedad.Este producto solo estar\u00e1 disponible con receta de un registradode la salud registrado.<\/div>\n","protected":false},"featured_media":5758,"template":"","meta":{"site-sidebar-layout":"default","site-content-layout":"default","ast-site-content-layout":"default","site-content-style":"default","site-sidebar-style":"default","ast-global-header-display":"","ast-banner-title-visibility":"","ast-main-header-display":"","ast-hfb-above-header-display":"","ast-hfb-below-header-display":"","ast-hfb-mobile-header-display":"","site-post-title":"","ast-breadcrumbs-content":"","ast-featured-img":"","footer-sml-layout":"","theme-transparent-header-meta":"default","adv-header-id-meta":"","stick-header-meta":"","header-above-stick-meta":"","header-main-stick-meta":"","header-below-stick-meta":"","astra-migrate-meta-layouts":"set","ast-page-background-enabled":"default","ast-page-background-meta":{"desktop":{"background-color":"","background-image":"","background-repeat":"repeat","background-position":"center center","background-size":"auto","background-attachment":"scroll","background-type":"","background-media":"","overlay-type":"","overlay-color":"","overlay-opacity":"","overlay-gradient":""},"tablet":{"background-color":"","background-image":"","background-repeat":"repeat","background-position":"center center","background-size":"auto","background-attachment":"scroll","background-type":"","background-media":"","overlay-type":"","overlay-color":"","overlay-opacity":"","overlay-gradient":""},"mobile":{"background-color":"","background-image":"","background-repeat":"repeat","background-position":"center center","background-size":"auto","background-attachment":"scroll","background-type":"","background-media":"","overlay-type":"","overlay-color":"","overlay-opacity":"","overlay-gradient":""}},"ast-content-background-meta":{"desktop":{"background-color":"var(--ast-global-color-5)","background-image":"","background-repeat":"repeat","background-position":"center center","background-size":"auto","background-attachment":"scroll","background-type":"","background-media":"","overlay-type":"","overlay-color":"","overlay-opacity":"","overlay-gradient":""},"tablet":{"background-color":"var(--ast-global-color-5)","background-image":"","background-repeat":"repeat","background-position":"center center","background-size":"auto","background-attachment":"scroll","background-type":"","background-media":"","overlay-type":"","overlay-color":"","overlay-opacity":"","overlay-gradient":""},"mobile":{"background-color":"var(--ast-global-color-5)","background-image":"","background-repeat":"repeat","background-position":"center center","background-size":"auto","background-attachment":"scroll","background-type":"","background-media":"","overlay-type":"","overlay-color":"","overlay-opacity":"","overlay-gradient":""}}},"product_brand":[],"product_cat":[24,41],"product_tag":[],"class_list":{"0":"post-5757","1":"product","2":"type-product","3":"status-publish","4":"has-post-thumbnail","6":"product_cat-injectable","7":"product_cat-miglyol-base-aqua-base","8":"desktop-align-left","9":"tablet-align-center","10":"mobile-align-center","12":"first","13":"instock","14":"shipping-taxable","15":"purchasable","16":"product-type-simple"},"_links":{"self":[{"href":"https:\/\/www.olympia-anabolic.pl\/mexico\/wp-json\/wp\/v2\/product\/5757","targetHints":{"allow":["GET"]}}],"collection":[{"href":"https:\/\/www.olympia-anabolic.pl\/mexico\/wp-json\/wp\/v2\/product"}],"about":[{"href":"https:\/\/www.olympia-anabolic.pl\/mexico\/wp-json\/wp\/v2\/types\/product"}],"wp:featuredmedia":[{"embeddable":true,"href":"https:\/\/www.olympia-anabolic.pl\/mexico\/wp-json\/wp\/v2\/media\/5758"}],"wp:attachment":[{"href":"https:\/\/www.olympia-anabolic.pl\/mexico\/wp-json\/wp\/v2\/media?parent=5757"}],"wp:term":[{"taxonomy":"product_brand","embeddable":true,"href":"https:\/\/www.olympia-anabolic.pl\/mexico\/wp-json\/wp\/v2\/product_brand?post=5757"},{"taxonomy":"product_cat","embeddable":true,"href":"https:\/\/www.olympia-anabolic.pl\/mexico\/wp-json\/wp\/v2\/product_cat?post=5757"},{"taxonomy":"product_tag","embeddable":true,"href":"https:\/\/www.olympia-anabolic.pl\/mexico\/wp-json\/wp\/v2\/product_tag?post=5757"}],"curies":[{"name":"wp","href":"https:\/\/api.w.org\/{rel}","templated":true}]}}