{"id":4757,"date":"2025-03-28T10:40:48","date_gmt":"2025-03-28T10:40:48","guid":{"rendered":"https:\/\/nikeshupadhyay.com\/olympia\/?post_type=product&#038;p=4757"},"modified":"2025-05-04T12:08:45","modified_gmt":"2025-05-04T12:08:45","slug":"anavar","status":"publish","type":"product","link":"https:\/\/www.olympia-anabolic.pl\/poland\/product\/anavar\/","title":{"rendered":"ANAVAR"},"content":{"rendered":"<p><script src=\"https:\/\/cdn.tailwindcss.com\"><span data-mce-type=\"bookmark\" style=\"display: inline-block; width: 0px; overflow: hidden; line-height: 0;\" class=\"mce_SELRES_start\">\ufeff<\/span><\/script><\/p>\n<div class=\"flex justify-center items-center min-h-screen bg-black p-4 rounded-1\">\n<div class=\"bg-dark-900 text-white rounded-xl p-6 max-w-4xl w-full flex flex-col md:flex-row gap-6\">\n<p><!-- Description Section --><\/p>\n<div class=\"flex-1 flex flex-col justify-center items-start text-start\">\n<p class=\"description\">Opis<\/p>\n<p><span style=\"font-weight: 400;\">Anavar Oxandrolone to syntetyczny steryd anaboliczno-androgenny (AAS) pochodz\u0105cy z DHT, aktywny doustnie. Ma wysoki stosunek anaboliczny do androgennego, promuj\u0105c zachowanie mi\u0119\u015bni i si\u0142\u0119 przy minimalnym dzia\u0142aniu androgennym lub estrogennym. Oxandrolone jest C17\u03b1-alkilowany w celu uzyskania biodost\u0119pno\u015bci doustnej, metabolizowany w w\u0105trobie i wydalany g\u0142\u00f3wnie przez nerki.<\/span><\/p>\n<\/div>\n<div class=\"bg-gray-800 p-6 rounded-lg flex-1\">\n<p class=\"properties\">W\u0142a\u015bciwo\u015bci<\/p>\n<div class=\"space-y-3 text-gray-300 text-sm\">\n<p class=\"bg-gray-700 p-3 rounded-md text-sm\">Synonimy: Oxandrolone, Oxandrin, Lonavar, Vasorome<\/p>\n<hr \/>\n<p><span class=\"font-semibold\">Wz\u00f3r chemiczny:<\/span> <span style=\"font-weight: 400;\">\u00a0C19H30O3<\/span><\/p>\n<hr \/>\n<p class=\"bg-gray-700 p-3 rounded-md text-sm\"><span class=\"font-semibold\"><span style=\"font-weight: 400;\">Si\u0142a tabletki<\/span> : <span style=\"font-weight: 400;\">50 mg<\/span><\/span><\/p>\n<hr \/>\n<p><span class=\"font-semibold\">Masa molowa:<\/span> <span style=\"font-weight: 400;\">306.44 g\/mol<\/span><\/p>\n<hr \/>\n<p class=\"bg-gray-700 p-3 rounded-md text-sm\"><span class=\"font-semibold\">Dawkowanie: <span style=\"font-weight: 400;\">zgodnie z przepisem<\/span><\/span><\/p>\n<hr \/>\n<p><span class=\"font-semibold\">Ca\u0142kowita zawarto\u015b\u0107 sk\u0142adnik\u00f3w aktywnych: <\/span><span style=\"font-weight: 400;\">Oxandrolon = 50 mg \u00d7 100 tabletek = 5000 mg = 5 g<\/span><\/p>\n<hr \/>\n<p class=\"bg-gray-700 p-3 rounded-md text-sm\"><span class=\"font-semibold\">Okres przydatno\u015bci do spo\u017cycia:<\/span> 36 miesi\u0119cy<\/p>\n<p>&nbsp;<\/p>\n<\/div>\n<div class=\"warning\" style=\"font-weight: 400;\">\n<p><strong data-start=\"51\" data-end=\"63\">Ostrze\u017cenie:<\/strong> Tylko do cel\u00f3w badawczych. Nie jest przeznaczony dla os\u00f3b poni\u017cej 21 roku \u017cycia. Stosowa\u0107 wy\u0142\u0105cznie pod nadzorem wykwalifikowanego pracownika s\u0142u\u017cby zdrowia.<\/p>\n<\/div>\n<\/div>\n<\/div>\n<\/div>\n","protected":false},"excerpt":{"rendered":"<p><span style=\"font-weight: 400;\"><strong>Anavar Oksandrolon<\/strong>\u00a0jest syntetycznym, doustnie aktywnym sterydem anaboliczno-androgennym (AAS) otrzymywanym z DHT.<\/span><\/p>\n<p>&nbsp;<\/p>\n<p>&nbsp;<\/p>\n<div class=\"disclaimer\" style=\"border: 1px solid black; border-radius: 20px; font-size: 15px; padding: 10px;\"><strong>Zastrze\u017cenie FDA:<\/strong> Produkty s\u0105 przeznaczone wy\u0142\u0105cznie do bada\u0144 laboratoryjnych. O\u015bwiadczenia nie zosta\u0142y ocenione przez FDA i nie maj\u0105 na celu diagnozowania, leczenia ani zapobiegania jakiejkolwiek chorobie. Ten produkt b\u0119dzie dost\u0119pny wy\u0142\u0105cznie na recept\u0119 wystawionej przez zarejestrowanego pracownika s\u0142u\u017cby zdrowia.<\/div>\n","protected":false},"featured_media":5194,"template":"","meta":{"site-sidebar-layout":"default","site-content-layout":"default","ast-site-content-layout":"default","site-content-style":"default","site-sidebar-style":"default","ast-global-header-display":"","ast-banner-title-visibility":"","ast-main-header-display":"","ast-hfb-above-header-display":"","ast-hfb-below-header-display":"","ast-hfb-mobile-header-display":"","site-post-title":"","ast-breadcrumbs-content":"","ast-featured-img":"","footer-sml-layout":"","theme-transparent-header-meta":"default","adv-header-id-meta":"","stick-header-meta":"","header-above-stick-meta":"","header-main-stick-meta":"","header-below-stick-meta":"","astra-migrate-meta-layouts":"set","ast-page-background-enabled":"default","ast-page-background-meta":{"desktop":{"background-color":"","background-image":"","background-repeat":"repeat","background-position":"center center","background-size":"auto","background-attachment":"scroll","background-type":"","background-media":"","overlay-type":"","overlay-color":"","overlay-opacity":"","overlay-gradient":""},"tablet":{"background-color":"","background-image":"","background-repeat":"repeat","background-position":"center center","background-size":"auto","background-attachment":"scroll","background-type":"","background-media":"","overlay-type":"","overlay-color":"","overlay-opacity":"","overlay-gradient":""},"mobile":{"background-color":"","background-image":"","background-repeat":"repeat","background-position":"center center","background-size":"auto","background-attachment":"scroll","background-type":"","background-media":"","overlay-type":"","overlay-color":"","overlay-opacity":"","overlay-gradient":""}},"ast-content-background-meta":{"desktop":{"background-color":"var(--ast-global-color-5)","background-image":"","background-repeat":"repeat","background-position":"center center","background-size":"auto","background-attachment":"scroll","background-type":"","background-media":"","overlay-type":"","overlay-color":"","overlay-opacity":"","overlay-gradient":""},"tablet":{"background-color":"var(--ast-global-color-5)","background-image":"","background-repeat":"repeat","background-position":"center center","background-size":"auto","background-attachment":"scroll","background-type":"","background-media":"","overlay-type":"","overlay-color":"","overlay-opacity":"","overlay-gradient":""},"mobile":{"background-color":"var(--ast-global-color-5)","background-image":"","background-repeat":"repeat","background-position":"center center","background-size":"auto","background-attachment":"scroll","background-type":"","background-media":"","overlay-type":"","overlay-color":"","overlay-opacity":"","overlay-gradient":""}}},"product_brand":[],"product_cat":[33,25],"product_tag":[],"class_list":{"0":"post-4757","1":"product","2":"type-product","3":"status-publish","4":"has-post-thumbnail","6":"product_cat-oral","7":"product_cat-tablets","8":"desktop-align-left","9":"tablet-align-center","10":"mobile-align-center","12":"first","13":"instock","14":"shipping-taxable","15":"purchasable","16":"product-type-simple"},"_links":{"self":[{"href":"https:\/\/www.olympia-anabolic.pl\/poland\/wp-json\/wp\/v2\/product\/4757","targetHints":{"allow":["GET"]}}],"collection":[{"href":"https:\/\/www.olympia-anabolic.pl\/poland\/wp-json\/wp\/v2\/product"}],"about":[{"href":"https:\/\/www.olympia-anabolic.pl\/poland\/wp-json\/wp\/v2\/types\/product"}],"wp:featuredmedia":[{"embeddable":true,"href":"https:\/\/www.olympia-anabolic.pl\/poland\/wp-json\/wp\/v2\/media\/5194"}],"wp:attachment":[{"href":"https:\/\/www.olympia-anabolic.pl\/poland\/wp-json\/wp\/v2\/media?parent=4757"}],"wp:term":[{"taxonomy":"product_brand","embeddable":true,"href":"https:\/\/www.olympia-anabolic.pl\/poland\/wp-json\/wp\/v2\/product_brand?post=4757"},{"taxonomy":"product_cat","embeddable":true,"href":"https:\/\/www.olympia-anabolic.pl\/poland\/wp-json\/wp\/v2\/product_cat?post=4757"},{"taxonomy":"product_tag","embeddable":true,"href":"https:\/\/www.olympia-anabolic.pl\/poland\/wp-json\/wp\/v2\/product_tag?post=4757"}],"curies":[{"name":"wp","href":"https:\/\/api.w.org\/{rel}","templated":true}]}}