{"id":4993,"date":"2025-04-04T14:10:50","date_gmt":"2025-04-04T14:10:50","guid":{"rendered":"https:\/\/nikeshupadhyay.com\/olympia\/?post_type=product&#038;p=4993"},"modified":"2025-05-03T10:49:55","modified_gmt":"2025-05-03T10:49:55","slug":"lgd-4033","status":"publish","type":"product","link":"https:\/\/www.olympia-anabolic.pl\/poland\/product\/lgd-4033\/","title":{"rendered":"lgd-4033"},"content":{"rendered":"<p><script src=\"https:\/\/cdn.tailwindcss.com\"><\/script><\/p>\n<div class=\"flex justify-center items-center min-h-screen bg-black p-4 rounded-1\">\n<div class=\"bg-dark-900 text-white rounded-xl p-6 max-w-4xl w-full flex flex-col md:flex-row gap-6\">\n<p><!-- Description Section --><\/p>\n<div class=\"flex-1 flex flex-col justify-center items-start text-start\">\n<p class=\"description\">Opis<\/p>\n<p class=\"text-gray-300 text-sm leading-relaxed\">Ligandrol to silny, niesteroidowy SARM o nanomolowym powinowactwie do receptor\u00f3w androgenowych (AR), wykazuj\u0105cy siln\u0105 selektywno\u015b\u0107 tkankow\u0105 dla mi\u0119\u015bni i ko\u015bci. Dzia\u0142a jako pe\u0142ny agonista AR, moduluj\u0105c ekspresj\u0119 gen\u00f3w anabolicznych z minimalnymi efektami androgennymi w tkankach nieb\u0119d\u0105cych celem. LGD-4033 ma wysok\u0105 biodost\u0119pno\u015b\u0107 doustn\u0105 i okres p\u00f3\u0142trwania 24\u201336 godzin. Jest metabolizowany w w\u0105trobie poprzez utlenianie i koniugacj\u0119 za po\u015brednictwem cytochromu P450, z eliminacj\u0105 przez drogi wydalania nerkowego i \u017c\u00f3\u0142ciowego.<\/p>\n<\/div>\n<p><!-- Properties Section --><\/p>\n<div class=\"bg-gray-800 p-6 rounded-lg flex-1\">\n<p class=\"properties\">W\u0142a\u015bciwo\u015bci<\/p>\n<div class=\"space-y-3 text-gray-300 text-sm\">\n<p><span class=\"font-semibold\">Wz\u00f3r chemiczny: <span style=\"font-weight: 400;\">C14H12F6N2O<\/span><\/span><\/p>\n<hr \/>\n<p class=\"bg-gray-700 p-3 rounded-md text-sm\">Synonimy: (4S)-4-(2-(1H-pyrazol-4-yl)benzonitryl)-2,2-dimetylomorfolina, LGD-4033, Ligandrol<\/p>\n<hr \/>\n<p><span style=\"font-weight: 400;\">Masa molowa: ~338,25 g\/mol<\/span><\/p>\n<hr \/>\n<p class=\"bg-gray-700 p-3 rounded-md text-sm\"><span style=\"font-weight: 400;\">Ca\u0142kowita zawarto\u015b\u0107 substancji czynnych: Ligandrol = 10 mg \u00d7 60 tabletek = 600 mg<\/p>\n<hr \/>\n<p><span style=\"font-weight: 400;\">Dawkowanie: zgodnie z zaleceniami<\/span><\/p>\n<hr \/>\n<p class=\"bg-gray-700 p-3 rounded-md text-sm\">Moc tabletki: 10 mg<\/p>\n<hr \/>\n<p><span class=\"font-semibold\">Okres przydatno\u015bci do spo\u017cycia:<\/span> 36 miesi\u0119cy<\/p>\n<p>&nbsp;<\/p>\n<\/div>\n<div class=\"warning\" style=\"font-weight: 400;\">\n<p><strong data-start=\"51\" data-end=\"63\">Ostrze\u017cenie:<\/strong> Tylko do cel\u00f3w badawczych. Nie jest przeznaczony dla os\u00f3b poni\u017cej 21 roku \u017cycia. Stosowa\u0107 wy\u0142\u0105cznie pod nadzorem wykwalifikowanego pracownika s\u0142u\u017cby zdrowia.\n<\/div>\n<\/div>\n<\/div>\n<\/div>\n","protected":false},"excerpt":{"rendered":"<p><strong>LGD-4033(Ligandrol)<\/strong> jest silnym, niesteroidowym lekiem typu SARM o nanomolowym powinowactwie do receptor\u00f3w androgenowych (AR), wykazuj\u0105cym siln\u0105 selektywno\u015b\u0107 tkankow\u0105 w stosunku do mi\u0119\u015bni i ko\u015bci.<\/p>\n<p>&nbsp;<\/p>\n<p>&nbsp;<\/p>\n<div class=\"disclaimer\" style=\"border: 1px solid black; border-radius: 20px; font-size: 15px; padding: 10px;\"><strong>Zastrze\u017cenie FDA:<\/strong> Produkty s\u0105 przeznaczone wy\u0142\u0105cznie do bada\u0144 laboratoryjnych. O\u015bwiadczenia nie zosta\u0142y ocenione przez FDA i nie maj\u0105 na celu diagnozowania, leczenia ani zapobiegania jakiejkolwiek chorobie. Ten produkt b\u0119dzie dost\u0119pny wy\u0142\u0105cznie na recept\u0119 wystawionej przez zarejestrowanego pracownika s\u0142u\u017cby zdrowia.<\/div>\n","protected":false},"featured_media":5201,"template":"","meta":{"site-sidebar-layout":"default","site-content-layout":"default","ast-site-content-layout":"default","site-content-style":"default","site-sidebar-style":"default","ast-global-header-display":"","ast-banner-title-visibility":"","ast-main-header-display":"","ast-hfb-above-header-display":"","ast-hfb-below-header-display":"","ast-hfb-mobile-header-display":"","site-post-title":"","ast-breadcrumbs-content":"","ast-featured-img":"","footer-sml-layout":"","theme-transparent-header-meta":"default","adv-header-id-meta":"","stick-header-meta":"","header-above-stick-meta":"","header-main-stick-meta":"","header-below-stick-meta":"","astra-migrate-meta-layouts":"set","ast-page-background-enabled":"default","ast-page-background-meta":{"desktop":{"background-color":"","background-image":"","background-repeat":"repeat","background-position":"center center","background-size":"auto","background-attachment":"scroll","background-type":"","background-media":"","overlay-type":"","overlay-color":"","overlay-opacity":"","overlay-gradient":""},"tablet":{"background-color":"","background-image":"","background-repeat":"repeat","background-position":"center center","background-size":"auto","background-attachment":"scroll","background-type":"","background-media":"","overlay-type":"","overlay-color":"","overlay-opacity":"","overlay-gradient":""},"mobile":{"background-color":"","background-image":"","background-repeat":"repeat","background-position":"center center","background-size":"auto","background-attachment":"scroll","background-type":"","background-media":"","overlay-type":"","overlay-color":"","overlay-opacity":"","overlay-gradient":""}},"ast-content-background-meta":{"desktop":{"background-color":"var(--ast-global-color-5)","background-image":"","background-repeat":"repeat","background-position":"center center","background-size":"auto","background-attachment":"scroll","background-type":"","background-media":"","overlay-type":"","overlay-color":"","overlay-opacity":"","overlay-gradient":""},"tablet":{"background-color":"var(--ast-global-color-5)","background-image":"","background-repeat":"repeat","background-position":"center center","background-size":"auto","background-attachment":"scroll","background-type":"","background-media":"","overlay-type":"","overlay-color":"","overlay-opacity":"","overlay-gradient":""},"mobile":{"background-color":"var(--ast-global-color-5)","background-image":"","background-repeat":"repeat","background-position":"center center","background-size":"auto","background-attachment":"scroll","background-type":"","background-media":"","overlay-type":"","overlay-color":"","overlay-opacity":"","overlay-gradient":""}}},"product_brand":[],"product_cat":[28],"product_tag":[],"class_list":{"0":"post-4993","1":"product","2":"type-product","3":"status-publish","4":"has-post-thumbnail","6":"product_cat-sarms","7":"desktop-align-left","8":"tablet-align-center","9":"mobile-align-center","11":"first","12":"instock","13":"shipping-taxable","14":"purchasable","15":"product-type-simple"},"_links":{"self":[{"href":"https:\/\/www.olympia-anabolic.pl\/poland\/wp-json\/wp\/v2\/product\/4993","targetHints":{"allow":["GET"]}}],"collection":[{"href":"https:\/\/www.olympia-anabolic.pl\/poland\/wp-json\/wp\/v2\/product"}],"about":[{"href":"https:\/\/www.olympia-anabolic.pl\/poland\/wp-json\/wp\/v2\/types\/product"}],"wp:featuredmedia":[{"embeddable":true,"href":"https:\/\/www.olympia-anabolic.pl\/poland\/wp-json\/wp\/v2\/media\/5201"}],"wp:attachment":[{"href":"https:\/\/www.olympia-anabolic.pl\/poland\/wp-json\/wp\/v2\/media?parent=4993"}],"wp:term":[{"taxonomy":"product_brand","embeddable":true,"href":"https:\/\/www.olympia-anabolic.pl\/poland\/wp-json\/wp\/v2\/product_brand?post=4993"},{"taxonomy":"product_cat","embeddable":true,"href":"https:\/\/www.olympia-anabolic.pl\/poland\/wp-json\/wp\/v2\/product_cat?post=4993"},{"taxonomy":"product_tag","embeddable":true,"href":"https:\/\/www.olympia-anabolic.pl\/poland\/wp-json\/wp\/v2\/product_tag?post=4993"}],"curies":[{"name":"wp","href":"https:\/\/api.w.org\/{rel}","templated":true}]}}