{"id":5238,"date":"2025-04-15T09:47:53","date_gmt":"2025-04-15T09:47:53","guid":{"rendered":"https:\/\/nikeshupadhyay.com\/olympia\/?post_type=product&#038;p=5238"},"modified":"2025-05-03T12:59:56","modified_gmt":"2025-05-03T12:59:56","slug":"ghrp-6","status":"publish","type":"product","link":"https:\/\/www.olympia-anabolic.pl\/poland\/product\/ghrp-6\/","title":{"rendered":"Ghrp-6"},"content":{"rendered":"<p><script src=\"https:\/\/cdn.tailwindcss.com\"><span data-mce-type=\"bookmark\" style=\"display: inline-block; width: 0px; overflow: hidden; line-height: 0;\" class=\"mce_SELRES_start\">\ufeff<\/span><\/script><\/p>\n<div class=\"flex justify-center items-center min-h-screen bg-black p-4 rounded-1\">\n<div class=\"bg-dark-900 text-white rounded-xl p-6 max-w-4xl w-full flex flex-col md:flex-row gap-6\">\n<p><!-- Description Section --><\/p>\n<div class=\"flex-1 flex flex-col justify-center items-start text-start\">\n<p class=\"description\"> Opis<\/p>\n<p><span style=\"font-weight: 400;\">GHRP-6 to syntetyczny heksapeptyd, kt\u00f3ry dzia\u0142a na receptor greliny, stymuluj\u0105c endogenne uwalnianie GH. Jest badany pod k\u0105tem jego roli w regulacji apetytu, procesach anabolicznych i zwi\u0119kszaniu pulsacji GH w badaniach endokrynologicznych.<\/span><\/p>\n<\/div>\n<div class=\"bg-gray-800 p-6 rounded-lg flex-1\">\n<p class=\"properties\">W\u0142a\u015bciwo\u015bci <\/p>\n<div class=\"space-y-3 text-gray-300 text-sm\">\n<p><span class=\"font-semibold\"><span style=\"font-weight: 400;\">Synonimy<\/span> :<\/span> <span style=\"font-weight: 400;\">\u00a0Heksapeptyd uwalniaj\u0105cy hormon wzrostu, GHRP-6.<\/span><\/p>\n<hr \/>\n<p class=\"bg-gray-700 p-3 rounded-md text-sm\"><span class=\"font-semibold\"><span style=\"font-weight: 400;\">Prezentacja <\/span>: <span style=\"font-weight: 400;\">5 liofilizowanych fiolek + 10 ml wody bakteriostatycznej.<\/span><\/span><\/p>\n<hr \/>\n<p><span class=\"font-semibold\"><span style=\"font-weight: 400;\">Zalecana dawka<\/span> : <span style=\"font-weight: 400;\">Jak wskazano w protokole bada\u0144.<\/span><\/span><\/p>\n<hr \/>\n<p class=\"bg-gray-700 p-3 rounded-md text-sm\"><span class=\"font-semibold\"><span style=\"font-weight: 400;\">Ca\u0142kowita ilo\u015b\u0107 sk\u0142adnik\u00f3w aktywnych<\/span> : <span style=\"font-weight: 400;\">5 mg na fiolk\u0119.<\/span><\/span><\/p>\n<hr \/>\n<p><span class=\"font-semibold\">Okres przydatno\u015bci: 24 miesi\u0105ce.<\/span><\/p>\n<p>&nbsp;<\/p>\n<\/div>\n<div class=\"warning\" style=\"font-weight: 400;\">\n<p><strong data-start=\"51\" data-end=\"63\">Ostrze\u017cenie:<\/strong> Tylko do cel\u00f3w badawczych. Nie jest przeznaczony dla os\u00f3b poni\u017cej 21 roku \u017cycia. Stosowa\u0107 wy\u0142\u0105cznie pod nadzorem wykwalifikowanego pracownika s\u0142u\u017cby zdrowia.<\/p>\n<\/div>\n<\/div>\n<\/div>\n<\/div>\n","protected":false},"excerpt":{"rendered":"<p><strong>GHRP-6<\/strong> to syntetyczny heksapeptyd, kt\u00f3ry oddzia\u0142uje na receptor greliny, stymuluj\u0105c uwalnianie endogennego hormonu wzrostu.<\/p>\n<p>&nbsp;<\/p>\n<p>&nbsp;<\/p>\n<div class=\"disclaimer\" style=\"border: 1px solid black; border-radius: 20px; font-size: 15px; padding: 10px;\"><strong>Zastrze\u017cenie FDA:<\/strong> Produkty s\u0105 przeznaczone wy\u0142\u0105cznie do bada\u0144 laboratoryjnych. O\u015bwiadczenia nie zosta\u0142y ocenione przez FDA i nie maj\u0105 na celu diagnozowania, leczenia ani zapobiegania jakiejkolwiek chorobie. Ten produkt b\u0119dzie dost\u0119pny wy\u0142\u0105cznie na recept\u0119 wystawionej przez zarejestrowanego pracownika s\u0142u\u017cby zdrowia.<\/div>\n","protected":false},"featured_media":5239,"template":"","meta":{"site-sidebar-layout":"default","site-content-layout":"default","ast-site-content-layout":"default","site-content-style":"default","site-sidebar-style":"default","ast-global-header-display":"","ast-banner-title-visibility":"","ast-main-header-display":"","ast-hfb-above-header-display":"","ast-hfb-below-header-display":"","ast-hfb-mobile-header-display":"","site-post-title":"","ast-breadcrumbs-content":"","ast-featured-img":"","footer-sml-layout":"","theme-transparent-header-meta":"default","adv-header-id-meta":"","stick-header-meta":"","header-above-stick-meta":"","header-main-stick-meta":"","header-below-stick-meta":"","astra-migrate-meta-layouts":"set","ast-page-background-enabled":"default","ast-page-background-meta":{"desktop":{"background-color":"","background-image":"","background-repeat":"repeat","background-position":"center center","background-size":"auto","background-attachment":"scroll","background-type":"","background-media":"","overlay-type":"","overlay-color":"","overlay-opacity":"","overlay-gradient":""},"tablet":{"background-color":"","background-image":"","background-repeat":"repeat","background-position":"center center","background-size":"auto","background-attachment":"scroll","background-type":"","background-media":"","overlay-type":"","overlay-color":"","overlay-opacity":"","overlay-gradient":""},"mobile":{"background-color":"","background-image":"","background-repeat":"repeat","background-position":"center center","background-size":"auto","background-attachment":"scroll","background-type":"","background-media":"","overlay-type":"","overlay-color":"","overlay-opacity":"","overlay-gradient":""}},"ast-content-background-meta":{"desktop":{"background-color":"var(--ast-global-color-5)","background-image":"","background-repeat":"repeat","background-position":"center center","background-size":"auto","background-attachment":"scroll","background-type":"","background-media":"","overlay-type":"","overlay-color":"","overlay-opacity":"","overlay-gradient":""},"tablet":{"background-color":"var(--ast-global-color-5)","background-image":"","background-repeat":"repeat","background-position":"center center","background-size":"auto","background-attachment":"scroll","background-type":"","background-media":"","overlay-type":"","overlay-color":"","overlay-opacity":"","overlay-gradient":""},"mobile":{"background-color":"var(--ast-global-color-5)","background-image":"","background-repeat":"repeat","background-position":"center center","background-size":"auto","background-attachment":"scroll","background-type":"","background-media":"","overlay-type":"","overlay-color":"","overlay-opacity":"","overlay-gradient":""}}},"product_brand":[],"product_cat":[30],"product_tag":[],"class_list":{"0":"post-5238","1":"product","2":"type-product","3":"status-publish","4":"has-post-thumbnail","6":"product_cat-peptides","7":"desktop-align-left","8":"tablet-align-center","9":"mobile-align-center","11":"first","12":"instock","13":"shipping-taxable","14":"purchasable","15":"product-type-simple"},"_links":{"self":[{"href":"https:\/\/www.olympia-anabolic.pl\/poland\/wp-json\/wp\/v2\/product\/5238","targetHints":{"allow":["GET"]}}],"collection":[{"href":"https:\/\/www.olympia-anabolic.pl\/poland\/wp-json\/wp\/v2\/product"}],"about":[{"href":"https:\/\/www.olympia-anabolic.pl\/poland\/wp-json\/wp\/v2\/types\/product"}],"wp:featuredmedia":[{"embeddable":true,"href":"https:\/\/www.olympia-anabolic.pl\/poland\/wp-json\/wp\/v2\/media\/5239"}],"wp:attachment":[{"href":"https:\/\/www.olympia-anabolic.pl\/poland\/wp-json\/wp\/v2\/media?parent=5238"}],"wp:term":[{"taxonomy":"product_brand","embeddable":true,"href":"https:\/\/www.olympia-anabolic.pl\/poland\/wp-json\/wp\/v2\/product_brand?post=5238"},{"taxonomy":"product_cat","embeddable":true,"href":"https:\/\/www.olympia-anabolic.pl\/poland\/wp-json\/wp\/v2\/product_cat?post=5238"},{"taxonomy":"product_tag","embeddable":true,"href":"https:\/\/www.olympia-anabolic.pl\/poland\/wp-json\/wp\/v2\/product_tag?post=5238"}],"curies":[{"name":"wp","href":"https:\/\/api.w.org\/{rel}","templated":true}]}}