{"id":5739,"date":"2025-04-17T13:11:37","date_gmt":"2025-04-17T13:11:37","guid":{"rendered":"https:\/\/nikeshupadhyay.com\/olympia\/?post_type=product&#038;p=5739"},"modified":"2025-05-04T11:49:27","modified_gmt":"2025-05-04T11:49:27","slug":"amino-blend","status":"publish","type":"product","link":"https:\/\/www.olympia-anabolic.pl\/poland\/product\/amino-blend\/","title":{"rendered":"AMINO BLEND &#8211; 250"},"content":{"rendered":"<p><script src=\"https:\/\/cdn.tailwindcss.com\"><span data-mce-type=\"bookmark\" style=\"display: inline-block; width: 0px; overflow: hidden; line-height: 0;\" class=\"mce_SELRES_start\">\ufeff<\/span><\/script><\/p>\n<div class=\"flex justify-center items-center min-h-screen bg-black p-4 rounded-1\">\n<div class=\"bg-dark-900 text-white rounded-xl p-6 max-w-4xl w-full flex flex-col md:flex-row gap-6\">\n<p><!-- Description Section --><\/p>\n<div class=\"flex-1 flex flex-col justify-center items-start text-start\">\n<p class=\"description\"> Opis<\/p>\n<p class=\"text-gray-300 text-sm leading-relaxed\">Amino Blend &#8211; Odblokuj pe\u0142ny potencja\u0142 treningu i regeneracji dzi\u0119ki Amino Blend 250 mg \u2013 precyzyjnie opracowanemu roztworowi do wstrzykiwa\u0144, zaprojektowanemu tak, aby dostarcza\u0107 siln\u0105 mieszank\u0119 niezb\u0119dnych i warunkowo niezb\u0119dnych aminokwas\u00f3w bezpo\u015brednio do Twojego organizmu. Ka\u017cda dawka dostarcza 250 mg aminokwas\u00f3w wspomagaj\u0105cych mi\u0119\u015bnie, co sprzyja szybszej regeneracji, zmniejszeniu zm\u0119czenia i poprawie wytrzyma\u0142o\u015bci.<\/p>\n<\/div>\n<p><!-- Properties Section --><\/p>\n<div class=\"bg-gray-800 p-6 rounded-lg flex-1\">\n<p class=\"properties\">W\u0142a\u015bciwo\u015bci <\/p>\n<div class=\"space-y-3 text-gray-300 text-sm\">\n<p class=\"bg-gray-700 p-3 rounded-md text-sm\"><span class=\"font-semibold\">St\u0119\u017cenie:<\/span> 250 mg\/ml<\/p>\n<hr \/>\n<p  > Sk\u0142adniki chemiczne:<\/p>\n<ul>\n<li style=\"list-style-type: none;\">\n<ul>\n<li style=\"font-weight: 400;\" aria-level=\"2\"><span style=\"font-weight: 400;\">L-arginina.<\/span><\/li>\n<li style=\"font-weight: 400;\" aria-level=\"2\"><span style=\"font-weight: 400;\">L-cytrulina, L-leucyna.<\/span><\/li>\n<li style=\"font-weight: 400;\" aria-level=\"2\"><span style=\"font-weight: 400;\">L-glutamina, L-karnityna.<\/span><\/li>\n<\/ul>\n<\/li>\n<\/ul>\n<p><\/span><\/p>\n<hr \/>\n<p class=\"bg-gray-700 p-3 rounded-md text-sm\"><span class=\"font-semibold\">Ca\u0142kowita zawarto\u015b\u0107 sk\u0142adnik\u00f3w aktywnych: <\/span>Mieszanka aminokwas\u00f3w = 250 mg \u00d7 10 ml = 2500 mg = 2,5 g<\/p>\n<hr \/>\n<p  >Wz\u00f3r chemiczny Mieszany: <\/p>\n<ul>\n<li style=\"list-style-type: none;\">\n<ul>\n<li style=\"font-weight: 400;\" aria-level=\"2\"><span style=\"font-weight: 400;\">C6H14N4O2<\/span><\/li>\n<li style=\"font-weight: 400;\" aria-level=\"2\"><span style=\"font-weight: 400;\">C6H13NO2<\/span><\/li>\n<li style=\"font-weight: 400;\" aria-level=\"2\"><span style=\"font-weight: 400;\">C7H15NO3, etc.<\/span><\/li>\n<\/ul>\n<\/li>\n<\/ul>\n<hr \/>\n<p class=\"bg-gray-700 p-3 rounded-md text-sm\"><span class=\"font-semibold\">Ilo\u015b\u0107: <\/span>Fiolka 10 ml<\/p>\n<hr \/>\n<p>Okres przydatno\u015bci do spo\u017cycia :<\/span> 36 miesi\u0119cy.<\/p>\n<p>&nbsp;<\/p>\n<\/div>\n<div class=\"warning\" style=\"font-weight: 400;\">\n<p><strong data-start=\"51\" data-end=\"63\">Ostrze\u017cenie :<\/strong> Tylko do cel\u00f3w badawczych. Nie jest przeznaczony dla os\u00f3b poni\u017cej 21 roku \u017cycia. Stosowa\u0107 wy\u0142\u0105cznie pod nadzorem wykwalifikowanego pracownika s\u0142u\u017cby zdrowia.<\/p>\n<\/div>\n<\/div>\n<\/div>\n<\/div>\n","protected":false},"excerpt":{"rendered":"<p><strong>Amino Blend &#8211; 250 <\/strong> Odkryj pe\u0142ny potencja\u0142 swojego treningu i regeneracji dzi\u0119ki Amino Blend 250 mg \u2013 precyzyjnie opracowanemu roztworowi do wstrzykiwa\u0144, zaprojektowanemu tak, aby dostarcza\u0107 bezpo\u015brednio do organizmu siln\u0105 mieszank\u0119 niezb\u0119dnych i warunkowo niezb\u0119dnych aminokwas\u00f3w.<br \/>\n&nbsp;<\/p>\n<p>&nbsp;<\/p>\n<div class=\"disclaimer\" style=\"border: 1px solid black; border-radius: 20px; font-size: 15px; padding: 10px;\"><strong>Zastrze\u017cenie FDA:<\/strong> Produkty s\u0105 przeznaczone wy\u0142\u0105cznie do bada\u0144 laboratoryjnych. O\u015bwiadczenia nie zosta\u0142y ocenione przez FDA i nie maj\u0105 na celu diagnozowania, leczenia ani zapobiegania jakiejkolwiek chorobie. Ten produkt b\u0119dzie dost\u0119pny wy\u0142\u0105cznie na recept\u0119 wystawionej przez zarejestrowanego pracownika s\u0142u\u017cby zdrowia.<\/div>\n","protected":false},"featured_media":5740,"template":"","meta":{"site-sidebar-layout":"default","site-content-layout":"default","ast-site-content-layout":"default","site-content-style":"default","site-sidebar-style":"default","ast-global-header-display":"","ast-banner-title-visibility":"","ast-main-header-display":"","ast-hfb-above-header-display":"","ast-hfb-below-header-display":"","ast-hfb-mobile-header-display":"","site-post-title":"","ast-breadcrumbs-content":"","ast-featured-img":"","footer-sml-layout":"","theme-transparent-header-meta":"default","adv-header-id-meta":"","stick-header-meta":"","header-above-stick-meta":"","header-main-stick-meta":"","header-below-stick-meta":"","astra-migrate-meta-layouts":"set","ast-page-background-enabled":"default","ast-page-background-meta":{"desktop":{"background-color":"","background-image":"","background-repeat":"repeat","background-position":"center center","background-size":"auto","background-attachment":"scroll","background-type":"","background-media":"","overlay-type":"","overlay-color":"","overlay-opacity":"","overlay-gradient":""},"tablet":{"background-color":"","background-image":"","background-repeat":"repeat","background-position":"center center","background-size":"auto","background-attachment":"scroll","background-type":"","background-media":"","overlay-type":"","overlay-color":"","overlay-opacity":"","overlay-gradient":""},"mobile":{"background-color":"","background-image":"","background-repeat":"repeat","background-position":"center center","background-size":"auto","background-attachment":"scroll","background-type":"","background-media":"","overlay-type":"","overlay-color":"","overlay-opacity":"","overlay-gradient":""}},"ast-content-background-meta":{"desktop":{"background-color":"var(--ast-global-color-5)","background-image":"","background-repeat":"repeat","background-position":"center center","background-size":"auto","background-attachment":"scroll","background-type":"","background-media":"","overlay-type":"","overlay-color":"","overlay-opacity":"","overlay-gradient":""},"tablet":{"background-color":"var(--ast-global-color-5)","background-image":"","background-repeat":"repeat","background-position":"center center","background-size":"auto","background-attachment":"scroll","background-type":"","background-media":"","overlay-type":"","overlay-color":"","overlay-opacity":"","overlay-gradient":""},"mobile":{"background-color":"var(--ast-global-color-5)","background-image":"","background-repeat":"repeat","background-position":"center center","background-size":"auto","background-attachment":"scroll","background-type":"","background-media":"","overlay-type":"","overlay-color":"","overlay-opacity":"","overlay-gradient":""}}},"product_brand":[],"product_cat":[24,41,35],"product_tag":[],"class_list":{"0":"post-5739","1":"product","2":"type-product","3":"status-publish","4":"has-post-thumbnail","6":"product_cat-injectable","7":"product_cat-miglyol-base-aqua-base","8":"product_cat-trt","9":"desktop-align-left","10":"tablet-align-center","11":"mobile-align-center","13":"first","14":"instock","15":"shipping-taxable","16":"purchasable","17":"product-type-simple"},"_links":{"self":[{"href":"https:\/\/www.olympia-anabolic.pl\/poland\/wp-json\/wp\/v2\/product\/5739","targetHints":{"allow":["GET"]}}],"collection":[{"href":"https:\/\/www.olympia-anabolic.pl\/poland\/wp-json\/wp\/v2\/product"}],"about":[{"href":"https:\/\/www.olympia-anabolic.pl\/poland\/wp-json\/wp\/v2\/types\/product"}],"wp:featuredmedia":[{"embeddable":true,"href":"https:\/\/www.olympia-anabolic.pl\/poland\/wp-json\/wp\/v2\/media\/5740"}],"wp:attachment":[{"href":"https:\/\/www.olympia-anabolic.pl\/poland\/wp-json\/wp\/v2\/media?parent=5739"}],"wp:term":[{"taxonomy":"product_brand","embeddable":true,"href":"https:\/\/www.olympia-anabolic.pl\/poland\/wp-json\/wp\/v2\/product_brand?post=5739"},{"taxonomy":"product_cat","embeddable":true,"href":"https:\/\/www.olympia-anabolic.pl\/poland\/wp-json\/wp\/v2\/product_cat?post=5739"},{"taxonomy":"product_tag","embeddable":true,"href":"https:\/\/www.olympia-anabolic.pl\/poland\/wp-json\/wp\/v2\/product_tag?post=5739"}],"curies":[{"name":"wp","href":"https:\/\/api.w.org\/{rel}","templated":true}]}}