{"id":5764,"date":"2025-04-17T13:21:10","date_gmt":"2025-04-17T13:21:10","guid":{"rendered":"https:\/\/nikeshupadhyay.com\/olympia\/?post_type=product&#038;p=5764"},"modified":"2025-05-03T21:43:22","modified_gmt":"2025-05-03T21:43:22","slug":"test-c","status":"publish","type":"product","link":"https:\/\/www.olympia-anabolic.pl\/poland\/product\/test-c\/","title":{"rendered":"TEST C &#8211; 250"},"content":{"rendered":"<p><script src=\"https:\/\/cdn.tailwindcss.com\"><span data-mce-type=\"bookmark\" style=\"display: inline-block; width: 0px; overflow: hidden; line-height: 0;\" class=\"mce_SELRES_start\">\ufeff<\/span><\/script><\/p>\n<div class=\"flex justify-center items-center min-h-screen bg-black p-4 rounded-1\">\n<div class=\"bg-dark-900 text-white rounded-xl p-6 max-w-4xl w-full flex flex-col md:flex-row gap-6\">\n<p><!-- Description Section --><\/p>\n<div class=\"flex-1 flex flex-col justify-center items-start text-start\">\n<p class=\"description\"> Opis<\/p>\n<p class=\"text-gray-300 text-sm leading-relaxed\">Testosteron Cypionate to d\u0142ugo dzia\u0142aj\u0105cy ester idealny do bezt\u0142uszczowej masy mi\u0119\u015bniowej i cykli masowych. Cz\u0119sto \u0142\u0105czy si\u0119 go z innymi sterydami anabolicznymi, takimi jak Boldenone lub Deca Durabolin, aby zwi\u0119kszy\u0107 rezultaty. Jego wyd\u0142u\u017cony okres p\u00f3\u0142trwania i powolne uwalnianie zapewniaj\u0105 d\u0142ugotrwa\u0142y efekt, umo\u017cliwiaj\u0105c rzadsze zastrzyki przy jednoczesnym utrzymaniu stabilnego poziomu hormon\u00f3w w organizmie.<\/p>\n<\/div>\n<p><!-- Properties Section --><\/p>\n<div class=\"bg-gray-800 p-6 rounded-lg flex-1\">\n<p class=\"properties\">W\u0142a\u015bciwo\u015bci <\/p>\n<div class=\"space-y-3 text-gray-300 text-sm\">\n<p><span style=\"font-weight: 400;\">Koncentracja: 250 mg\/ml<\/span><\/p>\n<hr \/>\n<p class=\"bg-gray-700 p-3 rounded-md text-sm\"><span style=\"font-weight: 400;\">Ca\u0142kowita zawarto\u015b\u0107 substancji czynnych: Testosteron cypionate = 250 mg \u00d7 10 ml = 2500 mg = 2,5 g<\/span><\/p>\n<hr \/>\n<p><span style=\"font-weight: 400;\">Nazwa chemiczna: Cypionian testosteronu.<\/span><\/p>\n<hr \/>\n<p class=\"bg-gray-700 p-3 rounded-md text-sm\"><span style=\"font-weight: 400;\">Wz\u00f3r chemiczny: C27H40O3<\/span><\/p>\n<hr \/>\n<p><span style=\"font-weight: 400;\">Masa molowa: 412,6 g\/mol<\/span><\/p>\n<hr \/>\n<p class=\"bg-gray-700 p-3 rounded-md text-sm\"><span class=\"font-semibold\">Okres przydatno\u015bci do spo\u017cycia :<\/span> 36 miesi\u0119cy.<\/p>\n<p>&nbsp;<\/p>\n<\/div>\n<div class=\"warning\" style=\"font-weight: 400;\">\n<p><strong data-start=\"51\" data-end=\"63\">Ostrze\u017cenie:<\/strong> Tylko do cel\u00f3w badawczych. Nie jest przeznaczony dla os\u00f3b poni\u017cej 21 roku \u017cycia. Stosowa\u0107 wy\u0142\u0105cznie pod nadzorem wykwalifikowanego pracownika s\u0142u\u017cby zdrowia.<\/p>\n<\/div>\n<\/div>\n<\/div>\n<\/div>\n","protected":false},"excerpt":{"rendered":"<p><strong>Cypionian testosteronu<\/strong> jest d\u0142ugo dzia\u0142aj\u0105cym estrem idealnym do bezt\u0142uszczowej masy mi\u0119\u015bniowej i cykli masowych. Cz\u0119sto jest \u0142\u0105czony z innymi sterydami anabolicznymi, takimi jak Boldenone lub Deca Durabolin, aby zwi\u0119kszy\u0107 rezultaty.<\/p>\n<p>&nbsp;<\/p>\n<p>&nbsp;<\/p>\n<div class=\"disclaimer\" style=\"border: 1px solid black; border-radius: 20px; font-size: 15px; padding: 10px;\"><strong>Zastrze\u017cenie FDA :<\/strong> Produkty s\u0105 przeznaczone wy\u0142\u0105cznie do bada\u0144 laboratoryjnych. O\u015bwiadczenia nie zosta\u0142y ocenione przez FDA i nie maj\u0105 na celu diagnozowania, leczenia ani zapobiegania jakiejkolwiek chorobie. Ten produkt b\u0119dzie dost\u0119pny wy\u0142\u0105cznie na recept\u0119 wystawionej przez zarejestrowanego pracownika s\u0142u\u017cby zdrowia.<\/div>\n","protected":false},"featured_media":5766,"template":"","meta":{"site-sidebar-layout":"default","site-content-layout":"default","ast-site-content-layout":"default","site-content-style":"default","site-sidebar-style":"default","ast-global-header-display":"","ast-banner-title-visibility":"","ast-main-header-display":"","ast-hfb-above-header-display":"","ast-hfb-below-header-display":"","ast-hfb-mobile-header-display":"","site-post-title":"","ast-breadcrumbs-content":"","ast-featured-img":"","footer-sml-layout":"","theme-transparent-header-meta":"default","adv-header-id-meta":"","stick-header-meta":"","header-above-stick-meta":"","header-main-stick-meta":"","header-below-stick-meta":"","astra-migrate-meta-layouts":"set","ast-page-background-enabled":"default","ast-page-background-meta":{"desktop":{"background-color":"","background-image":"","background-repeat":"repeat","background-position":"center center","background-size":"auto","background-attachment":"scroll","background-type":"","background-media":"","overlay-type":"","overlay-color":"","overlay-opacity":"","overlay-gradient":""},"tablet":{"background-color":"","background-image":"","background-repeat":"repeat","background-position":"center center","background-size":"auto","background-attachment":"scroll","background-type":"","background-media":"","overlay-type":"","overlay-color":"","overlay-opacity":"","overlay-gradient":""},"mobile":{"background-color":"","background-image":"","background-repeat":"repeat","background-position":"center center","background-size":"auto","background-attachment":"scroll","background-type":"","background-media":"","overlay-type":"","overlay-color":"","overlay-opacity":"","overlay-gradient":""}},"ast-content-background-meta":{"desktop":{"background-color":"var(--ast-global-color-5)","background-image":"","background-repeat":"repeat","background-position":"center center","background-size":"auto","background-attachment":"scroll","background-type":"","background-media":"","overlay-type":"","overlay-color":"","overlay-opacity":"","overlay-gradient":""},"tablet":{"background-color":"var(--ast-global-color-5)","background-image":"","background-repeat":"repeat","background-position":"center center","background-size":"auto","background-attachment":"scroll","background-type":"","background-media":"","overlay-type":"","overlay-color":"","overlay-opacity":"","overlay-gradient":""},"mobile":{"background-color":"var(--ast-global-color-5)","background-image":"","background-repeat":"repeat","background-position":"center center","background-size":"auto","background-attachment":"scroll","background-type":"","background-media":"","overlay-type":"","overlay-color":"","overlay-opacity":"","overlay-gradient":""}}},"product_brand":[],"product_cat":[24,41,35],"product_tag":[],"class_list":{"0":"post-5764","1":"product","2":"type-product","3":"status-publish","4":"has-post-thumbnail","6":"product_cat-injectable","7":"product_cat-miglyol-base-aqua-base","8":"product_cat-trt","9":"desktop-align-left","10":"tablet-align-center","11":"mobile-align-center","13":"first","14":"instock","15":"shipping-taxable","16":"purchasable","17":"product-type-simple"},"_links":{"self":[{"href":"https:\/\/www.olympia-anabolic.pl\/poland\/wp-json\/wp\/v2\/product\/5764","targetHints":{"allow":["GET"]}}],"collection":[{"href":"https:\/\/www.olympia-anabolic.pl\/poland\/wp-json\/wp\/v2\/product"}],"about":[{"href":"https:\/\/www.olympia-anabolic.pl\/poland\/wp-json\/wp\/v2\/types\/product"}],"wp:featuredmedia":[{"embeddable":true,"href":"https:\/\/www.olympia-anabolic.pl\/poland\/wp-json\/wp\/v2\/media\/5766"}],"wp:attachment":[{"href":"https:\/\/www.olympia-anabolic.pl\/poland\/wp-json\/wp\/v2\/media?parent=5764"}],"wp:term":[{"taxonomy":"product_brand","embeddable":true,"href":"https:\/\/www.olympia-anabolic.pl\/poland\/wp-json\/wp\/v2\/product_brand?post=5764"},{"taxonomy":"product_cat","embeddable":true,"href":"https:\/\/www.olympia-anabolic.pl\/poland\/wp-json\/wp\/v2\/product_cat?post=5764"},{"taxonomy":"product_tag","embeddable":true,"href":"https:\/\/www.olympia-anabolic.pl\/poland\/wp-json\/wp\/v2\/product_tag?post=5764"}],"curies":[{"name":"wp","href":"https:\/\/api.w.org\/{rel}","templated":true}]}}